{"id":24492,"date":"2022-09-05T12:39:21","date_gmt":"2022-09-05T12:39:21","guid":{"rendered":"https:\/\/www.checkedholidays.com\/about-checkedholidays\/"},"modified":"2023-12-02T12:33:20","modified_gmt":"2023-12-02T12:33:20","slug":"about-checkedholidays","status":"publish","type":"page","link":"https:\/\/www.checkedholidays.com\/fi\/about-checkedholidays\/","title":{"rendered":"Tietoja CheckedHolidaysista"},"content":{"rendered":"\n<p class=\"wp-block-paragraph\">CheckedHolidays perustettiin vuonna 2012 sen j\u00e4lkeen, kun oli huomattu, ett\u00e4 internetiss\u00e4 oli paljon v\u00e4\u00e4r\u00e4\u00e4 tietoa Espanjan saarten lomista. T\u00e4m\u00e4 v\u00e4\u00e4r\u00e4nlainen tieto vaikutti kielteisesti ihmisten lomiin, joten teimme YouTube-videon oikaistaksemme t\u00e4m\u00e4n v\u00e4\u00e4r\u00e4n tiedon. Kun se otettiin esille ja esiteltiin Expressiss\u00e4, se saavutti yli 100 000 katsojaa. Siit\u00e4 saimme inspiraation tehd\u00e4 enemm\u00e4n!<\/p>\n\n<p class=\"has-text-align-center has-large-font-size wp-block-paragraph\"><strong>Ota yhteytt\u00e4<\/strong><\/p>\n\n<p class=\"has-text-align-center has-large-font-size wp-block-paragraph\"><strong>info(at)CheckedHolidays.com<\/strong><\/p>\n\n<h2 class=\"wp-block-heading\">Verkkosivusto<\/h2>\n\n<p class=\"wp-block-paragraph\">Vuosi 2019 oli verkkosivuston ensimm\u00e4inen kokonainen vuosi, ja se tavoitti noin 1 000 lukijaa kuukaudessa. Nyt, vuonna 2022, englanninkielisi\u00e4 lukijoita on kuukausittain yli 30 000.  <\/p>\n\n<p class=\"wp-block-paragraph\">Elokuusta 2022 l\u00e4htien sivusto on ollut saatavilla kaikilla t\u00e4rkeimmill\u00e4 eurooppalaisilla kielill\u00e4, mik\u00e4 on lis\u00e4nnyt lukijam\u00e4\u00e4r\u00e4\u00e4 entisest\u00e4\u00e4n.<\/p>\n\n<p class=\"wp-block-paragraph\">T\u00e4m\u00e4n verkkosivuston tavoitteena on vuonna 2023 auttaa yli henkil\u00f6\u00e4. <strong>\n  <span style=\"text-decoration: underline;\">PUOLI MILJOONAA<\/span>\n<\/strong> ihmisi\u00e4 viett\u00e4m\u00e4\u00e4n parempia lomia!<\/p>\n\n<figure class=\"wp-block-image size-large\"><img data-recalc-dims=\"1\" loading=\"lazy\" decoding=\"async\" width=\"1024\" height=\"233\" src=\"https:\/\/i0.wp.com\/www.checkedholidays.com\/wp-content\/uploads\/2023\/01\/Screenshot-2023-01-28-at-20.09.55.png?resize=1024%2C233&#038;ssl=1\" alt=\"\" class=\"wp-image-37413\" srcset=\"https:\/\/i0.wp.com\/www.checkedholidays.com\/wp-content\/uploads\/2023\/01\/Screenshot-2023-01-28-at-20.09.55.png?resize=1024%2C233&amp;ssl=1 1024w, https:\/\/i0.wp.com\/www.checkedholidays.com\/wp-content\/uploads\/2023\/01\/Screenshot-2023-01-28-at-20.09.55.png?resize=300%2C68&amp;ssl=1 300w, https:\/\/i0.wp.com\/www.checkedholidays.com\/wp-content\/uploads\/2023\/01\/Screenshot-2023-01-28-at-20.09.55.png?resize=768%2C175&amp;ssl=1 768w, https:\/\/i0.wp.com\/www.checkedholidays.com\/wp-content\/uploads\/2023\/01\/Screenshot-2023-01-28-at-20.09.55.png?resize=1536%2C350&amp;ssl=1 1536w, https:\/\/i0.wp.com\/www.checkedholidays.com\/wp-content\/uploads\/2023\/01\/Screenshot-2023-01-28-at-20.09.55.png?resize=1920%2C437&amp;ssl=1 1920w, https:\/\/i0.wp.com\/www.checkedholidays.com\/wp-content\/uploads\/2023\/01\/Screenshot-2023-01-28-at-20.09.55.png?resize=600%2C137&amp;ssl=1 600w, https:\/\/i0.wp.com\/www.checkedholidays.com\/wp-content\/uploads\/2023\/01\/Screenshot-2023-01-28-at-20.09.55.png?resize=800%2C182&amp;ssl=1 800w, https:\/\/i0.wp.com\/www.checkedholidays.com\/wp-content\/uploads\/2023\/01\/Screenshot-2023-01-28-at-20.09.55.png?w=1968&amp;ssl=1 1968w\" sizes=\"auto, (max-width: 1024px) 100vw, 1024px\" \/><\/figure>\n\n<h2 class=\"wp-block-heading\">YouTube<\/h2>\n\n<p class=\"wp-block-paragraph\"> <a href=\"http:\/\/youtube.com\/checkedholidays\">YouTube-kanava<\/a> aloitti vuonna 2012, mutta sai lis\u00e4\u00e4 videoita vasta vuonna 2015 ja viel\u00e4 enemm\u00e4n vuonna 2018. Vuonna 2020 katsojam\u00e4\u00e4r\u00e4t laskivat valtavasti matkustusrajoitusten vuoksi, mutta t\u00e4ll\u00e4 hetkell\u00e4 sill\u00e4 on kuukausittain yli 125 000 katsojaa, ja m\u00e4\u00e4r\u00e4 kasvaa jatkuvasti.<\/p>\n\n<figure class=\"wp-block-image size-large\"><img data-recalc-dims=\"1\" loading=\"lazy\" decoding=\"async\" width=\"1024\" height=\"230\" src=\"https:\/\/i0.wp.com\/www.checkedholidays.com\/wp-content\/uploads\/2023\/01\/Screenshot-2023-01-28-at-20.14.02.png?resize=1024%2C230&#038;ssl=1\" alt=\"\" class=\"wp-image-37429\" srcset=\"https:\/\/i0.wp.com\/www.checkedholidays.com\/wp-content\/uploads\/2023\/01\/Screenshot-2023-01-28-at-20.14.02.png?resize=1024%2C230&amp;ssl=1 1024w, https:\/\/i0.wp.com\/www.checkedholidays.com\/wp-content\/uploads\/2023\/01\/Screenshot-2023-01-28-at-20.14.02.png?resize=300%2C67&amp;ssl=1 300w, https:\/\/i0.wp.com\/www.checkedholidays.com\/wp-content\/uploads\/2023\/01\/Screenshot-2023-01-28-at-20.14.02.png?resize=768%2C172&amp;ssl=1 768w, https:\/\/i0.wp.com\/www.checkedholidays.com\/wp-content\/uploads\/2023\/01\/Screenshot-2023-01-28-at-20.14.02.png?resize=1536%2C345&amp;ssl=1 1536w, https:\/\/i0.wp.com\/www.checkedholidays.com\/wp-content\/uploads\/2023\/01\/Screenshot-2023-01-28-at-20.14.02.png?resize=2048%2C460&amp;ssl=1 2048w, https:\/\/i0.wp.com\/www.checkedholidays.com\/wp-content\/uploads\/2023\/01\/Screenshot-2023-01-28-at-20.14.02.png?resize=1920%2C431&amp;ssl=1 1920w, https:\/\/i0.wp.com\/www.checkedholidays.com\/wp-content\/uploads\/2023\/01\/Screenshot-2023-01-28-at-20.14.02.png?resize=600%2C135&amp;ssl=1 600w, https:\/\/i0.wp.com\/www.checkedholidays.com\/wp-content\/uploads\/2023\/01\/Screenshot-2023-01-28-at-20.14.02.png?resize=800%2C180&amp;ssl=1 800w, https:\/\/i0.wp.com\/www.checkedholidays.com\/wp-content\/uploads\/2023\/01\/Screenshot-2023-01-28-at-20.14.02.png?w=2388&amp;ssl=1 2388w\" sizes=\"auto, (max-width: 1024px) 100vw, 1024px\" \/><\/figure>\n\n<h2 class=\"wp-block-heading\">Yhteisty\u00f6 &amp; mainonta<\/h2>\n\n<p class=\"wp-block-paragraph\">CheckedHolidays.com-sivustolla puhumme lomakohteiden hyvist\u00e4 ja huonoista puolista antaaksemme parhaat lomaneuvot. Se on yksi syy siihen, ett\u00e4<strong> yh\u00e4 kasvava lukijakuntamme luottaa ja rakastaa<\/strong> sivustoamme. Jotta voisimme edelleen tarjota laadukasta ja riippumatonta lomaneuvontaa, emme tee maksullista mainontaa tuotteille tai palveluille, joihin emme usko. Jos kuitenkin luulet, ett\u00e4 olemme j\u00e4tt\u00e4neet huomiotta hotellisi, lomakohteesi, n\u00e4ht\u00e4vyytesi, retkesi tai palvelusi, ja haluat, ett\u00e4 sis\u00e4llyt\u00e4mme sen ilmaiseksi verkkosivuillemme. Ota meihin yhteytt\u00e4, ja henkil\u00f6kohtaisen tarkastuksen j\u00e4lkeen sinut voidaan ottaa mukaan.<\/p>\n\n<p class=\"has-text-align-center has-large-font-size wp-block-paragraph\"><strong>Ota yhteytt\u00e4<\/strong><\/p>\n\n<p class=\"has-text-align-center has-large-font-size wp-block-paragraph\"><strong>info(at)CheckedHolidays.com<\/strong><\/p>\n","protected":false},"excerpt":{"rendered":"<p>CheckedHolidays perustettiin vuonna 2012 sen j\u00e4lkeen, kun oli huomattu, ett\u00e4 internetiss\u00e4 oli paljon v\u00e4\u00e4r\u00e4\u00e4 tietoa Espanjan saarten lomista. T\u00e4m\u00e4 v\u00e4\u00e4r\u00e4nlainen tieto vaikutti kielteisesti ihmisten lomiin, joten teimme YouTube-videon oikaistaksemme t\u00e4m\u00e4n v\u00e4\u00e4r\u00e4n tiedon. Kun se otettiin esille ja esiteltiin Expressiss\u00e4, se saavutti yli 100 000 katsojaa. Siit\u00e4 saimme inspiraation tehd\u00e4 enemm\u00e4n! Ota yhteytt\u00e4 info(at)CheckedHolidays.com Verkkosivusto Vuosi [&hellip;]<\/p>\n","protected":false},"author":1,"featured_media":18800,"parent":0,"menu_order":0,"comment_status":"closed","ping_status":"closed","template":"","meta":{"_crdt_document":"","footnotes":""},"class_list":["post-24492","page","type-page","status-publish","has-post-thumbnail","hentry"],"yoast_head":"<!-- This site is optimized with the Yoast SEO plugin v27.2 - https:\/\/yoast.com\/product\/yoast-seo-wordpress\/ -->\n<title>Tietoja CheckedHolidaysista<\/title>\n<meta name=\"robots\" content=\"index, follow, max-snippet:-1, max-image-preview:large, max-video-preview:-1\" \/>\n<link rel=\"canonical\" href=\"https:\/\/www.checkedholidays.com\/fi\/about-checkedholidays\/\" \/>\n<meta property=\"og:locale\" content=\"fi_FI\" \/>\n<meta property=\"og:type\" content=\"article\" \/>\n<meta property=\"og:title\" content=\"Tietoja CheckedHolidaysista\" \/>\n<meta property=\"og:description\" content=\"CheckedHolidays perustettiin vuonna 2012 sen j\u00e4lkeen, kun oli huomattu, ett\u00e4 internetiss\u00e4 oli paljon v\u00e4\u00e4r\u00e4\u00e4 tietoa Espanjan saarten lomista. T\u00e4m\u00e4 v\u00e4\u00e4r\u00e4nlainen tieto vaikutti kielteisesti ihmisten lomiin, joten teimme YouTube-videon oikaistaksemme t\u00e4m\u00e4n v\u00e4\u00e4r\u00e4n tiedon. Kun se otettiin esille ja esiteltiin Expressiss\u00e4, se saavutti yli 100 000 katsojaa. Siit\u00e4 saimme inspiraation tehd\u00e4 enemm\u00e4n! Ota yhteytt\u00e4 info(at)CheckedHolidays.com Verkkosivusto Vuosi [&hellip;]\" \/>\n<meta property=\"og:url\" content=\"https:\/\/www.checkedholidays.com\/fi\/about-checkedholidays\/\" \/>\n<meta property=\"og:site_name\" content=\"CheckedHolidays\" \/>\n<meta property=\"article:publisher\" content=\"http:\/\/www.facebook.com\/checkedholidays\" \/>\n<meta property=\"article:modified_time\" content=\"2023-12-02T12:33:20+00:00\" \/>\n<meta property=\"og:image\" content=\"https:\/\/i0.wp.com\/www.checkedholidays.com\/wp-content\/uploads\/2022\/06\/Website-growth.png?fit=1874%2C452&ssl=1\" \/>\n\t<meta property=\"og:image:width\" content=\"1874\" \/>\n\t<meta property=\"og:image:height\" content=\"452\" \/>\n\t<meta property=\"og:image:type\" content=\"image\/png\" \/>\n<meta name=\"twitter:card\" content=\"summary_large_image\" \/>\n<meta name=\"twitter:site\" content=\"@checkedholidays\" \/>\n<meta name=\"twitter:label1\" content=\"Arvioitu lukuaika\" \/>\n\t<meta name=\"twitter:data1\" content=\"1 minuutti\" \/>\n<script type=\"application\/ld+json\" class=\"yoast-schema-graph\">{\"@context\":\"https:\/\/schema.org\",\"@graph\":[{\"@type\":\"WebPage\",\"@id\":\"https:\/\/www.checkedholidays.com\/fi\/about-checkedholidays\/\",\"url\":\"https:\/\/www.checkedholidays.com\/fi\/about-checkedholidays\/\",\"name\":\"Tietoja CheckedHolidaysista\",\"isPartOf\":{\"@id\":\"https:\/\/www.checkedholidays.com\/fi\/#website\"},\"primaryImageOfPage\":{\"@id\":\"https:\/\/www.checkedholidays.com\/fi\/about-checkedholidays\/#primaryimage\"},\"image\":{\"@id\":\"https:\/\/www.checkedholidays.com\/fi\/about-checkedholidays\/#primaryimage\"},\"thumbnailUrl\":\"https:\/\/i0.wp.com\/www.checkedholidays.com\/wp-content\/uploads\/2022\/06\/Website-growth.png?fit=1874%2C452&ssl=1\",\"datePublished\":\"2022-09-05T12:39:21+00:00\",\"dateModified\":\"2023-12-02T12:33:20+00:00\",\"breadcrumb\":{\"@id\":\"https:\/\/www.checkedholidays.com\/fi\/about-checkedholidays\/#breadcrumb\"},\"inLanguage\":\"fi\",\"potentialAction\":[{\"@type\":\"ReadAction\",\"target\":[\"https:\/\/www.checkedholidays.com\/fi\/about-checkedholidays\/\"]}]},{\"@type\":\"ImageObject\",\"inLanguage\":\"fi\",\"@id\":\"https:\/\/www.checkedholidays.com\/fi\/about-checkedholidays\/#primaryimage\",\"url\":\"https:\/\/i0.wp.com\/www.checkedholidays.com\/wp-content\/uploads\/2022\/06\/Website-growth.png?fit=1874%2C452&ssl=1\",\"contentUrl\":\"https:\/\/i0.wp.com\/www.checkedholidays.com\/wp-content\/uploads\/2022\/06\/Website-growth.png?fit=1874%2C452&ssl=1\",\"width\":1874,\"height\":452},{\"@type\":\"BreadcrumbList\",\"@id\":\"https:\/\/www.checkedholidays.com\/fi\/about-checkedholidays\/#breadcrumb\",\"itemListElement\":[{\"@type\":\"ListItem\",\"position\":1,\"name\":\"Home\",\"item\":\"https:\/\/www.checkedholidays.com\/fi\/\"},{\"@type\":\"ListItem\",\"position\":2,\"name\":\"Tietoja CheckedHolidaysista\"}]},{\"@type\":\"WebSite\",\"@id\":\"https:\/\/www.checkedholidays.com\/fi\/#website\",\"url\":\"https:\/\/www.checkedholidays.com\/fi\/\",\"name\":\"CheckedHolidays\",\"description\":\"Spanish island holidays... but better!\",\"potentialAction\":[{\"@type\":\"SearchAction\",\"target\":{\"@type\":\"EntryPoint\",\"urlTemplate\":\"https:\/\/www.checkedholidays.com\/fi\/?s={search_term_string}\"},\"query-input\":{\"@type\":\"PropertyValueSpecification\",\"valueRequired\":true,\"valueName\":\"search_term_string\"}}],\"inLanguage\":\"fi\"}]}<\/script>\n<!-- \/ Yoast SEO plugin. -->","yoast_head_json":{"title":"Tietoja CheckedHolidaysista","robots":{"index":"index","follow":"follow","max-snippet":"max-snippet:-1","max-image-preview":"max-image-preview:large","max-video-preview":"max-video-preview:-1"},"canonical":"https:\/\/www.checkedholidays.com\/fi\/about-checkedholidays\/","og_locale":"fi_FI","og_type":"article","og_title":"Tietoja CheckedHolidaysista","og_description":"CheckedHolidays perustettiin vuonna 2012 sen j\u00e4lkeen, kun oli huomattu, ett\u00e4 internetiss\u00e4 oli paljon v\u00e4\u00e4r\u00e4\u00e4 tietoa Espanjan saarten lomista. T\u00e4m\u00e4 v\u00e4\u00e4r\u00e4nlainen tieto vaikutti kielteisesti ihmisten lomiin, joten teimme YouTube-videon oikaistaksemme t\u00e4m\u00e4n v\u00e4\u00e4r\u00e4n tiedon. Kun se otettiin esille ja esiteltiin Expressiss\u00e4, se saavutti yli 100 000 katsojaa. Siit\u00e4 saimme inspiraation tehd\u00e4 enemm\u00e4n! Ota yhteytt\u00e4 info(at)CheckedHolidays.com Verkkosivusto Vuosi [&hellip;]","og_url":"https:\/\/www.checkedholidays.com\/fi\/about-checkedholidays\/","og_site_name":"CheckedHolidays","article_publisher":"http:\/\/www.facebook.com\/checkedholidays","article_modified_time":"2023-12-02T12:33:20+00:00","og_image":[{"width":1874,"height":452,"url":"https:\/\/i0.wp.com\/www.checkedholidays.com\/wp-content\/uploads\/2022\/06\/Website-growth.png?fit=1874%2C452&ssl=1","type":"image\/png"}],"twitter_card":"summary_large_image","twitter_site":"@checkedholidays","twitter_misc":{"Arvioitu lukuaika":"1 minuutti"},"schema":{"@context":"https:\/\/schema.org","@graph":[{"@type":"WebPage","@id":"https:\/\/www.checkedholidays.com\/fi\/about-checkedholidays\/","url":"https:\/\/www.checkedholidays.com\/fi\/about-checkedholidays\/","name":"Tietoja CheckedHolidaysista","isPartOf":{"@id":"https:\/\/www.checkedholidays.com\/fi\/#website"},"primaryImageOfPage":{"@id":"https:\/\/www.checkedholidays.com\/fi\/about-checkedholidays\/#primaryimage"},"image":{"@id":"https:\/\/www.checkedholidays.com\/fi\/about-checkedholidays\/#primaryimage"},"thumbnailUrl":"https:\/\/i0.wp.com\/www.checkedholidays.com\/wp-content\/uploads\/2022\/06\/Website-growth.png?fit=1874%2C452&ssl=1","datePublished":"2022-09-05T12:39:21+00:00","dateModified":"2023-12-02T12:33:20+00:00","breadcrumb":{"@id":"https:\/\/www.checkedholidays.com\/fi\/about-checkedholidays\/#breadcrumb"},"inLanguage":"fi","potentialAction":[{"@type":"ReadAction","target":["https:\/\/www.checkedholidays.com\/fi\/about-checkedholidays\/"]}]},{"@type":"ImageObject","inLanguage":"fi","@id":"https:\/\/www.checkedholidays.com\/fi\/about-checkedholidays\/#primaryimage","url":"https:\/\/i0.wp.com\/www.checkedholidays.com\/wp-content\/uploads\/2022\/06\/Website-growth.png?fit=1874%2C452&ssl=1","contentUrl":"https:\/\/i0.wp.com\/www.checkedholidays.com\/wp-content\/uploads\/2022\/06\/Website-growth.png?fit=1874%2C452&ssl=1","width":1874,"height":452},{"@type":"BreadcrumbList","@id":"https:\/\/www.checkedholidays.com\/fi\/about-checkedholidays\/#breadcrumb","itemListElement":[{"@type":"ListItem","position":1,"name":"Home","item":"https:\/\/www.checkedholidays.com\/fi\/"},{"@type":"ListItem","position":2,"name":"Tietoja CheckedHolidaysista"}]},{"@type":"WebSite","@id":"https:\/\/www.checkedholidays.com\/fi\/#website","url":"https:\/\/www.checkedholidays.com\/fi\/","name":"CheckedHolidays","description":"Spanish island holidays... but better!","potentialAction":[{"@type":"SearchAction","target":{"@type":"EntryPoint","urlTemplate":"https:\/\/www.checkedholidays.com\/fi\/?s={search_term_string}"},"query-input":{"@type":"PropertyValueSpecification","valueRequired":true,"valueName":"search_term_string"}}],"inLanguage":"fi"}]}},"jetpack_sharing_enabled":true,"_links":{"self":[{"href":"https:\/\/www.checkedholidays.com\/fi\/wp-json\/wp\/v2\/pages\/24492","targetHints":{"allow":["GET"]}}],"collection":[{"href":"https:\/\/www.checkedholidays.com\/fi\/wp-json\/wp\/v2\/pages"}],"about":[{"href":"https:\/\/www.checkedholidays.com\/fi\/wp-json\/wp\/v2\/types\/page"}],"author":[{"embeddable":true,"href":"https:\/\/www.checkedholidays.com\/fi\/wp-json\/wp\/v2\/users\/1"}],"replies":[{"embeddable":true,"href":"https:\/\/www.checkedholidays.com\/fi\/wp-json\/wp\/v2\/comments?post=24492"}],"version-history":[{"count":4,"href":"https:\/\/www.checkedholidays.com\/fi\/wp-json\/wp\/v2\/pages\/24492\/revisions"}],"predecessor-version":[{"id":78405,"href":"https:\/\/www.checkedholidays.com\/fi\/wp-json\/wp\/v2\/pages\/24492\/revisions\/78405"}],"wp:featuredmedia":[{"embeddable":true,"href":"https:\/\/www.checkedholidays.com\/fi\/wp-json\/wp\/v2\/media\/18800"}],"wp:attachment":[{"href":"https:\/\/www.checkedholidays.com\/fi\/wp-json\/wp\/v2\/media?parent=24492"}],"curies":[{"name":"wp","href":"https:\/\/api.w.org\/{rel}","templated":true}]}}