{"id":24452,"date":"2022-09-05T12:34:30","date_gmt":"2022-09-05T12:34:30","guid":{"rendered":"https:\/\/www.checkedholidays.com\/tietoja\/"},"modified":"2022-09-05T12:34:35","modified_gmt":"2022-09-05T12:34:35","slug":"tietoja","status":"publish","type":"page","link":"https:\/\/www.checkedholidays.com\/fi\/tietoja\/","title":{"rendered":"Tietoa minusta"},"content":{"rendered":"\n<p class=\"has-text-align-left wp-block-paragraph\">Kyll\u00e4, CheckHolidays olen min\u00e4, tavallinen tosiel\u00e4m\u00e4n ihminen&#8230; oikea nimeni on Ive. Kirjoitan, kuvaan, editoin, luon ja julkaisen kaikki lomaoppaat (99 %) itse. Mutta kun aloitin, halusin nimen, joka n\u00e4ytti &#8220;ammattimaiselta&#8221;&#8230; nyt olen jumissa sen kanssa. T\u00e4ll\u00e4 sivulla haluan siis kertoa teille hieman enemm\u00e4n itsest\u00e4ni ja osoittaa, ett\u00e4 olen vain tavallinen ihminen, josta olosuhteiden pakosta tuli yksi Espanjan saarten merkitt\u00e4vimmist\u00e4 lomaneuvojista.  <\/p>\n<div class=\"wp-block-image\">\n<figure class=\"aligncenter is-resized\"><img loading=\"lazy\" decoding=\"async\" src=\"https:\/\/i1.wp.com\/www.checkedholidays.com\/wp-content\/uploads\/2019\/03\/IMG_20141017_152816-MOTION.gif?fit=768%2C1024&amp;ssl=1\" alt=\"\" class=\"wp-image-3075\" width=\"384\" height=\"512\"\/><figcaption class=\"wp-element-caption\">15 vuotta Espanjassa: Satunnainen uinti<\/figcaption><\/figure>\n<\/div>\n<p class=\"has-text-align-left wp-block-paragraph\">Kaikki t\u00e4m\u00e4 alkoi sen j\u00e4lkeen, kun olin asunut ja ty\u00f6skennellyt ymp\u00e4ri Espanjaa hotelliviihdytt\u00e4j\u00e4n\u00e4, baarimikkona, kameramiehen\u00e4 ja \u00e4\u00e4niteknikkona yli 15 vuoden ajan. Mutta tehty\u00e4ni useita vuosia erilaisia t\u00f6it\u00e4 eri puolilla Espanjan saaria minun oli vaikea l\u00f6yt\u00e4\u00e4 sellaista ty\u00f6t\u00e4, jonka tekemisest\u00e4 nautin ja jota kohtaan tunsin intohimoa.<\/p>\n\n<p class=\"has-text-align-left wp-block-paragraph\">Joten istuin alas ja yritin mietti\u00e4, mist\u00e4 nautin. Kun muistelin jo tekemi\u00e4ni t\u00f6it\u00e4, mieleeni tuli kaksi asiaa, joista todella nautin. N\u00e4m\u00e4 antoivat ihmisille hienon loman ja loivat asioita. Molempia n\u00e4ist\u00e4 tein aiemmissa t\u00f6iss\u00e4ni, mutta en tietenk\u00e4\u00e4n voinut ty\u00f6skennell\u00e4 ikuisesti yli 30-vuotiaana hotelliviihdytt\u00e4j\u00e4n\u00e4. Jonkin ajan kuluttua siit\u00e4 tulee outoa. Niinp\u00e4 p\u00e4\u00e4tin aloittaa kokonaan YouTube-kanavallani, jossa oli tuolloin vain viisi videota Mallorcasta, jotta n\u00e4kisin, onnistuisiko se vai ei.<\/p>\n\n<p class=\"has-text-align-left wp-block-paragraph\">Se kesti muutaman vuoden, mutta t\u00e4ll\u00e4 hetkell\u00e4 (2022) autan yli 200 000 ihmist\u00e4. <strong>\n  <u>4 miljoonaa ihmist\u00e4 vuosittain<\/u>\n  <span style=\"text-decoration: underline;\">h lomansa Espanjaan.<\/span>\n<\/strong> Vaikka t\u00e4m\u00e4 on hienoa, minulle kyse ei ole numeroista. Kyse on rehellisten lomaneuvojen antamisesta, joita on vaikea l\u00f6yt\u00e4\u00e4 internetist\u00e4. Kun suurin osa sivuista on matkailuyritysten, bloggaajien tai Instagram-mallien tekemi\u00e4, jotka haluavat tehd\u00e4 kaikesta t\u00e4ydellisen n\u00e4k\u00f6ist\u00e4, min\u00e4 yrit\u00e4n tehd\u00e4 juuri p\u00e4invastoin. N\u00e4yt\u00e4n sen sinulle sellaisena kuin se on, jotta voit p\u00e4\u00e4tt\u00e4\u00e4, sopiiko se sinulle vai ei.  <\/p>\n","protected":false},"excerpt":{"rendered":"<p>Kyll\u00e4, CheckHolidays olen min\u00e4, tavallinen tosiel\u00e4m\u00e4n ihminen&#8230; oikea nimeni on Ive. Kirjoitan, kuvaan, editoin, luon ja julkaisen kaikki lomaoppaat (99 %) itse. Mutta kun aloitin, halusin nimen, joka n\u00e4ytti &#8220;ammattimaiselta&#8221;&#8230; nyt olen jumissa sen kanssa. T\u00e4ll\u00e4 sivulla haluan siis kertoa teille hieman enemm\u00e4n itsest\u00e4ni ja osoittaa, ett\u00e4 olen vain tavallinen ihminen, josta olosuhteiden pakosta tuli [&hellip;]<\/p>\n","protected":false},"author":1,"featured_media":13203,"parent":0,"menu_order":0,"comment_status":"closed","ping_status":"closed","template":"template-authors.php","meta":{"_crdt_document":"","footnotes":""},"class_list":["post-24452","page","type-page","status-publish","has-post-thumbnail","hentry"],"yoast_head":"<!-- This site is optimized with the Yoast SEO plugin v27.2 - https:\/\/yoast.com\/product\/yoast-seo-wordpress\/ -->\n<title>Tietoa minusta<\/title>\n<meta name=\"robots\" content=\"index, follow, max-snippet:-1, max-image-preview:large, max-video-preview:-1\" \/>\n<link rel=\"canonical\" href=\"https:\/\/www.checkedholidays.com\/fi\/tietoja\/\" \/>\n<meta property=\"og:locale\" content=\"fi_FI\" \/>\n<meta property=\"og:type\" content=\"article\" \/>\n<meta property=\"og:title\" content=\"Tietoa minusta\" \/>\n<meta property=\"og:description\" content=\"Kyll\u00e4, CheckHolidays olen min\u00e4, tavallinen tosiel\u00e4m\u00e4n ihminen&#8230; oikea nimeni on Ive. Kirjoitan, kuvaan, editoin, luon ja julkaisen kaikki lomaoppaat (99 %) itse. Mutta kun aloitin, halusin nimen, joka n\u00e4ytti &#8220;ammattimaiselta&#8221;&#8230; nyt olen jumissa sen kanssa. T\u00e4ll\u00e4 sivulla haluan siis kertoa teille hieman enemm\u00e4n itsest\u00e4ni ja osoittaa, ett\u00e4 olen vain tavallinen ihminen, josta olosuhteiden pakosta tuli [&hellip;]\" \/>\n<meta property=\"og:url\" content=\"https:\/\/www.checkedholidays.com\/fi\/tietoja\/\" \/>\n<meta property=\"og:site_name\" content=\"CheckedHolidays\" \/>\n<meta property=\"article:publisher\" content=\"http:\/\/www.facebook.com\/checkedholidays\" \/>\n<meta property=\"article:modified_time\" content=\"2022-09-05T12:34:35+00:00\" \/>\n<meta property=\"og:image\" content=\"https:\/\/i0.wp.com\/www.checkedholidays.com\/wp-content\/uploads\/2018\/12\/IMG_20141011_135122-600x450.jpg?fit=600%2C450&ssl=1\" \/>\n\t<meta property=\"og:image:width\" content=\"600\" \/>\n\t<meta property=\"og:image:height\" content=\"450\" \/>\n\t<meta property=\"og:image:type\" content=\"image\/jpeg\" \/>\n<meta name=\"twitter:card\" content=\"summary_large_image\" \/>\n<meta name=\"twitter:site\" content=\"@checkedholidays\" \/>\n<meta name=\"twitter:label1\" content=\"Arvioitu lukuaika\" \/>\n\t<meta name=\"twitter:data1\" content=\"1 minuutti\" \/>\n<script type=\"application\/ld+json\" class=\"yoast-schema-graph\">{\"@context\":\"https:\/\/schema.org\",\"@graph\":[{\"@type\":\"WebPage\",\"@id\":\"https:\/\/www.checkedholidays.com\/fi\/tietoja\/\",\"url\":\"https:\/\/www.checkedholidays.com\/fi\/tietoja\/\",\"name\":\"Tietoa minusta\",\"isPartOf\":{\"@id\":\"https:\/\/www.checkedholidays.com\/fi\/#website\"},\"primaryImageOfPage\":{\"@id\":\"https:\/\/www.checkedholidays.com\/fi\/tietoja\/#primaryimage\"},\"image\":{\"@id\":\"https:\/\/www.checkedholidays.com\/fi\/tietoja\/#primaryimage\"},\"thumbnailUrl\":\"https:\/\/i0.wp.com\/www.checkedholidays.com\/wp-content\/uploads\/2018\/12\/IMG_20141011_135122-600x450.jpg?fit=600%2C450&ssl=1\",\"datePublished\":\"2022-09-05T12:34:30+00:00\",\"dateModified\":\"2022-09-05T12:34:35+00:00\",\"breadcrumb\":{\"@id\":\"https:\/\/www.checkedholidays.com\/fi\/tietoja\/#breadcrumb\"},\"inLanguage\":\"fi\",\"potentialAction\":[{\"@type\":\"ReadAction\",\"target\":[\"https:\/\/www.checkedholidays.com\/fi\/tietoja\/\"]}]},{\"@type\":\"ImageObject\",\"inLanguage\":\"fi\",\"@id\":\"https:\/\/www.checkedholidays.com\/fi\/tietoja\/#primaryimage\",\"url\":\"https:\/\/i0.wp.com\/www.checkedholidays.com\/wp-content\/uploads\/2018\/12\/IMG_20141011_135122-600x450.jpg?fit=600%2C450&ssl=1\",\"contentUrl\":\"https:\/\/i0.wp.com\/www.checkedholidays.com\/wp-content\/uploads\/2018\/12\/IMG_20141011_135122-600x450.jpg?fit=600%2C450&ssl=1\",\"width\":600,\"height\":450},{\"@type\":\"BreadcrumbList\",\"@id\":\"https:\/\/www.checkedholidays.com\/fi\/tietoja\/#breadcrumb\",\"itemListElement\":[{\"@type\":\"ListItem\",\"position\":1,\"name\":\"Home\",\"item\":\"https:\/\/www.checkedholidays.com\/fi\/\"},{\"@type\":\"ListItem\",\"position\":2,\"name\":\"Tietoa minusta\"}]},{\"@type\":\"WebSite\",\"@id\":\"https:\/\/www.checkedholidays.com\/fi\/#website\",\"url\":\"https:\/\/www.checkedholidays.com\/fi\/\",\"name\":\"CheckedHolidays\",\"description\":\"Spanish island holidays... but better!\",\"potentialAction\":[{\"@type\":\"SearchAction\",\"target\":{\"@type\":\"EntryPoint\",\"urlTemplate\":\"https:\/\/www.checkedholidays.com\/fi\/?s={search_term_string}\"},\"query-input\":{\"@type\":\"PropertyValueSpecification\",\"valueRequired\":true,\"valueName\":\"search_term_string\"}}],\"inLanguage\":\"fi\"}]}<\/script>\n<!-- \/ Yoast SEO plugin. -->","yoast_head_json":{"title":"Tietoa minusta","robots":{"index":"index","follow":"follow","max-snippet":"max-snippet:-1","max-image-preview":"max-image-preview:large","max-video-preview":"max-video-preview:-1"},"canonical":"https:\/\/www.checkedholidays.com\/fi\/tietoja\/","og_locale":"fi_FI","og_type":"article","og_title":"Tietoa minusta","og_description":"Kyll\u00e4, CheckHolidays olen min\u00e4, tavallinen tosiel\u00e4m\u00e4n ihminen&#8230; oikea nimeni on Ive. Kirjoitan, kuvaan, editoin, luon ja julkaisen kaikki lomaoppaat (99 %) itse. Mutta kun aloitin, halusin nimen, joka n\u00e4ytti &#8220;ammattimaiselta&#8221;&#8230; nyt olen jumissa sen kanssa. T\u00e4ll\u00e4 sivulla haluan siis kertoa teille hieman enemm\u00e4n itsest\u00e4ni ja osoittaa, ett\u00e4 olen vain tavallinen ihminen, josta olosuhteiden pakosta tuli [&hellip;]","og_url":"https:\/\/www.checkedholidays.com\/fi\/tietoja\/","og_site_name":"CheckedHolidays","article_publisher":"http:\/\/www.facebook.com\/checkedholidays","article_modified_time":"2022-09-05T12:34:35+00:00","og_image":[{"width":600,"height":450,"url":"https:\/\/i0.wp.com\/www.checkedholidays.com\/wp-content\/uploads\/2018\/12\/IMG_20141011_135122-600x450.jpg?fit=600%2C450&ssl=1","type":"image\/jpeg"}],"twitter_card":"summary_large_image","twitter_site":"@checkedholidays","twitter_misc":{"Arvioitu lukuaika":"1 minuutti"},"schema":{"@context":"https:\/\/schema.org","@graph":[{"@type":"WebPage","@id":"https:\/\/www.checkedholidays.com\/fi\/tietoja\/","url":"https:\/\/www.checkedholidays.com\/fi\/tietoja\/","name":"Tietoa minusta","isPartOf":{"@id":"https:\/\/www.checkedholidays.com\/fi\/#website"},"primaryImageOfPage":{"@id":"https:\/\/www.checkedholidays.com\/fi\/tietoja\/#primaryimage"},"image":{"@id":"https:\/\/www.checkedholidays.com\/fi\/tietoja\/#primaryimage"},"thumbnailUrl":"https:\/\/i0.wp.com\/www.checkedholidays.com\/wp-content\/uploads\/2018\/12\/IMG_20141011_135122-600x450.jpg?fit=600%2C450&ssl=1","datePublished":"2022-09-05T12:34:30+00:00","dateModified":"2022-09-05T12:34:35+00:00","breadcrumb":{"@id":"https:\/\/www.checkedholidays.com\/fi\/tietoja\/#breadcrumb"},"inLanguage":"fi","potentialAction":[{"@type":"ReadAction","target":["https:\/\/www.checkedholidays.com\/fi\/tietoja\/"]}]},{"@type":"ImageObject","inLanguage":"fi","@id":"https:\/\/www.checkedholidays.com\/fi\/tietoja\/#primaryimage","url":"https:\/\/i0.wp.com\/www.checkedholidays.com\/wp-content\/uploads\/2018\/12\/IMG_20141011_135122-600x450.jpg?fit=600%2C450&ssl=1","contentUrl":"https:\/\/i0.wp.com\/www.checkedholidays.com\/wp-content\/uploads\/2018\/12\/IMG_20141011_135122-600x450.jpg?fit=600%2C450&ssl=1","width":600,"height":450},{"@type":"BreadcrumbList","@id":"https:\/\/www.checkedholidays.com\/fi\/tietoja\/#breadcrumb","itemListElement":[{"@type":"ListItem","position":1,"name":"Home","item":"https:\/\/www.checkedholidays.com\/fi\/"},{"@type":"ListItem","position":2,"name":"Tietoa minusta"}]},{"@type":"WebSite","@id":"https:\/\/www.checkedholidays.com\/fi\/#website","url":"https:\/\/www.checkedholidays.com\/fi\/","name":"CheckedHolidays","description":"Spanish island holidays... but better!","potentialAction":[{"@type":"SearchAction","target":{"@type":"EntryPoint","urlTemplate":"https:\/\/www.checkedholidays.com\/fi\/?s={search_term_string}"},"query-input":{"@type":"PropertyValueSpecification","valueRequired":true,"valueName":"search_term_string"}}],"inLanguage":"fi"}]}},"jetpack_sharing_enabled":true,"_links":{"self":[{"href":"https:\/\/www.checkedholidays.com\/fi\/wp-json\/wp\/v2\/pages\/24452","targetHints":{"allow":["GET"]}}],"collection":[{"href":"https:\/\/www.checkedholidays.com\/fi\/wp-json\/wp\/v2\/pages"}],"about":[{"href":"https:\/\/www.checkedholidays.com\/fi\/wp-json\/wp\/v2\/types\/page"}],"author":[{"embeddable":true,"href":"https:\/\/www.checkedholidays.com\/fi\/wp-json\/wp\/v2\/users\/1"}],"replies":[{"embeddable":true,"href":"https:\/\/www.checkedholidays.com\/fi\/wp-json\/wp\/v2\/comments?post=24452"}],"version-history":[{"count":3,"href":"https:\/\/www.checkedholidays.com\/fi\/wp-json\/wp\/v2\/pages\/24452\/revisions"}],"predecessor-version":[{"id":24456,"href":"https:\/\/www.checkedholidays.com\/fi\/wp-json\/wp\/v2\/pages\/24452\/revisions\/24456"}],"wp:featuredmedia":[{"embeddable":true,"href":"https:\/\/www.checkedholidays.com\/fi\/wp-json\/wp\/v2\/media\/13203"}],"wp:attachment":[{"href":"https:\/\/www.checkedholidays.com\/fi\/wp-json\/wp\/v2\/media?parent=24452"}],"curies":[{"name":"wp","href":"https:\/\/api.w.org\/{rel}","templated":true}]}}