{"id":72741,"date":"2023-10-28T09:24:02","date_gmt":"2023-10-28T09:24:02","guid":{"rendered":"https:\/\/www.checkedholidays.com\/cookie-policy\/"},"modified":"2025-03-17T09:58:55","modified_gmt":"2025-03-17T09:58:55","slug":"cookie-policy","status":"publish","type":"page","link":"https:\/\/www.checkedholidays.com\/et\/cookie-policy\/","title":{"rendered":"K\u00fcpsiste poliitika"},"content":{"rendered":"\n<h2 class=\"wp-block-heading\">Mis on k\u00fcpsised?<\/h2>\n\n<p class=\"wp-block-paragraph\">K\u00e4esolev k\u00fcpsiste poliitika selgitab, mis on k\u00fcpsised ja kuidas me neid kasutame, millist t\u00fc\u00fcpi k\u00fcpsiseid me kasutame, st millist teavet me k\u00fcpsiste abil kogume ja kuidas seda teavet kasutatakse ning kuidas hallata k\u00fcpsiste seadistusi.<\/p>\n\n<p class=\"wp-block-paragraph\">K\u00fcpsised on v\u00e4ikesed tekstifailid, mida kasutatakse v\u00e4ikese teabe salvestamiseks. Need salvestatakse teie seadmesse, kui veebileht on teie brauserisse laaditud. Need k\u00fcpsised aitavad meil muuta veebisaidi korralikult toimivaks, turvalisemaks, pakkuda paremat kasutajakogemust ja m\u00f5ista, kuidas veebisait toimib, ning anal\u00fc\u00fcsida, mis toimib ja kus on vaja parandusi.<\/p>\n\n<h2 class=\"wp-block-heading\">Kuidas me kasutame k\u00fcpsiseid?<\/h2>\n\n<p class=\"wp-block-paragraph\">Nagu enamik v\u00f5rguteenuseid, kasutab ka meie veebisait mitmel eesm\u00e4rgil esimese ja kolmanda osapoole k\u00fcpsiseid. Esimese osapoole k\u00fcpsised on enamasti vajalikud veebisaidi \u00f5igeks toimimiseks ja need ei kogu teie isikuandmeid.<\/p>\n\n<p class=\"wp-block-paragraph\">Meie veebisaidil kasutatavad kolmanda osapoole k\u00fcpsised on peamiselt selleks, et m\u00f5ista, kuidas veebisait toimib, kuidas te meie veebisaidiga suhtlete, hoida meie teenuseid turvalisena, pakkuda teile asjakohaseid reklaame ning kokkuv\u00f5ttes pakkuda teile paremat ja paremat kasutajakogemust ja aidata kiirendada teie edasist suhtlemist meie veebisaidiga.<\/p>\n\n<h2 class=\"wp-block-heading\">Kasutatavad k\u00fcpsiste t\u00fc\u00fcbid<\/h2>\n\n<style>\n    a.cky-banner-element {\n        padding: 8px 30px;\n        background: #F8F9FA;\n        color: #858A8F;\n        border: 1px solid #DEE2E6;\n        box-sizing: border-box;\n        border-radius: 2px;\n        cursor: pointer;\n}\n<\/style>\n\n    <div class=\"cky-audit-table-element\"><\/div>\n\n<h2 class=\"wp-block-heading\">K\u00fcpsiste eelistuste haldamine<\/h2>\n\n<a class=\"cky-banner-element\">K\u00fcpsiste seaded<\/a> <br\/>\n<p>\n<\/p>\n<p class=\"wp-block-paragraph\">Saate oma k\u00fcpsiste eelistusi igal ajal muuta, kl\u00f5psates \u00fclaltoodud nupule. See v\u00f5imaldab teil k\u00fcpsiste n\u00f5usoleku b\u00e4nneri uuesti k\u00fclastada ja oma eelistusi muuta v\u00f5i oma n\u00f5usoleku kohe tagasi v\u00f5tta.   <\/p>\n\n<p class=\"wp-block-paragraph\">Lisaks sellele pakuvad erinevad brauserid erinevaid meetodeid veebisaitide poolt kasutatavate k\u00fcpsiste blokeerimiseks ja kustutamiseks. Saate muuta oma brauseri seadeid, et k\u00fcpsised blokeerida\/kustutada.  <\/p>\n","protected":false},"excerpt":{"rendered":"<p>Mis on k\u00fcpsised? K\u00e4esolev k\u00fcpsiste poliitika selgitab, mis on k\u00fcpsised ja kuidas me neid kasutame, millist t\u00fc\u00fcpi k\u00fcpsiseid me kasutame, st millist teavet me k\u00fcpsiste abil kogume ja kuidas seda teavet kasutatakse ning kuidas hallata k\u00fcpsiste seadistusi. K\u00fcpsised on v\u00e4ikesed tekstifailid, mida kasutatakse v\u00e4ikese teabe salvestamiseks. Need salvestatakse teie seadmesse, kui veebileht on teie brauserisse [&hellip;]<\/p>\n","protected":false},"author":1,"featured_media":0,"parent":0,"menu_order":0,"comment_status":"closed","ping_status":"closed","template":"","meta":{"_crdt_document":"","footnotes":""},"class_list":["post-72741","page","type-page","status-publish","hentry"],"yoast_head":"<!-- This site is optimized with the Yoast SEO plugin v27.2 - https:\/\/yoast.com\/product\/yoast-seo-wordpress\/ -->\n<title>K\u00fcpsiste poliitika<\/title>\n<meta name=\"robots\" content=\"index, follow, max-snippet:-1, max-image-preview:large, max-video-preview:-1\" \/>\n<link rel=\"canonical\" href=\"https:\/\/www.checkedholidays.com\/et\/cookie-policy\/\" \/>\n<meta property=\"og:locale\" content=\"et_EE\" \/>\n<meta property=\"og:type\" content=\"article\" \/>\n<meta property=\"og:title\" content=\"K\u00fcpsiste poliitika\" \/>\n<meta property=\"og:description\" content=\"Mis on k\u00fcpsised? K\u00e4esolev k\u00fcpsiste poliitika selgitab, mis on k\u00fcpsised ja kuidas me neid kasutame, millist t\u00fc\u00fcpi k\u00fcpsiseid me kasutame, st millist teavet me k\u00fcpsiste abil kogume ja kuidas seda teavet kasutatakse ning kuidas hallata k\u00fcpsiste seadistusi. K\u00fcpsised on v\u00e4ikesed tekstifailid, mida kasutatakse v\u00e4ikese teabe salvestamiseks. Need salvestatakse teie seadmesse, kui veebileht on teie brauserisse [&hellip;]\" \/>\n<meta property=\"og:url\" content=\"https:\/\/www.checkedholidays.com\/et\/cookie-policy\/\" \/>\n<meta property=\"og:site_name\" content=\"CheckedHolidays\" \/>\n<meta property=\"article:publisher\" content=\"http:\/\/www.facebook.com\/checkedholidays\" \/>\n<meta property=\"article:modified_time\" content=\"2025-03-17T09:58:55+00:00\" \/>\n<meta name=\"twitter:card\" content=\"summary_large_image\" \/>\n<meta name=\"twitter:site\" content=\"@checkedholidays\" \/>\n<meta name=\"twitter:label1\" content=\"Est. reading time\" \/>\n\t<meta name=\"twitter:data1\" content=\"1 minut\" \/>\n<script type=\"application\/ld+json\" class=\"yoast-schema-graph\">{\"@context\":\"https:\/\/schema.org\",\"@graph\":[{\"@type\":\"WebPage\",\"@id\":\"https:\/\/www.checkedholidays.com\/et\/cookie-policy\/\",\"url\":\"https:\/\/www.checkedholidays.com\/et\/cookie-policy\/\",\"name\":\"K\u00fcpsiste poliitika\",\"isPartOf\":{\"@id\":\"https:\/\/www.checkedholidays.com\/et\/#website\"},\"datePublished\":\"2023-10-28T09:24:02+00:00\",\"dateModified\":\"2025-03-17T09:58:55+00:00\",\"breadcrumb\":{\"@id\":\"https:\/\/www.checkedholidays.com\/et\/cookie-policy\/#breadcrumb\"},\"inLanguage\":\"et\",\"potentialAction\":[{\"@type\":\"ReadAction\",\"target\":[\"https:\/\/www.checkedholidays.com\/et\/cookie-policy\/\"]}]},{\"@type\":\"BreadcrumbList\",\"@id\":\"https:\/\/www.checkedholidays.com\/et\/cookie-policy\/#breadcrumb\",\"itemListElement\":[{\"@type\":\"ListItem\",\"position\":1,\"name\":\"Home\",\"item\":\"https:\/\/www.checkedholidays.com\/et\/\"},{\"@type\":\"ListItem\",\"position\":2,\"name\":\"K\u00fcpsiste poliitika\"}]},{\"@type\":\"WebSite\",\"@id\":\"https:\/\/www.checkedholidays.com\/et\/#website\",\"url\":\"https:\/\/www.checkedholidays.com\/et\/\",\"name\":\"CheckedHolidays\",\"description\":\"Spanish island holidays... but better!\",\"potentialAction\":[{\"@type\":\"SearchAction\",\"target\":{\"@type\":\"EntryPoint\",\"urlTemplate\":\"https:\/\/www.checkedholidays.com\/et\/?s={search_term_string}\"},\"query-input\":{\"@type\":\"PropertyValueSpecification\",\"valueRequired\":true,\"valueName\":\"search_term_string\"}}],\"inLanguage\":\"et\"}]}<\/script>\n<!-- \/ Yoast SEO plugin. -->","yoast_head_json":{"title":"K\u00fcpsiste poliitika","robots":{"index":"index","follow":"follow","max-snippet":"max-snippet:-1","max-image-preview":"max-image-preview:large","max-video-preview":"max-video-preview:-1"},"canonical":"https:\/\/www.checkedholidays.com\/et\/cookie-policy\/","og_locale":"et_EE","og_type":"article","og_title":"K\u00fcpsiste poliitika","og_description":"Mis on k\u00fcpsised? K\u00e4esolev k\u00fcpsiste poliitika selgitab, mis on k\u00fcpsised ja kuidas me neid kasutame, millist t\u00fc\u00fcpi k\u00fcpsiseid me kasutame, st millist teavet me k\u00fcpsiste abil kogume ja kuidas seda teavet kasutatakse ning kuidas hallata k\u00fcpsiste seadistusi. K\u00fcpsised on v\u00e4ikesed tekstifailid, mida kasutatakse v\u00e4ikese teabe salvestamiseks. Need salvestatakse teie seadmesse, kui veebileht on teie brauserisse [&hellip;]","og_url":"https:\/\/www.checkedholidays.com\/et\/cookie-policy\/","og_site_name":"CheckedHolidays","article_publisher":"http:\/\/www.facebook.com\/checkedholidays","article_modified_time":"2025-03-17T09:58:55+00:00","twitter_card":"summary_large_image","twitter_site":"@checkedholidays","twitter_misc":{"Est. reading time":"1 minut"},"schema":{"@context":"https:\/\/schema.org","@graph":[{"@type":"WebPage","@id":"https:\/\/www.checkedholidays.com\/et\/cookie-policy\/","url":"https:\/\/www.checkedholidays.com\/et\/cookie-policy\/","name":"K\u00fcpsiste poliitika","isPartOf":{"@id":"https:\/\/www.checkedholidays.com\/et\/#website"},"datePublished":"2023-10-28T09:24:02+00:00","dateModified":"2025-03-17T09:58:55+00:00","breadcrumb":{"@id":"https:\/\/www.checkedholidays.com\/et\/cookie-policy\/#breadcrumb"},"inLanguage":"et","potentialAction":[{"@type":"ReadAction","target":["https:\/\/www.checkedholidays.com\/et\/cookie-policy\/"]}]},{"@type":"BreadcrumbList","@id":"https:\/\/www.checkedholidays.com\/et\/cookie-policy\/#breadcrumb","itemListElement":[{"@type":"ListItem","position":1,"name":"Home","item":"https:\/\/www.checkedholidays.com\/et\/"},{"@type":"ListItem","position":2,"name":"K\u00fcpsiste poliitika"}]},{"@type":"WebSite","@id":"https:\/\/www.checkedholidays.com\/et\/#website","url":"https:\/\/www.checkedholidays.com\/et\/","name":"CheckedHolidays","description":"Spanish island holidays... but better!","potentialAction":[{"@type":"SearchAction","target":{"@type":"EntryPoint","urlTemplate":"https:\/\/www.checkedholidays.com\/et\/?s={search_term_string}"},"query-input":{"@type":"PropertyValueSpecification","valueRequired":true,"valueName":"search_term_string"}}],"inLanguage":"et"}]}},"jetpack_sharing_enabled":true,"_links":{"self":[{"href":"https:\/\/www.checkedholidays.com\/et\/wp-json\/wp\/v2\/pages\/72741","targetHints":{"allow":["GET"]}}],"collection":[{"href":"https:\/\/www.checkedholidays.com\/et\/wp-json\/wp\/v2\/pages"}],"about":[{"href":"https:\/\/www.checkedholidays.com\/et\/wp-json\/wp\/v2\/types\/page"}],"author":[{"embeddable":true,"href":"https:\/\/www.checkedholidays.com\/et\/wp-json\/wp\/v2\/users\/1"}],"replies":[{"embeddable":true,"href":"https:\/\/www.checkedholidays.com\/et\/wp-json\/wp\/v2\/comments?post=72741"}],"version-history":[{"count":2,"href":"https:\/\/www.checkedholidays.com\/et\/wp-json\/wp\/v2\/pages\/72741\/revisions"}],"predecessor-version":[{"id":103235,"href":"https:\/\/www.checkedholidays.com\/et\/wp-json\/wp\/v2\/pages\/72741\/revisions\/103235"}],"wp:attachment":[{"href":"https:\/\/www.checkedholidays.com\/et\/wp-json\/wp\/v2\/media?parent=72741"}],"curies":[{"name":"wp","href":"https:\/\/api.w.org\/{rel}","templated":true}]}}