{"id":63318,"date":"2023-09-12T12:24:28","date_gmt":"2023-09-12T12:24:28","guid":{"rendered":"https:\/\/www.checkedholidays.com\/affiliate-disclaimer\/"},"modified":"2023-09-12T12:24:29","modified_gmt":"2023-09-12T12:24:29","slug":"affiliate-disclaimer","status":"publish","type":"page","link":"https:\/\/www.checkedholidays.com\/et\/affiliate-disclaimer\/","title":{"rendered":"See veebileht kasutab affiliate linke"},"content":{"rendered":"\n<p class=\"wp-block-paragraph\">Kui teid on aidanud minu Youtube&#8217;i kanal, veebileht <g class=\"gr_ gr_4 gr-alert gr_gramm gr_inline_cards gr_disable_anim_appear Punctuation only-ins replaceWithoutSep\" id=\"4\" data-gr-id=\"4\">ja<\/g> juhendid ning soovite <strong>aidata mind, aidata teid<\/strong>&#8230; siis minu affiliate linkide kasutamine on parim <strong>TASUTA<\/strong> viis seda teha.<\/p>\n\n<p class=\"wp-block-paragraph\">Affiliate lingid on v\u00e4ga tavalised ja laialdaselt kasutatavad, kuid ma arvan, et on oluline, et te oleksite neist kursis.<\/p>\n\n<p class=\"wp-block-paragraph\">Affiliate lingid n\u00e4evad v\u00e4lja nagu tavalised lingid, kuid teavitavad veebisaiti, kuhu te l\u00e4hete, et olete tulnud minu veebisaidilt. Kui te ostate midagi veebisaidilt, millele ma viitan, saan ma v\u00e4ikese vahendustasu, et aidata seda veebisaiti k\u00e4igus hoida.  <\/p>\n\n<p class=\"wp-block-paragraph\">Kuid te maksate alati sama hinda, mida tavaliselt maksate, ja m\u00f5nikord on teile isegi soodustus v\u00f5i kasu, kui kasutate minu affiliate linke. Komisjonitasu maksab teine veebisaidi omanik, mitte teie.<\/p>\n\n<p class=\"wp-block-paragraph\">T\u00e4nan teid v\u00e4ga, et kasutate minu affiliate linke ja v\u00f5imaldate mul, sellel veebilehel ja YouTube&#8217;i kanalil aidata miljonitel teistel inimestel nagu teil on veelgi parem puhkus!<\/p>\n\n<p class=\"wp-block-paragraph\"><g class=\"gr_ gr_4 gr-alert gr_spell gr_inline_cards gr_run_anim ContextualSpelling ins-del multiReplace\" id=\"4\" data-gr-id=\"4\"><a href=\"https:\/\/www.checkedholidays.com\/et\/about\/\">Ive<\/a><\/g><\/p>\n","protected":false},"excerpt":{"rendered":"<p>Kui teid on aidanud minu Youtube&#8217;i kanal, veebileht ja juhendid ning soovite aidata mind, aidata teid&#8230; siis minu affiliate linkide kasutamine on parim TASUTA viis seda teha. Affiliate lingid on v\u00e4ga tavalised ja laialdaselt kasutatavad, kuid ma arvan, et on oluline, et te oleksite neist kursis. Affiliate lingid n\u00e4evad v\u00e4lja nagu tavalised lingid, kuid teavitavad [&hellip;]<\/p>\n","protected":false},"author":1,"featured_media":0,"parent":0,"menu_order":0,"comment_status":"closed","ping_status":"closed","template":"","meta":{"_crdt_document":"","footnotes":""},"class_list":["post-63318","page","type-page","status-publish","hentry"],"yoast_head":"<!-- This site is optimized with the Yoast SEO plugin v27.2 - https:\/\/yoast.com\/product\/yoast-seo-wordpress\/ -->\n<title>See veebileht kasutab affiliate linke - CheckedHolidays<\/title>\n<meta name=\"robots\" content=\"index, follow, max-snippet:-1, max-image-preview:large, max-video-preview:-1\" \/>\n<link rel=\"canonical\" href=\"https:\/\/www.checkedholidays.com\/et\/affiliate-disclaimer\/\" \/>\n<meta property=\"og:locale\" content=\"et_EE\" \/>\n<meta property=\"og:type\" content=\"article\" \/>\n<meta property=\"og:title\" content=\"See veebileht kasutab affiliate linke - CheckedHolidays\" \/>\n<meta property=\"og:description\" content=\"Kui teid on aidanud minu Youtube&#8217;i kanal, veebileht ja juhendid ning soovite aidata mind, aidata teid&#8230; siis minu affiliate linkide kasutamine on parim TASUTA viis seda teha. Affiliate lingid on v\u00e4ga tavalised ja laialdaselt kasutatavad, kuid ma arvan, et on oluline, et te oleksite neist kursis. Affiliate lingid n\u00e4evad v\u00e4lja nagu tavalised lingid, kuid teavitavad [&hellip;]\" \/>\n<meta property=\"og:url\" content=\"https:\/\/www.checkedholidays.com\/et\/affiliate-disclaimer\/\" \/>\n<meta property=\"og:site_name\" content=\"CheckedHolidays\" \/>\n<meta property=\"article:publisher\" content=\"http:\/\/www.facebook.com\/checkedholidays\" \/>\n<meta property=\"article:modified_time\" content=\"2023-09-12T12:24:29+00:00\" \/>\n<meta name=\"twitter:card\" content=\"summary_large_image\" \/>\n<meta name=\"twitter:site\" content=\"@checkedholidays\" \/>\n<meta name=\"twitter:label1\" content=\"Est. reading time\" \/>\n\t<meta name=\"twitter:data1\" content=\"1 minut\" \/>\n<script type=\"application\/ld+json\" class=\"yoast-schema-graph\">{\"@context\":\"https:\/\/schema.org\",\"@graph\":[{\"@type\":\"WebPage\",\"@id\":\"https:\/\/www.checkedholidays.com\/et\/affiliate-disclaimer\/\",\"url\":\"https:\/\/www.checkedholidays.com\/et\/affiliate-disclaimer\/\",\"name\":\"See veebileht kasutab affiliate linke - CheckedHolidays\",\"isPartOf\":{\"@id\":\"https:\/\/www.checkedholidays.com\/et\/#website\"},\"datePublished\":\"2023-09-12T12:24:28+00:00\",\"dateModified\":\"2023-09-12T12:24:29+00:00\",\"breadcrumb\":{\"@id\":\"https:\/\/www.checkedholidays.com\/et\/affiliate-disclaimer\/#breadcrumb\"},\"inLanguage\":\"et\",\"potentialAction\":[{\"@type\":\"ReadAction\",\"target\":[\"https:\/\/www.checkedholidays.com\/et\/affiliate-disclaimer\/\"]}]},{\"@type\":\"BreadcrumbList\",\"@id\":\"https:\/\/www.checkedholidays.com\/et\/affiliate-disclaimer\/#breadcrumb\",\"itemListElement\":[{\"@type\":\"ListItem\",\"position\":1,\"name\":\"Home\",\"item\":\"https:\/\/www.checkedholidays.com\/et\/\"},{\"@type\":\"ListItem\",\"position\":2,\"name\":\"See veebileht kasutab affiliate linke\"}]},{\"@type\":\"WebSite\",\"@id\":\"https:\/\/www.checkedholidays.com\/et\/#website\",\"url\":\"https:\/\/www.checkedholidays.com\/et\/\",\"name\":\"CheckedHolidays\",\"description\":\"Spanish island holidays... but better!\",\"potentialAction\":[{\"@type\":\"SearchAction\",\"target\":{\"@type\":\"EntryPoint\",\"urlTemplate\":\"https:\/\/www.checkedholidays.com\/et\/?s={search_term_string}\"},\"query-input\":{\"@type\":\"PropertyValueSpecification\",\"valueRequired\":true,\"valueName\":\"search_term_string\"}}],\"inLanguage\":\"et\"}]}<\/script>\n<!-- \/ Yoast SEO plugin. -->","yoast_head_json":{"title":"See veebileht kasutab affiliate linke - CheckedHolidays","robots":{"index":"index","follow":"follow","max-snippet":"max-snippet:-1","max-image-preview":"max-image-preview:large","max-video-preview":"max-video-preview:-1"},"canonical":"https:\/\/www.checkedholidays.com\/et\/affiliate-disclaimer\/","og_locale":"et_EE","og_type":"article","og_title":"See veebileht kasutab affiliate linke - CheckedHolidays","og_description":"Kui teid on aidanud minu Youtube&#8217;i kanal, veebileht ja juhendid ning soovite aidata mind, aidata teid&#8230; siis minu affiliate linkide kasutamine on parim TASUTA viis seda teha. Affiliate lingid on v\u00e4ga tavalised ja laialdaselt kasutatavad, kuid ma arvan, et on oluline, et te oleksite neist kursis. Affiliate lingid n\u00e4evad v\u00e4lja nagu tavalised lingid, kuid teavitavad [&hellip;]","og_url":"https:\/\/www.checkedholidays.com\/et\/affiliate-disclaimer\/","og_site_name":"CheckedHolidays","article_publisher":"http:\/\/www.facebook.com\/checkedholidays","article_modified_time":"2023-09-12T12:24:29+00:00","twitter_card":"summary_large_image","twitter_site":"@checkedholidays","twitter_misc":{"Est. reading time":"1 minut"},"schema":{"@context":"https:\/\/schema.org","@graph":[{"@type":"WebPage","@id":"https:\/\/www.checkedholidays.com\/et\/affiliate-disclaimer\/","url":"https:\/\/www.checkedholidays.com\/et\/affiliate-disclaimer\/","name":"See veebileht kasutab affiliate linke - CheckedHolidays","isPartOf":{"@id":"https:\/\/www.checkedholidays.com\/et\/#website"},"datePublished":"2023-09-12T12:24:28+00:00","dateModified":"2023-09-12T12:24:29+00:00","breadcrumb":{"@id":"https:\/\/www.checkedholidays.com\/et\/affiliate-disclaimer\/#breadcrumb"},"inLanguage":"et","potentialAction":[{"@type":"ReadAction","target":["https:\/\/www.checkedholidays.com\/et\/affiliate-disclaimer\/"]}]},{"@type":"BreadcrumbList","@id":"https:\/\/www.checkedholidays.com\/et\/affiliate-disclaimer\/#breadcrumb","itemListElement":[{"@type":"ListItem","position":1,"name":"Home","item":"https:\/\/www.checkedholidays.com\/et\/"},{"@type":"ListItem","position":2,"name":"See veebileht kasutab affiliate linke"}]},{"@type":"WebSite","@id":"https:\/\/www.checkedholidays.com\/et\/#website","url":"https:\/\/www.checkedholidays.com\/et\/","name":"CheckedHolidays","description":"Spanish island holidays... but better!","potentialAction":[{"@type":"SearchAction","target":{"@type":"EntryPoint","urlTemplate":"https:\/\/www.checkedholidays.com\/et\/?s={search_term_string}"},"query-input":{"@type":"PropertyValueSpecification","valueRequired":true,"valueName":"search_term_string"}}],"inLanguage":"et"}]}},"jetpack_sharing_enabled":true,"_links":{"self":[{"href":"https:\/\/www.checkedholidays.com\/et\/wp-json\/wp\/v2\/pages\/63318","targetHints":{"allow":["GET"]}}],"collection":[{"href":"https:\/\/www.checkedholidays.com\/et\/wp-json\/wp\/v2\/pages"}],"about":[{"href":"https:\/\/www.checkedholidays.com\/et\/wp-json\/wp\/v2\/types\/page"}],"author":[{"embeddable":true,"href":"https:\/\/www.checkedholidays.com\/et\/wp-json\/wp\/v2\/users\/1"}],"replies":[{"embeddable":true,"href":"https:\/\/www.checkedholidays.com\/et\/wp-json\/wp\/v2\/comments?post=63318"}],"version-history":[{"count":1,"href":"https:\/\/www.checkedholidays.com\/et\/wp-json\/wp\/v2\/pages\/63318\/revisions"}],"predecessor-version":[{"id":63319,"href":"https:\/\/www.checkedholidays.com\/et\/wp-json\/wp\/v2\/pages\/63318\/revisions\/63319"}],"wp:attachment":[{"href":"https:\/\/www.checkedholidays.com\/et\/wp-json\/wp\/v2\/media?parent=63318"}],"curies":[{"name":"wp","href":"https:\/\/api.w.org\/{rel}","templated":true}]}}