{"id":63306,"date":"2023-09-12T12:23:09","date_gmt":"2023-09-12T12:23:09","guid":{"rendered":"https:\/\/www.checkedholidays.com\/home\/"},"modified":"2026-02-23T13:08:41","modified_gmt":"2026-02-23T13:08:41","slug":"home","status":"publish","type":"page","link":"https:\/\/www.checkedholidays.com\/et\/","title":{"rendered":"Koduleht"},"content":{"rendered":"\n<h2 class=\"wp-block-heading has-text-align-center\"><strong>Leia oma ideaalne puhkus Hispaania saartel<\/strong><\/h2>\n\n<p class=\"wp-block-paragraph\">Suurep\u00e4rane aastaringselt<\/p>\n\n<ul class=\"wp-block-list\">\n<li><strong><u><a href=\"https:\/\/www.checkedholidays.com\/et\/tag\/tenerife-et\/\" type=\"category\" id=\"59\">Tenerife<\/a><\/u><\/strong> &#8211; Parim sihtkoht peredele, kes soovivad vaheldust, vaatamisv\u00e4\u00e4rsusi ja mugavust.<\/li>\n\n\n\n<li><strong><u><a href=\"https:\/\/www.checkedholidays.com\/et\/tag\/gran-canaria-et\/\" type=\"category\" id=\"60\">Gran Canaria<\/a><\/u><\/strong> &#8211; Parim paaridele ja t\u00e4iskasvanutele, kes soovivad \u00f6\u00f6elu, s\u00f6\u00f6gikohti ja sisseoste.<\/li>\n\n\n\n<li><strong><u><a href=\"https:\/\/www.checkedholidays.com\/et\/tag\/lanzarote-et\/\" type=\"category\" id=\"61\">Lanzarote<\/a><\/u><\/strong> &#8211; Parim k\u00f5ikeh\u00f5lmava puhkuse ja lihtsa l\u00f5\u00f5gastava puhkuse jaoks.<\/li>\n\n\n\n<li><strong><u><a href=\"https:\/\/www.checkedholidays.com\/et\/tag\/fuerteventura-et\/\" type=\"category\" id=\"309\">Fuerteventura<\/a><\/u><\/strong> &#8211; Parim rannapuhkuseks, kus on palju ruumi.<\/li>\n<\/ul>\n\n<p class=\"wp-block-paragraph\">Parimad maist oktoobrini<\/p>\n\n<ul class=\"wp-block-list\">\n<li><strong><u><a href=\"https:\/\/www.checkedholidays.com\/et\/tag\/mallorca-et\/\" type=\"category\" id=\"57\">Mallorca<\/a><\/u><\/strong> &#8211; Parim sihtkoht peredele ja vaheldust otsivatele inimestele, kes soovivad randu, ekskursioone ja palju valikuv\u00f5imalusi.<\/li>\n\n\n\n<li><strong><u><a href=\"https:\/\/www.checkedholidays.com\/et\/tag\/menorca-et\/\" type=\"category\" id=\"91\">Menorca<\/a><\/u><\/strong> &#8211; Parim koht rahulikuks, l\u00f5dvestunud, peres\u00f5bralikuks puhkuseks, millel on autentne v\u00f5lu.  <\/li>\n\n\n\n<li><strong><u><a href=\"https:\/\/www.checkedholidays.com\/et\/guide\/ibiza-et\/\" type=\"category\" id=\"633\">Ibiza<\/a><\/u><\/strong> &#8211; Parimad t\u00e4iskasvanutele, paaridele, \u00f6\u00f6elu, rannaklubid ja stiilne puhkekoht.<\/li>\n<\/ul>\n","protected":false},"excerpt":{"rendered":"<p>Leia oma ideaalne puhkus Hispaania saartel Suurep\u00e4rane aastaringselt Parimad maist oktoobrini<\/p>\n","protected":false},"author":1,"featured_media":0,"parent":0,"menu_order":0,"comment_status":"closed","ping_status":"closed","template":"","meta":{"_crdt_document":"","footnotes":""},"class_list":["post-63306","page","type-page","status-publish","hentry"],"yoast_head":"<!-- This site is optimized with the Yoast SEO plugin v27.2 - https:\/\/yoast.com\/product\/yoast-seo-wordpress\/ -->\n<title>Leia oma ideaalne puhkus Hispaania saartel<\/title>\n<meta name=\"description\" content=\"Avastage oma ideaalne puhkus Hispaania saartel, mida juhendab \u00fcle 20-aastase kogemusega ekspert.\" \/>\n<meta name=\"robots\" content=\"index, follow, max-snippet:-1, max-image-preview:large, max-video-preview:-1\" \/>\n<link rel=\"canonical\" href=\"https:\/\/www.checkedholidays.com\/et\/\" \/>\n<meta property=\"og:locale\" content=\"et_EE\" \/>\n<meta property=\"og:type\" content=\"article\" \/>\n<meta property=\"og:title\" content=\"Leia oma ideaalne puhkus Hispaania saartel\" \/>\n<meta property=\"og:description\" content=\"Avastage oma ideaalne puhkus Hispaania saartel, mida juhendab \u00fcle 20-aastase kogemusega ekspert.\" \/>\n<meta property=\"og:url\" content=\"https:\/\/www.checkedholidays.com\/et\/\" \/>\n<meta property=\"og:site_name\" content=\"CheckedHolidays\" \/>\n<meta property=\"article:publisher\" content=\"http:\/\/www.facebook.com\/checkedholidays\" \/>\n<meta property=\"article:modified_time\" content=\"2026-02-23T13:08:41+00:00\" \/>\n<meta name=\"twitter:card\" content=\"summary_large_image\" \/>\n<meta name=\"twitter:site\" content=\"@checkedholidays\" \/>\n<meta name=\"twitter:label1\" content=\"Est. reading time\" \/>\n\t<meta name=\"twitter:data1\" content=\"1 minut\" \/>\n<script type=\"application\/ld+json\" class=\"yoast-schema-graph\">{\"@context\":\"https:\/\/schema.org\",\"@graph\":[{\"@type\":\"WebPage\",\"@id\":\"https:\/\/www.checkedholidays.com\/et\/\",\"url\":\"https:\/\/www.checkedholidays.com\/et\/\",\"name\":\"Leia oma ideaalne puhkus Hispaania saartel\",\"isPartOf\":{\"@id\":\"https:\/\/www.checkedholidays.com\/et\/#website\"},\"datePublished\":\"2023-09-12T12:23:09+00:00\",\"dateModified\":\"2026-02-23T13:08:41+00:00\",\"description\":\"Avastage oma ideaalne puhkus Hispaania saartel, mida juhendab \u00fcle 20-aastase kogemusega ekspert.\",\"breadcrumb\":{\"@id\":\"https:\/\/www.checkedholidays.com\/et\/#breadcrumb\"},\"inLanguage\":\"et\",\"potentialAction\":[{\"@type\":\"ReadAction\",\"target\":[\"https:\/\/www.checkedholidays.com\/et\/\"]}]},{\"@type\":\"BreadcrumbList\",\"@id\":\"https:\/\/www.checkedholidays.com\/et\/#breadcrumb\",\"itemListElement\":[{\"@type\":\"ListItem\",\"position\":1,\"name\":\"Home\",\"item\":\"https:\/\/www.checkedholidays.com\/et\/\"},{\"@type\":\"ListItem\",\"position\":2,\"name\":\"Koduleht\"}]},{\"@type\":\"WebSite\",\"@id\":\"https:\/\/www.checkedholidays.com\/et\/#website\",\"url\":\"https:\/\/www.checkedholidays.com\/et\/\",\"name\":\"CheckedHolidays\",\"description\":\"Spanish island holidays... but better!\",\"potentialAction\":[{\"@type\":\"SearchAction\",\"target\":{\"@type\":\"EntryPoint\",\"urlTemplate\":\"https:\/\/www.checkedholidays.com\/et\/?s={search_term_string}\"},\"query-input\":{\"@type\":\"PropertyValueSpecification\",\"valueRequired\":true,\"valueName\":\"search_term_string\"}}],\"inLanguage\":\"et\"}]}<\/script>\n<!-- \/ Yoast SEO plugin. -->","yoast_head_json":{"title":"Leia oma ideaalne puhkus Hispaania saartel","description":"Avastage oma ideaalne puhkus Hispaania saartel, mida juhendab \u00fcle 20-aastase kogemusega ekspert.","robots":{"index":"index","follow":"follow","max-snippet":"max-snippet:-1","max-image-preview":"max-image-preview:large","max-video-preview":"max-video-preview:-1"},"canonical":"https:\/\/www.checkedholidays.com\/et\/","og_locale":"et_EE","og_type":"article","og_title":"Leia oma ideaalne puhkus Hispaania saartel","og_description":"Avastage oma ideaalne puhkus Hispaania saartel, mida juhendab \u00fcle 20-aastase kogemusega ekspert.","og_url":"https:\/\/www.checkedholidays.com\/et\/","og_site_name":"CheckedHolidays","article_publisher":"http:\/\/www.facebook.com\/checkedholidays","article_modified_time":"2026-02-23T13:08:41+00:00","twitter_card":"summary_large_image","twitter_site":"@checkedholidays","twitter_misc":{"Est. reading time":"1 minut"},"schema":{"@context":"https:\/\/schema.org","@graph":[{"@type":"WebPage","@id":"https:\/\/www.checkedholidays.com\/et\/","url":"https:\/\/www.checkedholidays.com\/et\/","name":"Leia oma ideaalne puhkus Hispaania saartel","isPartOf":{"@id":"https:\/\/www.checkedholidays.com\/et\/#website"},"datePublished":"2023-09-12T12:23:09+00:00","dateModified":"2026-02-23T13:08:41+00:00","description":"Avastage oma ideaalne puhkus Hispaania saartel, mida juhendab \u00fcle 20-aastase kogemusega ekspert.","breadcrumb":{"@id":"https:\/\/www.checkedholidays.com\/et\/#breadcrumb"},"inLanguage":"et","potentialAction":[{"@type":"ReadAction","target":["https:\/\/www.checkedholidays.com\/et\/"]}]},{"@type":"BreadcrumbList","@id":"https:\/\/www.checkedholidays.com\/et\/#breadcrumb","itemListElement":[{"@type":"ListItem","position":1,"name":"Home","item":"https:\/\/www.checkedholidays.com\/et\/"},{"@type":"ListItem","position":2,"name":"Koduleht"}]},{"@type":"WebSite","@id":"https:\/\/www.checkedholidays.com\/et\/#website","url":"https:\/\/www.checkedholidays.com\/et\/","name":"CheckedHolidays","description":"Spanish island holidays... but better!","potentialAction":[{"@type":"SearchAction","target":{"@type":"EntryPoint","urlTemplate":"https:\/\/www.checkedholidays.com\/et\/?s={search_term_string}"},"query-input":{"@type":"PropertyValueSpecification","valueRequired":true,"valueName":"search_term_string"}}],"inLanguage":"et"}]}},"jetpack_sharing_enabled":true,"_links":{"self":[{"href":"https:\/\/www.checkedholidays.com\/et\/wp-json\/wp\/v2\/pages\/63306","targetHints":{"allow":["GET"]}}],"collection":[{"href":"https:\/\/www.checkedholidays.com\/et\/wp-json\/wp\/v2\/pages"}],"about":[{"href":"https:\/\/www.checkedholidays.com\/et\/wp-json\/wp\/v2\/types\/page"}],"author":[{"embeddable":true,"href":"https:\/\/www.checkedholidays.com\/et\/wp-json\/wp\/v2\/users\/1"}],"replies":[{"embeddable":true,"href":"https:\/\/www.checkedholidays.com\/et\/wp-json\/wp\/v2\/comments?post=63306"}],"version-history":[{"count":5,"href":"https:\/\/www.checkedholidays.com\/et\/wp-json\/wp\/v2\/pages\/63306\/revisions"}],"predecessor-version":[{"id":113847,"href":"https:\/\/www.checkedholidays.com\/et\/wp-json\/wp\/v2\/pages\/63306\/revisions\/113847"}],"wp:attachment":[{"href":"https:\/\/www.checkedholidays.com\/et\/wp-json\/wp\/v2\/media?parent=63306"}],"curies":[{"name":"wp","href":"https:\/\/api.w.org\/{rel}","templated":true}]}}