{"id":63274,"date":"2023-09-12T12:21:49","date_gmt":"2023-09-12T12:21:49","guid":{"rendered":"https:\/\/www.checkedholidays.com\/about\/"},"modified":"2024-01-28T21:42:54","modified_gmt":"2024-01-28T21:42:54","slug":"about","status":"publish","type":"page","link":"https:\/\/www.checkedholidays.com\/et\/about\/","title":{"rendered":"Minust"},"content":{"rendered":"\n<p class=\"has-text-align-left wp-block-paragraph\">Jah, CheckHolidays olen mina, tavaline reaalne inimene&#8230; minu tegelik nimi on Ive. Kirjutan, filmin, toimetan, koostan ja avaldan k\u00f5ik oma puhkusejuhendid (99%) ise. Aga kui ma alustasin, tahtsin ma nime, mis n\u00e4eks v\u00e4lja &#8220;professionaalne&#8221;&#8230; n\u00fc\u00fcd olen ma selle juures kinni. Nii et sellel lehek\u00fcljel tahan ma teile natuke rohkem endast r\u00e4\u00e4kida ja n\u00e4idata, et ma olen lihtsalt tavaline inimene, kellest asjaolude t\u00f5ttu sai \u00fcks silmapaistvamaid puhkusen\u00f5ustajaid Hispaania saarte kohta.  <\/p>\n<div class=\"wp-block-image\">\n<figure class=\"aligncenter is-resized\"><img loading=\"lazy\" decoding=\"async\" src=\"https:\/\/i1.wp.com\/www.checkedholidays.com\/wp-content\/uploads\/2019\/03\/IMG_20141017_152816-MOTION.gif?fit=768%2C1024&amp;ssl=1\" alt=\"\" class=\"wp-image-3075\" width=\"384\" height=\"512\"\/><figcaption class=\"wp-element-caption\">15 aastat Hispaanias: Juhuslik ujumine<\/figcaption><\/figure>\n<\/div>\n<p class=\"has-text-align-left wp-block-paragraph\">K\u00f5ik see algas p\u00e4rast seda, kui ta elas ja t\u00f6\u00f6tas \u00fcle 15 aasta \u00fcle kogu Hispaania hotellimehe, baarmeni, operaatori ja helitehnikuna. Kuid p\u00e4rast mitmeid aastaid erinevatel Hispaania saartel erinevatel t\u00f6\u00f6kohtadel t\u00f6\u00f6tamist oli mul raske leida midagi, mida mulle meeldis teha ja mille vastu tunnen end kirglikult.<\/p>\n\n<p class=\"has-text-align-left wp-block-paragraph\">Nii et ma istusin maha ja p\u00fc\u00fcdsin v\u00e4lja m\u00f5elda, mida mulle meeldib teha. Vaadates tagasi juba tehtud t\u00f6\u00f6dele, tulid v\u00e4lja kaks asja, mis mulle v\u00e4ga meeldisid. Need andsid inimestele suurep\u00e4rast puhkust ja l\u00f5id asju. M\u00f5lemat neist tegin ma oma eelmistel t\u00f6\u00f6kohtadel, kuid loomulikult ei saanud ma igavesti t\u00f6\u00f6tada 30+ midagi hotelli meelelahutajana. M\u00f5ne aja p\u00e4rast muutub see imelikuks. Seega otsustasin minna t\u00e4ielikult oma YouTube&#8217;i kanalil ainult 5 videoga Mallorcast, et n\u00e4ha, kas see t\u00f6\u00f6tab v\u00f5i mitte.<\/p>\n\n<p class=\"has-text-align-left wp-block-paragraph\">See v\u00f5ttis paar aastat, kuid praegu (2022), ma aitan \u00fcle <strong>\n  <u>4 miljonit inimest igal aastal<\/u>\n  <span style=\"text-decoration: underline;\">h nende puhkusele Hispaaniasse.<\/span>\n<\/strong> Kuigi see on suurep\u00e4rane, ei ole minu jaoks tegemist numbritega. Eesm\u00e4rk on anda ausat puhkusealast n\u00f5u, mida on raske leida internetist. Kuna enamik lehek\u00fclgi on p\u00e4rit reisifirmadelt, blogijatelt v\u00f5i Instagrami modellidelt, kellele meeldib k\u00f5ike t\u00e4iuslikuks teha, siis mina p\u00fc\u00fcan teha t\u00e4pselt vastupidi. Ma n\u00e4itan seda teile just sellisena, nagu see on, nii et te saate otsustada, kas see sobib teile v\u00f5i mitte.  <\/p>\n","protected":false},"excerpt":{"rendered":"<p>Jah, CheckHolidays olen mina, tavaline reaalne inimene&#8230; minu tegelik nimi on Ive. Kirjutan, filmin, toimetan, koostan ja avaldan k\u00f5ik oma puhkusejuhendid (99%) ise. Aga kui ma alustasin, tahtsin ma nime, mis n\u00e4eks v\u00e4lja &#8220;professionaalne&#8221;&#8230; n\u00fc\u00fcd olen ma selle juures kinni. Nii et sellel lehek\u00fcljel tahan ma teile natuke rohkem endast r\u00e4\u00e4kida ja n\u00e4idata, et ma [&hellip;]<\/p>\n","protected":false},"author":1,"featured_media":63280,"parent":0,"menu_order":0,"comment_status":"closed","ping_status":"closed","template":"template-authors.php","meta":{"_crdt_document":"","footnotes":""},"class_list":["post-63274","page","type-page","status-publish","has-post-thumbnail","hentry"],"yoast_head":"<!-- This site is optimized with the Yoast SEO plugin v27.2 - https:\/\/yoast.com\/product\/yoast-seo-wordpress\/ -->\n<title>Minust<\/title>\n<meta name=\"robots\" content=\"index, follow, max-snippet:-1, max-image-preview:large, max-video-preview:-1\" \/>\n<link rel=\"canonical\" href=\"https:\/\/www.checkedholidays.com\/et\/about\/\" \/>\n<meta property=\"og:locale\" content=\"et_EE\" \/>\n<meta property=\"og:type\" content=\"article\" \/>\n<meta property=\"og:title\" content=\"Minust\" \/>\n<meta property=\"og:description\" content=\"Jah, CheckHolidays olen mina, tavaline reaalne inimene&#8230; minu tegelik nimi on Ive. Kirjutan, filmin, toimetan, koostan ja avaldan k\u00f5ik oma puhkusejuhendid (99%) ise. Aga kui ma alustasin, tahtsin ma nime, mis n\u00e4eks v\u00e4lja &#8220;professionaalne&#8221;&#8230; n\u00fc\u00fcd olen ma selle juures kinni. Nii et sellel lehek\u00fcljel tahan ma teile natuke rohkem endast r\u00e4\u00e4kida ja n\u00e4idata, et ma [&hellip;]\" \/>\n<meta property=\"og:url\" content=\"https:\/\/www.checkedholidays.com\/et\/about\/\" \/>\n<meta property=\"og:site_name\" content=\"CheckedHolidays\" \/>\n<meta property=\"article:publisher\" content=\"http:\/\/www.facebook.com\/checkedholidays\" \/>\n<meta property=\"article:modified_time\" content=\"2024-01-28T21:42:54+00:00\" \/>\n<meta property=\"og:image\" content=\"https:\/\/www.checkedholidays.com\/wp-content\/uploads\/2018\/12\/IMG_20141011_135122-600x450.jpg\" \/>\n\t<meta property=\"og:image:width\" content=\"600\" \/>\n\t<meta property=\"og:image:height\" content=\"450\" \/>\n\t<meta property=\"og:image:type\" content=\"image\/jpeg\" \/>\n<meta name=\"twitter:card\" content=\"summary_large_image\" \/>\n<meta name=\"twitter:site\" content=\"@checkedholidays\" \/>\n<meta name=\"twitter:label1\" content=\"Est. reading time\" \/>\n\t<meta name=\"twitter:data1\" content=\"2 minutit\" \/>\n<script type=\"application\/ld+json\" class=\"yoast-schema-graph\">{\"@context\":\"https:\/\/schema.org\",\"@graph\":[{\"@type\":\"WebPage\",\"@id\":\"https:\/\/www.checkedholidays.com\/et\/about\/\",\"url\":\"https:\/\/www.checkedholidays.com\/et\/about\/\",\"name\":\"Minust\",\"isPartOf\":{\"@id\":\"https:\/\/www.checkedholidays.com\/et\/#website\"},\"primaryImageOfPage\":{\"@id\":\"https:\/\/www.checkedholidays.com\/et\/about\/#primaryimage\"},\"image\":{\"@id\":\"https:\/\/www.checkedholidays.com\/et\/about\/#primaryimage\"},\"thumbnailUrl\":\"https:\/\/i0.wp.com\/www.checkedholidays.com\/wp-content\/uploads\/2018\/12\/IMG_20141011_135122-600x450.jpg?fit=600%2C450&ssl=1\",\"datePublished\":\"2023-09-12T12:21:49+00:00\",\"dateModified\":\"2024-01-28T21:42:54+00:00\",\"breadcrumb\":{\"@id\":\"https:\/\/www.checkedholidays.com\/et\/about\/#breadcrumb\"},\"inLanguage\":\"et\",\"potentialAction\":[{\"@type\":\"ReadAction\",\"target\":[\"https:\/\/www.checkedholidays.com\/et\/about\/\"]}]},{\"@type\":\"ImageObject\",\"inLanguage\":\"et\",\"@id\":\"https:\/\/www.checkedholidays.com\/et\/about\/#primaryimage\",\"url\":\"https:\/\/i0.wp.com\/www.checkedholidays.com\/wp-content\/uploads\/2018\/12\/IMG_20141011_135122-600x450.jpg?fit=600%2C450&ssl=1\",\"contentUrl\":\"https:\/\/i0.wp.com\/www.checkedholidays.com\/wp-content\/uploads\/2018\/12\/IMG_20141011_135122-600x450.jpg?fit=600%2C450&ssl=1\",\"width\":600,\"height\":450},{\"@type\":\"BreadcrumbList\",\"@id\":\"https:\/\/www.checkedholidays.com\/et\/about\/#breadcrumb\",\"itemListElement\":[{\"@type\":\"ListItem\",\"position\":1,\"name\":\"Home\",\"item\":\"https:\/\/www.checkedholidays.com\/et\/\"},{\"@type\":\"ListItem\",\"position\":2,\"name\":\"Minust\"}]},{\"@type\":\"WebSite\",\"@id\":\"https:\/\/www.checkedholidays.com\/et\/#website\",\"url\":\"https:\/\/www.checkedholidays.com\/et\/\",\"name\":\"CheckedHolidays\",\"description\":\"Spanish island holidays... but better!\",\"potentialAction\":[{\"@type\":\"SearchAction\",\"target\":{\"@type\":\"EntryPoint\",\"urlTemplate\":\"https:\/\/www.checkedholidays.com\/et\/?s={search_term_string}\"},\"query-input\":{\"@type\":\"PropertyValueSpecification\",\"valueRequired\":true,\"valueName\":\"search_term_string\"}}],\"inLanguage\":\"et\"}]}<\/script>\n<!-- \/ Yoast SEO plugin. -->","yoast_head_json":{"title":"Minust","robots":{"index":"index","follow":"follow","max-snippet":"max-snippet:-1","max-image-preview":"max-image-preview:large","max-video-preview":"max-video-preview:-1"},"canonical":"https:\/\/www.checkedholidays.com\/et\/about\/","og_locale":"et_EE","og_type":"article","og_title":"Minust","og_description":"Jah, CheckHolidays olen mina, tavaline reaalne inimene&#8230; minu tegelik nimi on Ive. Kirjutan, filmin, toimetan, koostan ja avaldan k\u00f5ik oma puhkusejuhendid (99%) ise. Aga kui ma alustasin, tahtsin ma nime, mis n\u00e4eks v\u00e4lja &#8220;professionaalne&#8221;&#8230; n\u00fc\u00fcd olen ma selle juures kinni. Nii et sellel lehek\u00fcljel tahan ma teile natuke rohkem endast r\u00e4\u00e4kida ja n\u00e4idata, et ma [&hellip;]","og_url":"https:\/\/www.checkedholidays.com\/et\/about\/","og_site_name":"CheckedHolidays","article_publisher":"http:\/\/www.facebook.com\/checkedholidays","article_modified_time":"2024-01-28T21:42:54+00:00","og_image":[{"width":600,"height":450,"url":"https:\/\/www.checkedholidays.com\/wp-content\/uploads\/2018\/12\/IMG_20141011_135122-600x450.jpg","type":"image\/jpeg"}],"twitter_card":"summary_large_image","twitter_site":"@checkedholidays","twitter_misc":{"Est. reading time":"2 minutit"},"schema":{"@context":"https:\/\/schema.org","@graph":[{"@type":"WebPage","@id":"https:\/\/www.checkedholidays.com\/et\/about\/","url":"https:\/\/www.checkedholidays.com\/et\/about\/","name":"Minust","isPartOf":{"@id":"https:\/\/www.checkedholidays.com\/et\/#website"},"primaryImageOfPage":{"@id":"https:\/\/www.checkedholidays.com\/et\/about\/#primaryimage"},"image":{"@id":"https:\/\/www.checkedholidays.com\/et\/about\/#primaryimage"},"thumbnailUrl":"https:\/\/i0.wp.com\/www.checkedholidays.com\/wp-content\/uploads\/2018\/12\/IMG_20141011_135122-600x450.jpg?fit=600%2C450&ssl=1","datePublished":"2023-09-12T12:21:49+00:00","dateModified":"2024-01-28T21:42:54+00:00","breadcrumb":{"@id":"https:\/\/www.checkedholidays.com\/et\/about\/#breadcrumb"},"inLanguage":"et","potentialAction":[{"@type":"ReadAction","target":["https:\/\/www.checkedholidays.com\/et\/about\/"]}]},{"@type":"ImageObject","inLanguage":"et","@id":"https:\/\/www.checkedholidays.com\/et\/about\/#primaryimage","url":"https:\/\/i0.wp.com\/www.checkedholidays.com\/wp-content\/uploads\/2018\/12\/IMG_20141011_135122-600x450.jpg?fit=600%2C450&ssl=1","contentUrl":"https:\/\/i0.wp.com\/www.checkedholidays.com\/wp-content\/uploads\/2018\/12\/IMG_20141011_135122-600x450.jpg?fit=600%2C450&ssl=1","width":600,"height":450},{"@type":"BreadcrumbList","@id":"https:\/\/www.checkedholidays.com\/et\/about\/#breadcrumb","itemListElement":[{"@type":"ListItem","position":1,"name":"Home","item":"https:\/\/www.checkedholidays.com\/et\/"},{"@type":"ListItem","position":2,"name":"Minust"}]},{"@type":"WebSite","@id":"https:\/\/www.checkedholidays.com\/et\/#website","url":"https:\/\/www.checkedholidays.com\/et\/","name":"CheckedHolidays","description":"Spanish island holidays... but better!","potentialAction":[{"@type":"SearchAction","target":{"@type":"EntryPoint","urlTemplate":"https:\/\/www.checkedholidays.com\/et\/?s={search_term_string}"},"query-input":{"@type":"PropertyValueSpecification","valueRequired":true,"valueName":"search_term_string"}}],"inLanguage":"et"}]}},"jetpack_sharing_enabled":true,"_links":{"self":[{"href":"https:\/\/www.checkedholidays.com\/et\/wp-json\/wp\/v2\/pages\/63274","targetHints":{"allow":["GET"]}}],"collection":[{"href":"https:\/\/www.checkedholidays.com\/et\/wp-json\/wp\/v2\/pages"}],"about":[{"href":"https:\/\/www.checkedholidays.com\/et\/wp-json\/wp\/v2\/types\/page"}],"author":[{"embeddable":true,"href":"https:\/\/www.checkedholidays.com\/et\/wp-json\/wp\/v2\/users\/1"}],"replies":[{"embeddable":true,"href":"https:\/\/www.checkedholidays.com\/et\/wp-json\/wp\/v2\/comments?post=63274"}],"version-history":[{"count":1,"href":"https:\/\/www.checkedholidays.com\/et\/wp-json\/wp\/v2\/pages\/63274\/revisions"}],"predecessor-version":[{"id":63281,"href":"https:\/\/www.checkedholidays.com\/et\/wp-json\/wp\/v2\/pages\/63274\/revisions\/63281"}],"wp:featuredmedia":[{"embeddable":true,"href":"https:\/\/www.checkedholidays.com\/et\/wp-json\/wp\/v2\/media\/63280"}],"wp:attachment":[{"href":"https:\/\/www.checkedholidays.com\/et\/wp-json\/wp\/v2\/media?parent=63274"}],"curies":[{"name":"wp","href":"https:\/\/api.w.org\/{rel}","templated":true}]}}