{"id":63238,"date":"2023-09-12T12:20:24","date_gmt":"2023-09-12T12:20:24","guid":{"rendered":"https:\/\/www.checkedholidays.com\/about-checkedholidays\/"},"modified":"2023-12-02T12:32:59","modified_gmt":"2023-12-02T12:32:59","slug":"about-checkedholidays","status":"publish","type":"page","link":"https:\/\/www.checkedholidays.com\/et\/about-checkedholidays\/","title":{"rendered":"CheckedHolidays&#8217;i kohta"},"content":{"rendered":"\n<p class=\"wp-block-paragraph\">CheckedHolidays asutati 2012. aastal p\u00e4rast seda, kui m\u00e4rkas, et internetis on palju valeinfot Hispaania saarte puhkuse kohta. See v\u00e4\u00e4rinfo m\u00f5jutas negatiivselt inimeste puhkust, mist\u00f5ttu tegime YouTube&#8217;ile video, et seda v\u00e4\u00e4rinfot parandada. P\u00e4rast seda, kui see v\u00f5eti \u00fcles ja esitleti Expressis, j\u00f5udis see \u00fcle 100 000 vaataja. Sealt saime inspiratsiooni, et teha rohkem!<\/p>\n\n<p class=\"has-text-align-center has-large-font-size wp-block-paragraph\"><strong>Kontakt<\/strong><\/p>\n\n<p class=\"has-text-align-center has-large-font-size wp-block-paragraph\"><strong>info(at)CheckedHolidays.com<\/strong><\/p>\n\n<h2 class=\"wp-block-heading\">Veebileht<\/h2>\n\n<p class=\"wp-block-paragraph\">2019. aasta oli veebilehe esimene t\u00e4isaasta, mis j\u00f5udis iga kuu umbes 1 000 lugejani. N\u00fc\u00fcd, 2022. aastal, on igal kuul \u00fcle 30 000 unikaalse ingliskeelse lugeja.  <\/p>\n\n<p class=\"wp-block-paragraph\">Alates augustist 2022 on veebisait k\u00e4ttesaadav k\u00f5ikides Euroopa peamistes keeltes, mis suurendab lugejate arvu veelgi kiiremini.<\/p>\n\n<p class=\"wp-block-paragraph\">Selle veebisaidi eesm\u00e4rk on 2023. aastal aidata \u00fcle <strong><span style=\"text-decoration: underline;\">POOL MILJONIT<\/span><\/strong> inimestele paremat puhkust!<\/p>\n\n<figure class=\"wp-block-image size-large\"><img data-recalc-dims=\"1\" loading=\"lazy\" decoding=\"async\" width=\"1024\" height=\"233\" src=\"https:\/\/i0.wp.com\/www.checkedholidays.com\/wp-content\/uploads\/2023\/01\/Screenshot-2023-01-28-at-20.09.55.png?resize=1024%2C233&#038;ssl=1\" alt=\"\" class=\"wp-image-37413\" srcset=\"https:\/\/i0.wp.com\/www.checkedholidays.com\/wp-content\/uploads\/2023\/01\/Screenshot-2023-01-28-at-20.09.55.png?resize=1024%2C233&amp;ssl=1 1024w, https:\/\/i0.wp.com\/www.checkedholidays.com\/wp-content\/uploads\/2023\/01\/Screenshot-2023-01-28-at-20.09.55.png?resize=300%2C68&amp;ssl=1 300w, https:\/\/i0.wp.com\/www.checkedholidays.com\/wp-content\/uploads\/2023\/01\/Screenshot-2023-01-28-at-20.09.55.png?resize=768%2C175&amp;ssl=1 768w, https:\/\/i0.wp.com\/www.checkedholidays.com\/wp-content\/uploads\/2023\/01\/Screenshot-2023-01-28-at-20.09.55.png?resize=1536%2C350&amp;ssl=1 1536w, https:\/\/i0.wp.com\/www.checkedholidays.com\/wp-content\/uploads\/2023\/01\/Screenshot-2023-01-28-at-20.09.55.png?resize=1920%2C437&amp;ssl=1 1920w, https:\/\/i0.wp.com\/www.checkedholidays.com\/wp-content\/uploads\/2023\/01\/Screenshot-2023-01-28-at-20.09.55.png?resize=600%2C137&amp;ssl=1 600w, https:\/\/i0.wp.com\/www.checkedholidays.com\/wp-content\/uploads\/2023\/01\/Screenshot-2023-01-28-at-20.09.55.png?resize=800%2C182&amp;ssl=1 800w, https:\/\/i0.wp.com\/www.checkedholidays.com\/wp-content\/uploads\/2023\/01\/Screenshot-2023-01-28-at-20.09.55.png?w=1968&amp;ssl=1 1968w\" sizes=\"auto, (max-width: 1024px) 100vw, 1024px\" \/><\/figure>\n\n<h2 class=\"wp-block-heading\">YouTube<\/h2>\n\n<p class=\"wp-block-paragraph\"><a href=\"http:\/\/youtube.com\/checkedholidays\">YouTube&#8217;i<\/a> kanal alustas 2012. aastal, kuid alles 2015. aastal sai rohkem videoid ja 2018. aastal veelgi rohkem. P\u00e4rast seda, kui 2020. aastal reisipiirangute t\u00f5ttu oli vaatajate arv v\u00e4ga v\u00e4henenud, j\u00f5uab see praegu iga kuu \u00fcle 125 000 vaatajani ja see arv kasvab.<\/p>\n\n<figure class=\"wp-block-image size-large\"><img data-recalc-dims=\"1\" loading=\"lazy\" decoding=\"async\" width=\"1024\" height=\"230\" src=\"https:\/\/i0.wp.com\/www.checkedholidays.com\/wp-content\/uploads\/2023\/01\/Screenshot-2023-01-28-at-20.14.02.png?resize=1024%2C230&#038;ssl=1\" alt=\"\" class=\"wp-image-37429\" srcset=\"https:\/\/i0.wp.com\/www.checkedholidays.com\/wp-content\/uploads\/2023\/01\/Screenshot-2023-01-28-at-20.14.02.png?resize=1024%2C230&amp;ssl=1 1024w, https:\/\/i0.wp.com\/www.checkedholidays.com\/wp-content\/uploads\/2023\/01\/Screenshot-2023-01-28-at-20.14.02.png?resize=300%2C67&amp;ssl=1 300w, https:\/\/i0.wp.com\/www.checkedholidays.com\/wp-content\/uploads\/2023\/01\/Screenshot-2023-01-28-at-20.14.02.png?resize=768%2C172&amp;ssl=1 768w, https:\/\/i0.wp.com\/www.checkedholidays.com\/wp-content\/uploads\/2023\/01\/Screenshot-2023-01-28-at-20.14.02.png?resize=1536%2C345&amp;ssl=1 1536w, https:\/\/i0.wp.com\/www.checkedholidays.com\/wp-content\/uploads\/2023\/01\/Screenshot-2023-01-28-at-20.14.02.png?resize=2048%2C460&amp;ssl=1 2048w, https:\/\/i0.wp.com\/www.checkedholidays.com\/wp-content\/uploads\/2023\/01\/Screenshot-2023-01-28-at-20.14.02.png?resize=1920%2C431&amp;ssl=1 1920w, https:\/\/i0.wp.com\/www.checkedholidays.com\/wp-content\/uploads\/2023\/01\/Screenshot-2023-01-28-at-20.14.02.png?resize=600%2C135&amp;ssl=1 600w, https:\/\/i0.wp.com\/www.checkedholidays.com\/wp-content\/uploads\/2023\/01\/Screenshot-2023-01-28-at-20.14.02.png?resize=800%2C180&amp;ssl=1 800w, https:\/\/i0.wp.com\/www.checkedholidays.com\/wp-content\/uploads\/2023\/01\/Screenshot-2023-01-28-at-20.14.02.png?w=2388&amp;ssl=1 2388w\" sizes=\"auto, (max-width: 1024px) 100vw, 1024px\" \/><\/figure>\n\n<h2 class=\"wp-block-heading\">Koost\u00f6\u00f6 ja reklaam<\/h2>\n\n<p class=\"wp-block-paragraph\">Veebilehel CheckedHolidays.com r\u00e4\u00e4gime puhkuse sihtkohtade halbadest ja headest k\u00fclgedest, et anda parimaid puhkuse n\u00f5uandeid. See on \u00fcks p\u00f5hjusi, miks meie sait on<strong> usaldusv\u00e4\u00e4rne ja armastatud \u00fcha kasvava lugejaskonna poolt<\/strong>. Et pakkuda j\u00e4tkuvalt kvaliteetset ja s\u00f5ltumatut puhkusen\u00f5uannet, ei tee me tasulisi reklaame toodete v\u00f5i teenuste eest, millesse me ei usu. Kui te aga arvate, et oleme teie hotelli, kuurorti, atraktsiooni, ekskursiooni v\u00f5i teenust t\u00e4helepanuta j\u00e4tnud, ja soovite, et me selle tasuta veebisaidile lisaksime. Palun v\u00f5tke meiega \u00fchendust ja p\u00e4rast isiklikku l\u00e4bivaatamist v\u00f5idakse teid kaasata.<\/p>\n\n<p class=\"has-text-align-center has-large-font-size wp-block-paragraph\"><strong>Kontakt<\/strong><\/p>\n\n<p class=\"has-text-align-center has-large-font-size wp-block-paragraph\"><strong>info(at)CheckedHolidays.com<\/strong><\/p>\n","protected":false},"excerpt":{"rendered":"<p>CheckedHolidays asutati 2012. aastal p\u00e4rast seda, kui m\u00e4rkas, et internetis on palju valeinfot Hispaania saarte puhkuse kohta. See v\u00e4\u00e4rinfo m\u00f5jutas negatiivselt inimeste puhkust, mist\u00f5ttu tegime YouTube&#8217;ile video, et seda v\u00e4\u00e4rinfot parandada. P\u00e4rast seda, kui see v\u00f5eti \u00fcles ja esitleti Expressis, j\u00f5udis see \u00fcle 100 000 vaataja. Sealt saime inspiratsiooni, et teha rohkem! Kontakt info(at)CheckedHolidays.com Veebileht [&hellip;]<\/p>\n","protected":false},"author":1,"featured_media":63241,"parent":0,"menu_order":0,"comment_status":"closed","ping_status":"closed","template":"","meta":{"_crdt_document":"","footnotes":""},"class_list":["post-63238","page","type-page","status-publish","has-post-thumbnail","hentry"],"yoast_head":"<!-- This site is optimized with the Yoast SEO plugin v27.2 - https:\/\/yoast.com\/product\/yoast-seo-wordpress\/ -->\n<title>CheckedHolidays&#039;i kohta<\/title>\n<meta name=\"robots\" content=\"index, follow, max-snippet:-1, max-image-preview:large, max-video-preview:-1\" \/>\n<link rel=\"canonical\" href=\"https:\/\/www.checkedholidays.com\/et\/about-checkedholidays\/\" \/>\n<meta property=\"og:locale\" content=\"et_EE\" \/>\n<meta property=\"og:type\" content=\"article\" \/>\n<meta property=\"og:title\" content=\"CheckedHolidays&#039;i kohta\" \/>\n<meta property=\"og:description\" content=\"CheckedHolidays asutati 2012. aastal p\u00e4rast seda, kui m\u00e4rkas, et internetis on palju valeinfot Hispaania saarte puhkuse kohta. See v\u00e4\u00e4rinfo m\u00f5jutas negatiivselt inimeste puhkust, mist\u00f5ttu tegime YouTube&#8217;ile video, et seda v\u00e4\u00e4rinfot parandada. P\u00e4rast seda, kui see v\u00f5eti \u00fcles ja esitleti Expressis, j\u00f5udis see \u00fcle 100 000 vaataja. Sealt saime inspiratsiooni, et teha rohkem! Kontakt info(at)CheckedHolidays.com Veebileht [&hellip;]\" \/>\n<meta property=\"og:url\" content=\"https:\/\/www.checkedholidays.com\/et\/about-checkedholidays\/\" \/>\n<meta property=\"og:site_name\" content=\"CheckedHolidays\" \/>\n<meta property=\"article:publisher\" content=\"http:\/\/www.facebook.com\/checkedholidays\" \/>\n<meta property=\"article:modified_time\" content=\"2023-12-02T12:32:59+00:00\" \/>\n<meta property=\"og:image\" content=\"https:\/\/i0.wp.com\/www.checkedholidays.com\/wp-content\/uploads\/2022\/06\/Website-growth.png?fit=1874%2C452&ssl=1\" \/>\n\t<meta property=\"og:image:width\" content=\"1874\" \/>\n\t<meta property=\"og:image:height\" content=\"452\" \/>\n\t<meta property=\"og:image:type\" content=\"image\/png\" \/>\n<meta name=\"twitter:card\" content=\"summary_large_image\" \/>\n<meta name=\"twitter:site\" content=\"@checkedholidays\" \/>\n<meta name=\"twitter:label1\" content=\"Est. reading time\" \/>\n\t<meta name=\"twitter:data1\" content=\"1 minut\" \/>\n<script type=\"application\/ld+json\" class=\"yoast-schema-graph\">{\"@context\":\"https:\/\/schema.org\",\"@graph\":[{\"@type\":\"WebPage\",\"@id\":\"https:\/\/www.checkedholidays.com\/et\/about-checkedholidays\/\",\"url\":\"https:\/\/www.checkedholidays.com\/et\/about-checkedholidays\/\",\"name\":\"CheckedHolidays'i kohta\",\"isPartOf\":{\"@id\":\"https:\/\/www.checkedholidays.com\/et\/#website\"},\"primaryImageOfPage\":{\"@id\":\"https:\/\/www.checkedholidays.com\/et\/about-checkedholidays\/#primaryimage\"},\"image\":{\"@id\":\"https:\/\/www.checkedholidays.com\/et\/about-checkedholidays\/#primaryimage\"},\"thumbnailUrl\":\"https:\/\/i0.wp.com\/www.checkedholidays.com\/wp-content\/uploads\/2022\/06\/Website-growth.png?fit=1874%2C452&ssl=1\",\"datePublished\":\"2023-09-12T12:20:24+00:00\",\"dateModified\":\"2023-12-02T12:32:59+00:00\",\"breadcrumb\":{\"@id\":\"https:\/\/www.checkedholidays.com\/et\/about-checkedholidays\/#breadcrumb\"},\"inLanguage\":\"et\",\"potentialAction\":[{\"@type\":\"ReadAction\",\"target\":[\"https:\/\/www.checkedholidays.com\/et\/about-checkedholidays\/\"]}]},{\"@type\":\"ImageObject\",\"inLanguage\":\"et\",\"@id\":\"https:\/\/www.checkedholidays.com\/et\/about-checkedholidays\/#primaryimage\",\"url\":\"https:\/\/i0.wp.com\/www.checkedholidays.com\/wp-content\/uploads\/2022\/06\/Website-growth.png?fit=1874%2C452&ssl=1\",\"contentUrl\":\"https:\/\/i0.wp.com\/www.checkedholidays.com\/wp-content\/uploads\/2022\/06\/Website-growth.png?fit=1874%2C452&ssl=1\",\"width\":1874,\"height\":452},{\"@type\":\"BreadcrumbList\",\"@id\":\"https:\/\/www.checkedholidays.com\/et\/about-checkedholidays\/#breadcrumb\",\"itemListElement\":[{\"@type\":\"ListItem\",\"position\":1,\"name\":\"Home\",\"item\":\"https:\/\/www.checkedholidays.com\/et\/\"},{\"@type\":\"ListItem\",\"position\":2,\"name\":\"CheckedHolidays&#8217;i kohta\"}]},{\"@type\":\"WebSite\",\"@id\":\"https:\/\/www.checkedholidays.com\/et\/#website\",\"url\":\"https:\/\/www.checkedholidays.com\/et\/\",\"name\":\"CheckedHolidays\",\"description\":\"Spanish island holidays... but better!\",\"potentialAction\":[{\"@type\":\"SearchAction\",\"target\":{\"@type\":\"EntryPoint\",\"urlTemplate\":\"https:\/\/www.checkedholidays.com\/et\/?s={search_term_string}\"},\"query-input\":{\"@type\":\"PropertyValueSpecification\",\"valueRequired\":true,\"valueName\":\"search_term_string\"}}],\"inLanguage\":\"et\"}]}<\/script>\n<!-- \/ Yoast SEO plugin. -->","yoast_head_json":{"title":"CheckedHolidays'i kohta","robots":{"index":"index","follow":"follow","max-snippet":"max-snippet:-1","max-image-preview":"max-image-preview:large","max-video-preview":"max-video-preview:-1"},"canonical":"https:\/\/www.checkedholidays.com\/et\/about-checkedholidays\/","og_locale":"et_EE","og_type":"article","og_title":"CheckedHolidays'i kohta","og_description":"CheckedHolidays asutati 2012. aastal p\u00e4rast seda, kui m\u00e4rkas, et internetis on palju valeinfot Hispaania saarte puhkuse kohta. See v\u00e4\u00e4rinfo m\u00f5jutas negatiivselt inimeste puhkust, mist\u00f5ttu tegime YouTube&#8217;ile video, et seda v\u00e4\u00e4rinfot parandada. P\u00e4rast seda, kui see v\u00f5eti \u00fcles ja esitleti Expressis, j\u00f5udis see \u00fcle 100 000 vaataja. Sealt saime inspiratsiooni, et teha rohkem! Kontakt info(at)CheckedHolidays.com Veebileht [&hellip;]","og_url":"https:\/\/www.checkedholidays.com\/et\/about-checkedholidays\/","og_site_name":"CheckedHolidays","article_publisher":"http:\/\/www.facebook.com\/checkedholidays","article_modified_time":"2023-12-02T12:32:59+00:00","og_image":[{"width":1874,"height":452,"url":"https:\/\/i0.wp.com\/www.checkedholidays.com\/wp-content\/uploads\/2022\/06\/Website-growth.png?fit=1874%2C452&ssl=1","type":"image\/png"}],"twitter_card":"summary_large_image","twitter_site":"@checkedholidays","twitter_misc":{"Est. reading time":"1 minut"},"schema":{"@context":"https:\/\/schema.org","@graph":[{"@type":"WebPage","@id":"https:\/\/www.checkedholidays.com\/et\/about-checkedholidays\/","url":"https:\/\/www.checkedholidays.com\/et\/about-checkedholidays\/","name":"CheckedHolidays'i kohta","isPartOf":{"@id":"https:\/\/www.checkedholidays.com\/et\/#website"},"primaryImageOfPage":{"@id":"https:\/\/www.checkedholidays.com\/et\/about-checkedholidays\/#primaryimage"},"image":{"@id":"https:\/\/www.checkedholidays.com\/et\/about-checkedholidays\/#primaryimage"},"thumbnailUrl":"https:\/\/i0.wp.com\/www.checkedholidays.com\/wp-content\/uploads\/2022\/06\/Website-growth.png?fit=1874%2C452&ssl=1","datePublished":"2023-09-12T12:20:24+00:00","dateModified":"2023-12-02T12:32:59+00:00","breadcrumb":{"@id":"https:\/\/www.checkedholidays.com\/et\/about-checkedholidays\/#breadcrumb"},"inLanguage":"et","potentialAction":[{"@type":"ReadAction","target":["https:\/\/www.checkedholidays.com\/et\/about-checkedholidays\/"]}]},{"@type":"ImageObject","inLanguage":"et","@id":"https:\/\/www.checkedholidays.com\/et\/about-checkedholidays\/#primaryimage","url":"https:\/\/i0.wp.com\/www.checkedholidays.com\/wp-content\/uploads\/2022\/06\/Website-growth.png?fit=1874%2C452&ssl=1","contentUrl":"https:\/\/i0.wp.com\/www.checkedholidays.com\/wp-content\/uploads\/2022\/06\/Website-growth.png?fit=1874%2C452&ssl=1","width":1874,"height":452},{"@type":"BreadcrumbList","@id":"https:\/\/www.checkedholidays.com\/et\/about-checkedholidays\/#breadcrumb","itemListElement":[{"@type":"ListItem","position":1,"name":"Home","item":"https:\/\/www.checkedholidays.com\/et\/"},{"@type":"ListItem","position":2,"name":"CheckedHolidays&#8217;i kohta"}]},{"@type":"WebSite","@id":"https:\/\/www.checkedholidays.com\/et\/#website","url":"https:\/\/www.checkedholidays.com\/et\/","name":"CheckedHolidays","description":"Spanish island holidays... but better!","potentialAction":[{"@type":"SearchAction","target":{"@type":"EntryPoint","urlTemplate":"https:\/\/www.checkedholidays.com\/et\/?s={search_term_string}"},"query-input":{"@type":"PropertyValueSpecification","valueRequired":true,"valueName":"search_term_string"}}],"inLanguage":"et"}]}},"jetpack_sharing_enabled":true,"_links":{"self":[{"href":"https:\/\/www.checkedholidays.com\/et\/wp-json\/wp\/v2\/pages\/63238","targetHints":{"allow":["GET"]}}],"collection":[{"href":"https:\/\/www.checkedholidays.com\/et\/wp-json\/wp\/v2\/pages"}],"about":[{"href":"https:\/\/www.checkedholidays.com\/et\/wp-json\/wp\/v2\/types\/page"}],"author":[{"embeddable":true,"href":"https:\/\/www.checkedholidays.com\/et\/wp-json\/wp\/v2\/users\/1"}],"replies":[{"embeddable":true,"href":"https:\/\/www.checkedholidays.com\/et\/wp-json\/wp\/v2\/comments?post=63238"}],"version-history":[{"count":4,"href":"https:\/\/www.checkedholidays.com\/et\/wp-json\/wp\/v2\/pages\/63238\/revisions"}],"predecessor-version":[{"id":78404,"href":"https:\/\/www.checkedholidays.com\/et\/wp-json\/wp\/v2\/pages\/63238\/revisions\/78404"}],"wp:featuredmedia":[{"embeddable":true,"href":"https:\/\/www.checkedholidays.com\/et\/wp-json\/wp\/v2\/media\/63241"}],"wp:attachment":[{"href":"https:\/\/www.checkedholidays.com\/et\/wp-json\/wp\/v2\/media?parent=63238"}],"curies":[{"name":"wp","href":"https:\/\/api.w.org\/{rel}","templated":true}]}}