{"id":24580,"date":"2022-09-05T14:28:33","date_gmt":"2022-09-05T14:28:33","guid":{"rendered":"https:\/\/www.checkedholidays.com\/home\/"},"modified":"2026-02-23T13:21:09","modified_gmt":"2026-02-23T13:21:09","slug":"home","status":"publish","type":"page","link":"https:\/\/www.checkedholidays.com\/es\/","title":{"rendered":"P\u00e1gina de inicio"},"content":{"rendered":"\n<h2 class=\"wp-block-heading has-text-align-center\"><strong>Encuentra tus vacaciones ideales en las Islas Espa\u00f1olas<\/strong><\/h2>\n\n<p class=\"wp-block-paragraph\">Estupendo todo el a\u00f1o<\/p>\n\n<ul class=\"wp-block-list\">\n<li><strong><u><a href=\"https:\/\/www.checkedholidays.com\/es\/tag\/tenerife-es\/\" type=\"category\" id=\"59\">Tenerife<\/a><\/u><\/strong> &#8211; Lo mejor para familias que buscan variedad, atracciones y comodidad.<\/li>\n\n\n\n<li><strong><u><a href=\"https:\/\/www.checkedholidays.com\/es\/tag\/gran-canaria-es\/\" type=\"category\" id=\"60\">Gran Canaria<\/a><\/u><\/strong> &#8211; Lo mejor para parejas y adultos que buscan vida nocturna, restaurantes y compras.<\/li>\n\n\n\n<li><strong><u><a href=\"https:\/\/www.checkedholidays.com\/es\/tag\/lanzarote-es\/\" type=\"category\" id=\"61\">Lanzarote<\/a><\/u><\/strong> &#8211; Lo mejor para unas vacaciones con todo incluido y relajantes.<\/li>\n\n\n\n<li><strong><u><a href=\"https:\/\/www.checkedholidays.com\/es\/guide\/fuerteventura-es\/\" type=\"category\" id=\"309\">Fuerteventura<\/a><\/u><\/strong> &#8211; Lo mejor para unas vacaciones en la playa con mucho espacio.<\/li>\n<\/ul>\n\n<p class=\"wp-block-paragraph\">Mejor de mayo a octubre<\/p>\n\n<ul class=\"wp-block-list\">\n<li><strong><u><a href=\"https:\/\/www.checkedholidays.com\/es\/tag\/mallorca-es\/\" type=\"category\" id=\"57\">Mallorca<\/a><\/u><\/strong> &#8211; Lo mejor para familias y buscadores de variedad que quieran playas, excursiones y muchas opciones.<\/li>\n\n\n\n<li><strong><u><a href=\"https:\/\/www.checkedholidays.com\/es\/tag\/menorca-es\/\" type=\"category\" id=\"91\">Menorca<\/a><\/u><\/strong> &#8211; Lo mejor para unas vacaciones m\u00e1s tranquilas, relajadas y familiares, con aut\u00e9ntico encanto.  <\/li>\n\n\n\n<li><strong><u><a href=\"https:\/\/www.checkedholidays.com\/es\/guide\/ibiza-es\/\" type=\"category\" id=\"633\">Ibiza<\/a><\/u><\/strong> &#8211; Lo mejor para adultos, parejas, vida nocturna, clubes de playa y destinos de vacaciones con estilo.<\/li>\n<\/ul>\n","protected":false},"excerpt":{"rendered":"<p>Encuentra tus vacaciones ideales en las Islas Espa\u00f1olas Estupendo todo el a\u00f1o Mejor de mayo a octubre<\/p>\n","protected":false},"author":1,"featured_media":0,"parent":0,"menu_order":0,"comment_status":"closed","ping_status":"closed","template":"","meta":{"_crdt_document":"","footnotes":""},"class_list":["post-24580","page","type-page","status-publish","hentry"],"yoast_head":"<!-- This site is optimized with the Yoast SEO plugin v27.2 - https:\/\/yoast.com\/product\/yoast-seo-wordpress\/ -->\n<title>Encuentra tus vacaciones ideales en las Islas Espa\u00f1olas<\/title>\n<meta name=\"description\" content=\"Descubre tus vacaciones ideales en las Islas Espa\u00f1olas, guiado por un experto con m\u00e1s de 20 a\u00f1os de experiencia.\" \/>\n<meta name=\"robots\" content=\"index, follow, max-snippet:-1, max-image-preview:large, max-video-preview:-1\" \/>\n<link rel=\"canonical\" href=\"https:\/\/www.checkedholidays.com\/es\/\" \/>\n<meta property=\"og:locale\" content=\"es_ES\" \/>\n<meta property=\"og:type\" content=\"article\" \/>\n<meta property=\"og:title\" content=\"Encuentra tus vacaciones ideales en las Islas Espa\u00f1olas\" \/>\n<meta property=\"og:description\" content=\"Descubre tus vacaciones ideales en las Islas Espa\u00f1olas, guiado por un experto con m\u00e1s de 20 a\u00f1os de experiencia.\" \/>\n<meta property=\"og:url\" content=\"https:\/\/www.checkedholidays.com\/es\/\" \/>\n<meta property=\"og:site_name\" content=\"CheckedHolidays\" \/>\n<meta property=\"article:publisher\" content=\"http:\/\/www.facebook.com\/checkedholidays\" \/>\n<meta property=\"article:modified_time\" content=\"2026-02-23T13:21:09+00:00\" \/>\n<meta name=\"twitter:card\" content=\"summary_large_image\" \/>\n<meta name=\"twitter:site\" content=\"@checkedholidays\" \/>\n<meta name=\"twitter:label1\" content=\"Tiempo de lectura\" \/>\n\t<meta name=\"twitter:data1\" content=\"1 minuto\" \/>\n<script type=\"application\/ld+json\" class=\"yoast-schema-graph\">{\"@context\":\"https:\/\/schema.org\",\"@graph\":[{\"@type\":\"WebPage\",\"@id\":\"https:\/\/www.checkedholidays.com\/es\/\",\"url\":\"https:\/\/www.checkedholidays.com\/es\/\",\"name\":\"Encuentra tus vacaciones ideales en las Islas Espa\u00f1olas\",\"isPartOf\":{\"@id\":\"https:\/\/www.checkedholidays.com\/es\/#website\"},\"datePublished\":\"2022-09-05T14:28:33+00:00\",\"dateModified\":\"2026-02-23T13:21:09+00:00\",\"description\":\"Descubre tus vacaciones ideales en las Islas Espa\u00f1olas, guiado por un experto con m\u00e1s de 20 a\u00f1os de experiencia.\",\"breadcrumb\":{\"@id\":\"https:\/\/www.checkedholidays.com\/es\/#breadcrumb\"},\"inLanguage\":\"es\",\"potentialAction\":[{\"@type\":\"ReadAction\",\"target\":[\"https:\/\/www.checkedholidays.com\/es\/\"]}]},{\"@type\":\"BreadcrumbList\",\"@id\":\"https:\/\/www.checkedholidays.com\/es\/#breadcrumb\",\"itemListElement\":[{\"@type\":\"ListItem\",\"position\":1,\"name\":\"Home\",\"item\":\"https:\/\/www.checkedholidays.com\/es\/\"},{\"@type\":\"ListItem\",\"position\":2,\"name\":\"P\u00e1gina de inicio\"}]},{\"@type\":\"WebSite\",\"@id\":\"https:\/\/www.checkedholidays.com\/es\/#website\",\"url\":\"https:\/\/www.checkedholidays.com\/es\/\",\"name\":\"CheckedHolidays\",\"description\":\"Spanish island holidays... but better!\",\"potentialAction\":[{\"@type\":\"SearchAction\",\"target\":{\"@type\":\"EntryPoint\",\"urlTemplate\":\"https:\/\/www.checkedholidays.com\/es\/?s={search_term_string}\"},\"query-input\":{\"@type\":\"PropertyValueSpecification\",\"valueRequired\":true,\"valueName\":\"search_term_string\"}}],\"inLanguage\":\"es\"}]}<\/script>\n<!-- \/ Yoast SEO plugin. -->","yoast_head_json":{"title":"Encuentra tus vacaciones ideales en las Islas Espa\u00f1olas","description":"Descubre tus vacaciones ideales en las Islas Espa\u00f1olas, guiado por un experto con m\u00e1s de 20 a\u00f1os de experiencia.","robots":{"index":"index","follow":"follow","max-snippet":"max-snippet:-1","max-image-preview":"max-image-preview:large","max-video-preview":"max-video-preview:-1"},"canonical":"https:\/\/www.checkedholidays.com\/es\/","og_locale":"es_ES","og_type":"article","og_title":"Encuentra tus vacaciones ideales en las Islas Espa\u00f1olas","og_description":"Descubre tus vacaciones ideales en las Islas Espa\u00f1olas, guiado por un experto con m\u00e1s de 20 a\u00f1os de experiencia.","og_url":"https:\/\/www.checkedholidays.com\/es\/","og_site_name":"CheckedHolidays","article_publisher":"http:\/\/www.facebook.com\/checkedholidays","article_modified_time":"2026-02-23T13:21:09+00:00","twitter_card":"summary_large_image","twitter_site":"@checkedholidays","twitter_misc":{"Tiempo de lectura":"1 minuto"},"schema":{"@context":"https:\/\/schema.org","@graph":[{"@type":"WebPage","@id":"https:\/\/www.checkedholidays.com\/es\/","url":"https:\/\/www.checkedholidays.com\/es\/","name":"Encuentra tus vacaciones ideales en las Islas Espa\u00f1olas","isPartOf":{"@id":"https:\/\/www.checkedholidays.com\/es\/#website"},"datePublished":"2022-09-05T14:28:33+00:00","dateModified":"2026-02-23T13:21:09+00:00","description":"Descubre tus vacaciones ideales en las Islas Espa\u00f1olas, guiado por un experto con m\u00e1s de 20 a\u00f1os de experiencia.","breadcrumb":{"@id":"https:\/\/www.checkedholidays.com\/es\/#breadcrumb"},"inLanguage":"es","potentialAction":[{"@type":"ReadAction","target":["https:\/\/www.checkedholidays.com\/es\/"]}]},{"@type":"BreadcrumbList","@id":"https:\/\/www.checkedholidays.com\/es\/#breadcrumb","itemListElement":[{"@type":"ListItem","position":1,"name":"Home","item":"https:\/\/www.checkedholidays.com\/es\/"},{"@type":"ListItem","position":2,"name":"P\u00e1gina de inicio"}]},{"@type":"WebSite","@id":"https:\/\/www.checkedholidays.com\/es\/#website","url":"https:\/\/www.checkedholidays.com\/es\/","name":"CheckedHolidays","description":"Spanish island holidays... but better!","potentialAction":[{"@type":"SearchAction","target":{"@type":"EntryPoint","urlTemplate":"https:\/\/www.checkedholidays.com\/es\/?s={search_term_string}"},"query-input":{"@type":"PropertyValueSpecification","valueRequired":true,"valueName":"search_term_string"}}],"inLanguage":"es"}]}},"jetpack_sharing_enabled":true,"_links":{"self":[{"href":"https:\/\/www.checkedholidays.com\/es\/wp-json\/wp\/v2\/pages\/24580","targetHints":{"allow":["GET"]}}],"collection":[{"href":"https:\/\/www.checkedholidays.com\/es\/wp-json\/wp\/v2\/pages"}],"about":[{"href":"https:\/\/www.checkedholidays.com\/es\/wp-json\/wp\/v2\/types\/page"}],"author":[{"embeddable":true,"href":"https:\/\/www.checkedholidays.com\/es\/wp-json\/wp\/v2\/users\/1"}],"replies":[{"embeddable":true,"href":"https:\/\/www.checkedholidays.com\/es\/wp-json\/wp\/v2\/comments?post=24580"}],"version-history":[{"count":5,"href":"https:\/\/www.checkedholidays.com\/es\/wp-json\/wp\/v2\/pages\/24580\/revisions"}],"predecessor-version":[{"id":113855,"href":"https:\/\/www.checkedholidays.com\/es\/wp-json\/wp\/v2\/pages\/24580\/revisions\/113855"}],"wp:attachment":[{"href":"https:\/\/www.checkedholidays.com\/es\/wp-json\/wp\/v2\/media?parent=24580"}],"curies":[{"name":"wp","href":"https:\/\/api.w.org\/{rel}","templated":true}]}}