{"id":24520,"date":"2022-09-05T12:51:15","date_gmt":"2022-09-05T12:51:15","guid":{"rendered":"https:\/\/www.checkedholidays.com\/affiliate-disclaimer\/"},"modified":"2022-09-05T12:51:16","modified_gmt":"2022-09-05T12:51:16","slug":"affiliate-disclaimer","status":"publish","type":"page","link":"https:\/\/www.checkedholidays.com\/es\/affiliate-disclaimer\/","title":{"rendered":"Este sitio web utiliza enlaces de afiliados"},"content":{"rendered":"\n<p class=\"wp-block-paragraph\">Si te ayuda mi canal de Youtube, mi p\u00e1gina web <g class=\"gr_ gr_4 gr-alert gr_gramm gr_inline_cards gr_disable_anim_appear Punctuation only-ins replaceWithoutSep\" id=\"4\" data-gr-id=\"4\">y mis<\/g> gu\u00edas y quieres <strong>ayudarme a m\u00ed, a ti<\/strong>&#8230; entonces usar mis enlaces de afiliado es la mejor forma <strong>GRATUITA<\/strong> de hacerlo.<\/p>\n\n<p class=\"wp-block-paragraph\">Los enlaces de afiliaci\u00f3n son muy habituales y se utilizan mucho, pero creo que es importante que est\u00e9s informado sobre ellos.<\/p>\n\n<p class=\"wp-block-paragraph\">Los enlaces de afiliaci\u00f3n tienen el mismo aspecto que los enlaces normales, pero informan al sitio web al que vas de que has llegado desde mi sitio web. Si compras algo en el sitio web al que he enlazado, recibir\u00e9 una peque\u00f1a comisi\u00f3n para ayudar a mantener este sitio web en funcionamiento.  <\/p>\n\n<p class=\"wp-block-paragraph\">Sin embargo, siempre pagar\u00e1s el mismo precio que habitualmente y, a veces, incluso hay un descuento o beneficio para ti si utilizas mis enlaces de afiliado. La comisi\u00f3n la paga el otro propietario del sitio web, no t\u00fa.<\/p>\n\n<p class=\"wp-block-paragraph\">Muchas gracias por utilizar mis enlaces de afiliaci\u00f3n y hacer posible que yo, el sitio web y el canal de YouTube ayudemos a millones de personas como t\u00fa a pasar unas vacaciones a\u00fan mejores.<\/p>\n\n<p class=\"wp-block-paragraph\"><g class=\"gr_ gr_4 gr-alert gr_spell gr_inline_cards gr_run_anim ContextualSpelling ins-del multiReplace\" id=\"4\" data-gr-id=\"4\"><a href=\"https:\/\/www.checkedholidays.com\/es\/sobre\/\">Ive<\/a><\/g><\/p>\n","protected":false},"excerpt":{"rendered":"<p>Si te ayuda mi canal de Youtube, mi p\u00e1gina web y mis gu\u00edas y quieres ayudarme a m\u00ed, a ti&#8230; entonces usar mis enlaces de afiliado es la mejor forma GRATUITA de hacerlo. Los enlaces de afiliaci\u00f3n son muy habituales y se utilizan mucho, pero creo que es importante que est\u00e9s informado sobre ellos. Los [&hellip;]<\/p>\n","protected":false},"author":1,"featured_media":0,"parent":0,"menu_order":0,"comment_status":"closed","ping_status":"closed","template":"","meta":{"_crdt_document":"","footnotes":""},"class_list":["post-24520","page","type-page","status-publish","hentry"],"yoast_head":"<!-- This site is optimized with the Yoast SEO plugin v27.2 - https:\/\/yoast.com\/product\/yoast-seo-wordpress\/ -->\n<title>Este sitio web utiliza enlaces de afiliados - CheckedHolidays<\/title>\n<meta name=\"robots\" content=\"index, follow, max-snippet:-1, max-image-preview:large, max-video-preview:-1\" \/>\n<link rel=\"canonical\" href=\"https:\/\/www.checkedholidays.com\/es\/affiliate-disclaimer\/\" \/>\n<meta property=\"og:locale\" content=\"es_ES\" \/>\n<meta property=\"og:type\" content=\"article\" \/>\n<meta property=\"og:title\" content=\"Este sitio web utiliza enlaces de afiliados - CheckedHolidays\" \/>\n<meta property=\"og:description\" content=\"Si te ayuda mi canal de Youtube, mi p\u00e1gina web y mis gu\u00edas y quieres ayudarme a m\u00ed, a ti&#8230; entonces usar mis enlaces de afiliado es la mejor forma GRATUITA de hacerlo. Los enlaces de afiliaci\u00f3n son muy habituales y se utilizan mucho, pero creo que es importante que est\u00e9s informado sobre ellos. Los [&hellip;]\" \/>\n<meta property=\"og:url\" content=\"https:\/\/www.checkedholidays.com\/es\/affiliate-disclaimer\/\" \/>\n<meta property=\"og:site_name\" content=\"CheckedHolidays\" \/>\n<meta property=\"article:publisher\" content=\"http:\/\/www.facebook.com\/checkedholidays\" \/>\n<meta property=\"article:modified_time\" content=\"2022-09-05T12:51:16+00:00\" \/>\n<meta name=\"twitter:card\" content=\"summary_large_image\" \/>\n<meta name=\"twitter:site\" content=\"@checkedholidays\" \/>\n<meta name=\"twitter:label1\" content=\"Tiempo de lectura\" \/>\n\t<meta name=\"twitter:data1\" content=\"1 minuto\" \/>\n<script type=\"application\/ld+json\" class=\"yoast-schema-graph\">{\"@context\":\"https:\/\/schema.org\",\"@graph\":[{\"@type\":\"WebPage\",\"@id\":\"https:\/\/www.checkedholidays.com\/es\/affiliate-disclaimer\/\",\"url\":\"https:\/\/www.checkedholidays.com\/es\/affiliate-disclaimer\/\",\"name\":\"Este sitio web utiliza enlaces de afiliados - CheckedHolidays\",\"isPartOf\":{\"@id\":\"https:\/\/www.checkedholidays.com\/es\/#website\"},\"datePublished\":\"2022-09-05T12:51:15+00:00\",\"dateModified\":\"2022-09-05T12:51:16+00:00\",\"breadcrumb\":{\"@id\":\"https:\/\/www.checkedholidays.com\/es\/affiliate-disclaimer\/#breadcrumb\"},\"inLanguage\":\"es\",\"potentialAction\":[{\"@type\":\"ReadAction\",\"target\":[\"https:\/\/www.checkedholidays.com\/es\/affiliate-disclaimer\/\"]}]},{\"@type\":\"BreadcrumbList\",\"@id\":\"https:\/\/www.checkedholidays.com\/es\/affiliate-disclaimer\/#breadcrumb\",\"itemListElement\":[{\"@type\":\"ListItem\",\"position\":1,\"name\":\"Home\",\"item\":\"https:\/\/www.checkedholidays.com\/es\/\"},{\"@type\":\"ListItem\",\"position\":2,\"name\":\"Este sitio web utiliza enlaces de afiliados\"}]},{\"@type\":\"WebSite\",\"@id\":\"https:\/\/www.checkedholidays.com\/es\/#website\",\"url\":\"https:\/\/www.checkedholidays.com\/es\/\",\"name\":\"CheckedHolidays\",\"description\":\"Spanish island holidays... but better!\",\"potentialAction\":[{\"@type\":\"SearchAction\",\"target\":{\"@type\":\"EntryPoint\",\"urlTemplate\":\"https:\/\/www.checkedholidays.com\/es\/?s={search_term_string}\"},\"query-input\":{\"@type\":\"PropertyValueSpecification\",\"valueRequired\":true,\"valueName\":\"search_term_string\"}}],\"inLanguage\":\"es\"}]}<\/script>\n<!-- \/ Yoast SEO plugin. -->","yoast_head_json":{"title":"Este sitio web utiliza enlaces de afiliados - CheckedHolidays","robots":{"index":"index","follow":"follow","max-snippet":"max-snippet:-1","max-image-preview":"max-image-preview:large","max-video-preview":"max-video-preview:-1"},"canonical":"https:\/\/www.checkedholidays.com\/es\/affiliate-disclaimer\/","og_locale":"es_ES","og_type":"article","og_title":"Este sitio web utiliza enlaces de afiliados - CheckedHolidays","og_description":"Si te ayuda mi canal de Youtube, mi p\u00e1gina web y mis gu\u00edas y quieres ayudarme a m\u00ed, a ti&#8230; entonces usar mis enlaces de afiliado es la mejor forma GRATUITA de hacerlo. Los enlaces de afiliaci\u00f3n son muy habituales y se utilizan mucho, pero creo que es importante que est\u00e9s informado sobre ellos. Los [&hellip;]","og_url":"https:\/\/www.checkedholidays.com\/es\/affiliate-disclaimer\/","og_site_name":"CheckedHolidays","article_publisher":"http:\/\/www.facebook.com\/checkedholidays","article_modified_time":"2022-09-05T12:51:16+00:00","twitter_card":"summary_large_image","twitter_site":"@checkedholidays","twitter_misc":{"Tiempo de lectura":"1 minuto"},"schema":{"@context":"https:\/\/schema.org","@graph":[{"@type":"WebPage","@id":"https:\/\/www.checkedholidays.com\/es\/affiliate-disclaimer\/","url":"https:\/\/www.checkedholidays.com\/es\/affiliate-disclaimer\/","name":"Este sitio web utiliza enlaces de afiliados - CheckedHolidays","isPartOf":{"@id":"https:\/\/www.checkedholidays.com\/es\/#website"},"datePublished":"2022-09-05T12:51:15+00:00","dateModified":"2022-09-05T12:51:16+00:00","breadcrumb":{"@id":"https:\/\/www.checkedholidays.com\/es\/affiliate-disclaimer\/#breadcrumb"},"inLanguage":"es","potentialAction":[{"@type":"ReadAction","target":["https:\/\/www.checkedholidays.com\/es\/affiliate-disclaimer\/"]}]},{"@type":"BreadcrumbList","@id":"https:\/\/www.checkedholidays.com\/es\/affiliate-disclaimer\/#breadcrumb","itemListElement":[{"@type":"ListItem","position":1,"name":"Home","item":"https:\/\/www.checkedholidays.com\/es\/"},{"@type":"ListItem","position":2,"name":"Este sitio web utiliza enlaces de afiliados"}]},{"@type":"WebSite","@id":"https:\/\/www.checkedholidays.com\/es\/#website","url":"https:\/\/www.checkedholidays.com\/es\/","name":"CheckedHolidays","description":"Spanish island holidays... but better!","potentialAction":[{"@type":"SearchAction","target":{"@type":"EntryPoint","urlTemplate":"https:\/\/www.checkedholidays.com\/es\/?s={search_term_string}"},"query-input":{"@type":"PropertyValueSpecification","valueRequired":true,"valueName":"search_term_string"}}],"inLanguage":"es"}]}},"jetpack_sharing_enabled":true,"_links":{"self":[{"href":"https:\/\/www.checkedholidays.com\/es\/wp-json\/wp\/v2\/pages\/24520","targetHints":{"allow":["GET"]}}],"collection":[{"href":"https:\/\/www.checkedholidays.com\/es\/wp-json\/wp\/v2\/pages"}],"about":[{"href":"https:\/\/www.checkedholidays.com\/es\/wp-json\/wp\/v2\/types\/page"}],"author":[{"embeddable":true,"href":"https:\/\/www.checkedholidays.com\/es\/wp-json\/wp\/v2\/users\/1"}],"replies":[{"embeddable":true,"href":"https:\/\/www.checkedholidays.com\/es\/wp-json\/wp\/v2\/comments?post=24520"}],"version-history":[{"count":1,"href":"https:\/\/www.checkedholidays.com\/es\/wp-json\/wp\/v2\/pages\/24520\/revisions"}],"predecessor-version":[{"id":24521,"href":"https:\/\/www.checkedholidays.com\/es\/wp-json\/wp\/v2\/pages\/24520\/revisions\/24521"}],"wp:attachment":[{"href":"https:\/\/www.checkedholidays.com\/es\/wp-json\/wp\/v2\/media?parent=24520"}],"curies":[{"name":"wp","href":"https:\/\/api.w.org\/{rel}","templated":true}]}}