{"id":24486,"date":"2022-09-05T12:39:05","date_gmt":"2022-09-05T12:39:05","guid":{"rendered":"https:\/\/www.checkedholidays.com\/sobre-checkedholidays\/"},"modified":"2023-12-02T12:37:20","modified_gmt":"2023-12-02T12:37:20","slug":"sobre-checkedholidays","status":"publish","type":"page","link":"https:\/\/www.checkedholidays.com\/es\/sobre-checkedholidays\/","title":{"rendered":"Sobre CheckedHolidays"},"content":{"rendered":"\n<p class=\"wp-block-paragraph\">CheckedHolidays se fund\u00f3 en 2012 tras observar que hab\u00eda mucha desinformaci\u00f3n en Internet sobre las vacaciones en las Islas Espa\u00f1olas. Esta desinformaci\u00f3n afect\u00f3 negativamente a las vacaciones de la gente, as\u00ed que hicimos un v\u00eddeo en YouTube para corregir esta desinformaci\u00f3n. Despu\u00e9s de que fuera recogido y presentado en Express, alcanz\u00f3 m\u00e1s de 100.000 espectadores. A partir de ah\u00ed, \u00a1nos inspiramos para hacer m\u00e1s!<\/p>\n\n<p class=\"has-text-align-center has-large-font-size wp-block-paragraph\"><strong>Contacta con<\/strong><\/p>\n\n<p class=\"has-text-align-center has-large-font-size wp-block-paragraph\"><strong>info(at)CheckedHolidays.com<\/strong><\/p>\n\n<h2 class=\"wp-block-heading\">P\u00e1gina web<\/h2>\n\n<p class=\"wp-block-paragraph\">2019 fue el primer a\u00f1o completo del sitio web, que lleg\u00f3 a unos 1.000 lectores al mes. Ahora, en 2022, hay m\u00e1s de 30.000 lectores \u00fanicos en ingl\u00e9s al mes.  <\/p>\n\n<p class=\"wp-block-paragraph\">Desde agosto de 2022, el sitio web est\u00e1 disponible en las principales lenguas europeas, con lo que el n\u00famero de lectores crece a\u00fan m\u00e1s r\u00e1pido.<\/p>\n\n<p class=\"wp-block-paragraph\">El objetivo de este sitio web en 2023 es ayudar a m\u00e1s de <strong>\n  <span style=\"text-decoration: underline;\">MEDIO MILL\u00d3N<\/span>\n<\/strong> \u00a1personas a tener mejores vacaciones!<\/p>\n\n<figure class=\"wp-block-image size-large\"><img data-recalc-dims=\"1\" loading=\"lazy\" decoding=\"async\" width=\"1024\" height=\"233\" src=\"https:\/\/i0.wp.com\/www.checkedholidays.com\/wp-content\/uploads\/2023\/01\/Screenshot-2023-01-28-at-20.09.55.png?resize=1024%2C233&#038;ssl=1\" alt=\"\" class=\"wp-image-37413\" srcset=\"https:\/\/i0.wp.com\/www.checkedholidays.com\/wp-content\/uploads\/2023\/01\/Screenshot-2023-01-28-at-20.09.55.png?resize=1024%2C233&amp;ssl=1 1024w, https:\/\/i0.wp.com\/www.checkedholidays.com\/wp-content\/uploads\/2023\/01\/Screenshot-2023-01-28-at-20.09.55.png?resize=300%2C68&amp;ssl=1 300w, https:\/\/i0.wp.com\/www.checkedholidays.com\/wp-content\/uploads\/2023\/01\/Screenshot-2023-01-28-at-20.09.55.png?resize=768%2C175&amp;ssl=1 768w, https:\/\/i0.wp.com\/www.checkedholidays.com\/wp-content\/uploads\/2023\/01\/Screenshot-2023-01-28-at-20.09.55.png?resize=1536%2C350&amp;ssl=1 1536w, https:\/\/i0.wp.com\/www.checkedholidays.com\/wp-content\/uploads\/2023\/01\/Screenshot-2023-01-28-at-20.09.55.png?resize=1920%2C437&amp;ssl=1 1920w, https:\/\/i0.wp.com\/www.checkedholidays.com\/wp-content\/uploads\/2023\/01\/Screenshot-2023-01-28-at-20.09.55.png?resize=600%2C137&amp;ssl=1 600w, https:\/\/i0.wp.com\/www.checkedholidays.com\/wp-content\/uploads\/2023\/01\/Screenshot-2023-01-28-at-20.09.55.png?resize=800%2C182&amp;ssl=1 800w, https:\/\/i0.wp.com\/www.checkedholidays.com\/wp-content\/uploads\/2023\/01\/Screenshot-2023-01-28-at-20.09.55.png?w=1968&amp;ssl=1 1968w\" sizes=\"auto, (max-width: 1024px) 100vw, 1024px\" \/><\/figure>\n\n<h2 class=\"wp-block-heading\">YouTube<\/h2>\n\n<p class=\"wp-block-paragraph\">El canal de <a href=\"http:\/\/youtube.com\/checkedholidays\">YouTube<\/a> comenz\u00f3 en 2012, pero s\u00f3lo consigui\u00f3 m\u00e1s v\u00eddeos en 2015 y a\u00fan m\u00e1s en 2018. Tras un gran descenso de visitas en 2020 debido a las restricciones de viaje, actualmente alcanza m\u00e1s de 125.000 espectadores al mes y sigue creciendo.<\/p>\n\n<figure class=\"wp-block-image size-large\"><img data-recalc-dims=\"1\" loading=\"lazy\" decoding=\"async\" width=\"1024\" height=\"230\" src=\"https:\/\/i0.wp.com\/www.checkedholidays.com\/wp-content\/uploads\/2023\/01\/Screenshot-2023-01-28-at-20.14.02.png?resize=1024%2C230&#038;ssl=1\" alt=\"\" class=\"wp-image-37429\" srcset=\"https:\/\/i0.wp.com\/www.checkedholidays.com\/wp-content\/uploads\/2023\/01\/Screenshot-2023-01-28-at-20.14.02.png?resize=1024%2C230&amp;ssl=1 1024w, https:\/\/i0.wp.com\/www.checkedholidays.com\/wp-content\/uploads\/2023\/01\/Screenshot-2023-01-28-at-20.14.02.png?resize=300%2C67&amp;ssl=1 300w, https:\/\/i0.wp.com\/www.checkedholidays.com\/wp-content\/uploads\/2023\/01\/Screenshot-2023-01-28-at-20.14.02.png?resize=768%2C172&amp;ssl=1 768w, https:\/\/i0.wp.com\/www.checkedholidays.com\/wp-content\/uploads\/2023\/01\/Screenshot-2023-01-28-at-20.14.02.png?resize=1536%2C345&amp;ssl=1 1536w, https:\/\/i0.wp.com\/www.checkedholidays.com\/wp-content\/uploads\/2023\/01\/Screenshot-2023-01-28-at-20.14.02.png?resize=2048%2C460&amp;ssl=1 2048w, https:\/\/i0.wp.com\/www.checkedholidays.com\/wp-content\/uploads\/2023\/01\/Screenshot-2023-01-28-at-20.14.02.png?resize=1920%2C431&amp;ssl=1 1920w, https:\/\/i0.wp.com\/www.checkedholidays.com\/wp-content\/uploads\/2023\/01\/Screenshot-2023-01-28-at-20.14.02.png?resize=600%2C135&amp;ssl=1 600w, https:\/\/i0.wp.com\/www.checkedholidays.com\/wp-content\/uploads\/2023\/01\/Screenshot-2023-01-28-at-20.14.02.png?resize=800%2C180&amp;ssl=1 800w, https:\/\/i0.wp.com\/www.checkedholidays.com\/wp-content\/uploads\/2023\/01\/Screenshot-2023-01-28-at-20.14.02.png?w=2388&amp;ssl=1 2388w\" sizes=\"auto, (max-width: 1024px) 100vw, 1024px\" \/><\/figure>\n\n<h2 class=\"wp-block-heading\">Colaboraciones y publicidad<\/h2>\n\n<p class=\"wp-block-paragraph\">En CheckedHolidays.com, hablamos de lo malo y lo bueno de los destinos vacacionales para dar los mejores consejos sobre las vacaciones. Es una de las razones por las que nuestro sitio goza de la<strong> confianza y el cari\u00f1o de un n\u00famero cada vez mayor de lectores<\/strong>. Para seguir ofreciendo un asesoramiento vacacional independiente y de alta calidad, no hacemos promociones pagadas de productos o servicios en los que no creemos. Sin embargo, si crees que hemos pasado por alto tu hotel, complejo tur\u00edstico, atracci\u00f3n, excursi\u00f3n o servicio y te gustar\u00eda que lo incluy\u00e9ramos gratuitamente en el sitio web. Ponte en contacto con nosotros y, tras una revisi\u00f3n en persona, es posible que te incluyamos.<\/p>\n\n<p class=\"has-text-align-center has-large-font-size wp-block-paragraph\"><strong>Contacta con<\/strong><\/p>\n\n<p class=\"has-text-align-center has-large-font-size wp-block-paragraph\"><strong>info(at)CheckedHolidays.com<\/strong><\/p>\n","protected":false},"excerpt":{"rendered":"<p>CheckedHolidays se fund\u00f3 en 2012 tras observar que hab\u00eda mucha desinformaci\u00f3n en Internet sobre las vacaciones en las Islas Espa\u00f1olas. Esta desinformaci\u00f3n afect\u00f3 negativamente a las vacaciones de la gente, as\u00ed que hicimos un v\u00eddeo en YouTube para corregir esta desinformaci\u00f3n. Despu\u00e9s de que fuera recogido y presentado en Express, alcanz\u00f3 m\u00e1s de 100.000 espectadores. [&hellip;]<\/p>\n","protected":false},"author":1,"featured_media":18805,"parent":0,"menu_order":0,"comment_status":"closed","ping_status":"closed","template":"","meta":{"_crdt_document":"","footnotes":""},"class_list":["post-24486","page","type-page","status-publish","has-post-thumbnail","hentry"],"yoast_head":"<!-- This site is optimized with the Yoast SEO plugin v27.2 - https:\/\/yoast.com\/product\/yoast-seo-wordpress\/ -->\n<title>Sobre CheckedHolidays<\/title>\n<meta name=\"robots\" content=\"index, follow, max-snippet:-1, max-image-preview:large, max-video-preview:-1\" \/>\n<link rel=\"canonical\" href=\"https:\/\/www.checkedholidays.com\/es\/sobre-checkedholidays\/\" \/>\n<meta property=\"og:locale\" content=\"es_ES\" \/>\n<meta property=\"og:type\" content=\"article\" \/>\n<meta property=\"og:title\" content=\"Sobre CheckedHolidays\" \/>\n<meta property=\"og:description\" content=\"CheckedHolidays se fund\u00f3 en 2012 tras observar que hab\u00eda mucha desinformaci\u00f3n en Internet sobre las vacaciones en las Islas Espa\u00f1olas. Esta desinformaci\u00f3n afect\u00f3 negativamente a las vacaciones de la gente, as\u00ed que hicimos un v\u00eddeo en YouTube para corregir esta desinformaci\u00f3n. Despu\u00e9s de que fuera recogido y presentado en Express, alcanz\u00f3 m\u00e1s de 100.000 espectadores. [&hellip;]\" \/>\n<meta property=\"og:url\" content=\"https:\/\/www.checkedholidays.com\/es\/sobre-checkedholidays\/\" \/>\n<meta property=\"og:site_name\" content=\"CheckedHolidays\" \/>\n<meta property=\"article:publisher\" content=\"http:\/\/www.facebook.com\/checkedholidays\" \/>\n<meta property=\"article:modified_time\" content=\"2023-12-02T12:37:20+00:00\" \/>\n<meta property=\"og:image\" content=\"https:\/\/i0.wp.com\/www.checkedholidays.com\/wp-content\/uploads\/2022\/06\/Website-growth.png?fit=1874%2C452&ssl=1\" \/>\n\t<meta property=\"og:image:width\" content=\"1874\" \/>\n\t<meta property=\"og:image:height\" content=\"452\" \/>\n\t<meta property=\"og:image:type\" content=\"image\/png\" \/>\n<meta name=\"twitter:card\" content=\"summary_large_image\" \/>\n<meta name=\"twitter:site\" content=\"@checkedholidays\" \/>\n<meta name=\"twitter:label1\" content=\"Tiempo de lectura\" \/>\n\t<meta name=\"twitter:data1\" content=\"2 minutos\" \/>\n<script type=\"application\/ld+json\" class=\"yoast-schema-graph\">{\"@context\":\"https:\/\/schema.org\",\"@graph\":[{\"@type\":\"WebPage\",\"@id\":\"https:\/\/www.checkedholidays.com\/es\/sobre-checkedholidays\/\",\"url\":\"https:\/\/www.checkedholidays.com\/es\/sobre-checkedholidays\/\",\"name\":\"Sobre CheckedHolidays\",\"isPartOf\":{\"@id\":\"https:\/\/www.checkedholidays.com\/es\/#website\"},\"primaryImageOfPage\":{\"@id\":\"https:\/\/www.checkedholidays.com\/es\/sobre-checkedholidays\/#primaryimage\"},\"image\":{\"@id\":\"https:\/\/www.checkedholidays.com\/es\/sobre-checkedholidays\/#primaryimage\"},\"thumbnailUrl\":\"https:\/\/i0.wp.com\/www.checkedholidays.com\/wp-content\/uploads\/2022\/06\/Website-growth.png?fit=1874%2C452&ssl=1\",\"datePublished\":\"2022-09-05T12:39:05+00:00\",\"dateModified\":\"2023-12-02T12:37:20+00:00\",\"breadcrumb\":{\"@id\":\"https:\/\/www.checkedholidays.com\/es\/sobre-checkedholidays\/#breadcrumb\"},\"inLanguage\":\"es\",\"potentialAction\":[{\"@type\":\"ReadAction\",\"target\":[\"https:\/\/www.checkedholidays.com\/es\/sobre-checkedholidays\/\"]}]},{\"@type\":\"ImageObject\",\"inLanguage\":\"es\",\"@id\":\"https:\/\/www.checkedholidays.com\/es\/sobre-checkedholidays\/#primaryimage\",\"url\":\"https:\/\/i0.wp.com\/www.checkedholidays.com\/wp-content\/uploads\/2022\/06\/Website-growth.png?fit=1874%2C452&ssl=1\",\"contentUrl\":\"https:\/\/i0.wp.com\/www.checkedholidays.com\/wp-content\/uploads\/2022\/06\/Website-growth.png?fit=1874%2C452&ssl=1\",\"width\":1874,\"height\":452},{\"@type\":\"BreadcrumbList\",\"@id\":\"https:\/\/www.checkedholidays.com\/es\/sobre-checkedholidays\/#breadcrumb\",\"itemListElement\":[{\"@type\":\"ListItem\",\"position\":1,\"name\":\"Home\",\"item\":\"https:\/\/www.checkedholidays.com\/es\/\"},{\"@type\":\"ListItem\",\"position\":2,\"name\":\"Sobre CheckedHolidays\"}]},{\"@type\":\"WebSite\",\"@id\":\"https:\/\/www.checkedholidays.com\/es\/#website\",\"url\":\"https:\/\/www.checkedholidays.com\/es\/\",\"name\":\"CheckedHolidays\",\"description\":\"Spanish island holidays... but better!\",\"potentialAction\":[{\"@type\":\"SearchAction\",\"target\":{\"@type\":\"EntryPoint\",\"urlTemplate\":\"https:\/\/www.checkedholidays.com\/es\/?s={search_term_string}\"},\"query-input\":{\"@type\":\"PropertyValueSpecification\",\"valueRequired\":true,\"valueName\":\"search_term_string\"}}],\"inLanguage\":\"es\"}]}<\/script>\n<!-- \/ Yoast SEO plugin. -->","yoast_head_json":{"title":"Sobre CheckedHolidays","robots":{"index":"index","follow":"follow","max-snippet":"max-snippet:-1","max-image-preview":"max-image-preview:large","max-video-preview":"max-video-preview:-1"},"canonical":"https:\/\/www.checkedholidays.com\/es\/sobre-checkedholidays\/","og_locale":"es_ES","og_type":"article","og_title":"Sobre CheckedHolidays","og_description":"CheckedHolidays se fund\u00f3 en 2012 tras observar que hab\u00eda mucha desinformaci\u00f3n en Internet sobre las vacaciones en las Islas Espa\u00f1olas. Esta desinformaci\u00f3n afect\u00f3 negativamente a las vacaciones de la gente, as\u00ed que hicimos un v\u00eddeo en YouTube para corregir esta desinformaci\u00f3n. Despu\u00e9s de que fuera recogido y presentado en Express, alcanz\u00f3 m\u00e1s de 100.000 espectadores. [&hellip;]","og_url":"https:\/\/www.checkedholidays.com\/es\/sobre-checkedholidays\/","og_site_name":"CheckedHolidays","article_publisher":"http:\/\/www.facebook.com\/checkedholidays","article_modified_time":"2023-12-02T12:37:20+00:00","og_image":[{"width":1874,"height":452,"url":"https:\/\/i0.wp.com\/www.checkedholidays.com\/wp-content\/uploads\/2022\/06\/Website-growth.png?fit=1874%2C452&ssl=1","type":"image\/png"}],"twitter_card":"summary_large_image","twitter_site":"@checkedholidays","twitter_misc":{"Tiempo de lectura":"2 minutos"},"schema":{"@context":"https:\/\/schema.org","@graph":[{"@type":"WebPage","@id":"https:\/\/www.checkedholidays.com\/es\/sobre-checkedholidays\/","url":"https:\/\/www.checkedholidays.com\/es\/sobre-checkedholidays\/","name":"Sobre CheckedHolidays","isPartOf":{"@id":"https:\/\/www.checkedholidays.com\/es\/#website"},"primaryImageOfPage":{"@id":"https:\/\/www.checkedholidays.com\/es\/sobre-checkedholidays\/#primaryimage"},"image":{"@id":"https:\/\/www.checkedholidays.com\/es\/sobre-checkedholidays\/#primaryimage"},"thumbnailUrl":"https:\/\/i0.wp.com\/www.checkedholidays.com\/wp-content\/uploads\/2022\/06\/Website-growth.png?fit=1874%2C452&ssl=1","datePublished":"2022-09-05T12:39:05+00:00","dateModified":"2023-12-02T12:37:20+00:00","breadcrumb":{"@id":"https:\/\/www.checkedholidays.com\/es\/sobre-checkedholidays\/#breadcrumb"},"inLanguage":"es","potentialAction":[{"@type":"ReadAction","target":["https:\/\/www.checkedholidays.com\/es\/sobre-checkedholidays\/"]}]},{"@type":"ImageObject","inLanguage":"es","@id":"https:\/\/www.checkedholidays.com\/es\/sobre-checkedholidays\/#primaryimage","url":"https:\/\/i0.wp.com\/www.checkedholidays.com\/wp-content\/uploads\/2022\/06\/Website-growth.png?fit=1874%2C452&ssl=1","contentUrl":"https:\/\/i0.wp.com\/www.checkedholidays.com\/wp-content\/uploads\/2022\/06\/Website-growth.png?fit=1874%2C452&ssl=1","width":1874,"height":452},{"@type":"BreadcrumbList","@id":"https:\/\/www.checkedholidays.com\/es\/sobre-checkedholidays\/#breadcrumb","itemListElement":[{"@type":"ListItem","position":1,"name":"Home","item":"https:\/\/www.checkedholidays.com\/es\/"},{"@type":"ListItem","position":2,"name":"Sobre CheckedHolidays"}]},{"@type":"WebSite","@id":"https:\/\/www.checkedholidays.com\/es\/#website","url":"https:\/\/www.checkedholidays.com\/es\/","name":"CheckedHolidays","description":"Spanish island holidays... but better!","potentialAction":[{"@type":"SearchAction","target":{"@type":"EntryPoint","urlTemplate":"https:\/\/www.checkedholidays.com\/es\/?s={search_term_string}"},"query-input":{"@type":"PropertyValueSpecification","valueRequired":true,"valueName":"search_term_string"}}],"inLanguage":"es"}]}},"jetpack_sharing_enabled":true,"_links":{"self":[{"href":"https:\/\/www.checkedholidays.com\/es\/wp-json\/wp\/v2\/pages\/24486","targetHints":{"allow":["GET"]}}],"collection":[{"href":"https:\/\/www.checkedholidays.com\/es\/wp-json\/wp\/v2\/pages"}],"about":[{"href":"https:\/\/www.checkedholidays.com\/es\/wp-json\/wp\/v2\/types\/page"}],"author":[{"embeddable":true,"href":"https:\/\/www.checkedholidays.com\/es\/wp-json\/wp\/v2\/users\/1"}],"replies":[{"embeddable":true,"href":"https:\/\/www.checkedholidays.com\/es\/wp-json\/wp\/v2\/comments?post=24486"}],"version-history":[{"count":4,"href":"https:\/\/www.checkedholidays.com\/es\/wp-json\/wp\/v2\/pages\/24486\/revisions"}],"predecessor-version":[{"id":78420,"href":"https:\/\/www.checkedholidays.com\/es\/wp-json\/wp\/v2\/pages\/24486\/revisions\/78420"}],"wp:featuredmedia":[{"embeddable":true,"href":"https:\/\/www.checkedholidays.com\/es\/wp-json\/wp\/v2\/media\/18805"}],"wp:attachment":[{"href":"https:\/\/www.checkedholidays.com\/es\/wp-json\/wp\/v2\/media?parent=24486"}],"curies":[{"name":"wp","href":"https:\/\/api.w.org\/{rel}","templated":true}]}}