{"id":24467,"date":"2022-09-05T12:35:43","date_gmt":"2022-09-05T12:35:43","guid":{"rendered":"https:\/\/www.checkedholidays.com\/sobre\/"},"modified":"2022-09-05T12:35:44","modified_gmt":"2022-09-05T12:35:44","slug":"sobre","status":"publish","type":"page","link":"https:\/\/www.checkedholidays.com\/es\/sobre\/","title":{"rendered":"Sobre m\u00ed"},"content":{"rendered":"\n<p class=\"has-text-align-left wp-block-paragraph\">S\u00ed, CheckHolidays soy yo, una persona normal de la vida real&#8230; mi nombre real es Ive. Escribo, filmo, edito, creo y publico todas mis gu\u00edas de vacaciones (en un 99%) yo misma. Pero cuando empec\u00e9, quer\u00eda un nombre que pareciera &#8220;profesional&#8221;&#8230; ahora estoy atascada con eso. As\u00ed que en esta p\u00e1gina quiero contarte un poco m\u00e1s sobre m\u00ed y mostrarte que soy una persona normal y corriente que, por las circunstancias, se convirti\u00f3 en uno de los asesores de vacaciones m\u00e1s destacados sobre las Islas Espa\u00f1olas.  <\/p>\n<div class=\"wp-block-image\">\n<figure class=\"aligncenter is-resized\"><img loading=\"lazy\" decoding=\"async\" src=\"https:\/\/i1.wp.com\/www.checkedholidays.com\/wp-content\/uploads\/2019\/03\/IMG_20141017_152816-MOTION.gif?fit=768%2C1024&amp;ssl=1\" alt=\"\" class=\"wp-image-3075\" width=\"384\" height=\"512\"\/><figcaption class=\"wp-element-caption\">15 a\u00f1os en Espa\u00f1a: Nado al azar<\/figcaption><\/figure>\n<\/div>\n<p class=\"has-text-align-left wp-block-paragraph\">Todo esto empez\u00f3 despu\u00e9s de vivir y trabajar por toda Espa\u00f1a como animador de hoteles, camarero, camar\u00f3grafo y t\u00e9cnico de sonido durante m\u00e1s de 15 a\u00f1os. Pero despu\u00e9s de muchos a\u00f1os realizando diversos trabajos por todas las islas espa\u00f1olas, me cost\u00f3 encontrar algo que me gustara hacer y me apasionara.<\/p>\n\n<p class=\"has-text-align-left wp-block-paragraph\">As\u00ed que me sent\u00e9 y trat\u00e9 de averiguar qu\u00e9 me gustaba hacer. Repasando los trabajos que ya hab\u00eda hecho, se me ocurrieron dos cosas que me gustaban mucho. Estos daban a la gente unas grandes vacaciones y creaban cosas. Ambas cosas las hice en mis anteriores trabajos, pero claro, no pod\u00eda trabajar como animadora de hotel de m\u00e1s de 30 a\u00f1os para siempre. Despu\u00e9s de un tiempo, eso se vuelve raro. As\u00ed que decid\u00ed entrar de lleno en mi canal de YouTube con s\u00f3lo 5 v\u00eddeos sobre Mallorca en ese momento para ver si funcionaba o no.<\/p>\n\n<p class=\"has-text-align-left wp-block-paragraph\">Me ha costado unos cuantos a\u00f1os, pero actualmente (2022), estoy ayudando a m\u00e1s de <strong>\n  <u>4 millones de personas cada a\u00f1o con<\/u>\n  <span style=\"text-decoration: underline;\">sus vacaciones en Espa\u00f1a.<\/span>\n<\/strong> Aunque eso es estupendo, para m\u00ed no se trata de las cifras. Se trata de dar un consejo honesto sobre las vacaciones que es dif\u00edcil de encontrar en Internet. Dado que la mayor\u00eda de las p\u00e1ginas que hay son de empresas de viajes, de blogueros o de modelos de Instagram a los que les gusta que todo parezca perfecto, yo intento hacer exactamente lo contrario. Te lo mostrar\u00e9 tal cual, para que puedas decidir si te conviene o no.  <\/p>\n","protected":false},"excerpt":{"rendered":"<p>S\u00ed, CheckHolidays soy yo, una persona normal de la vida real&#8230; mi nombre real es Ive. Escribo, filmo, edito, creo y publico todas mis gu\u00edas de vacaciones (en un 99%) yo misma. Pero cuando empec\u00e9, quer\u00eda un nombre que pareciera &#8220;profesional&#8221;&#8230; ahora estoy atascada con eso. As\u00ed que en esta p\u00e1gina quiero contarte un poco [&hellip;]<\/p>\n","protected":false},"author":1,"featured_media":13208,"parent":0,"menu_order":0,"comment_status":"closed","ping_status":"closed","template":"template-authors.php","meta":{"_crdt_document":"","footnotes":""},"class_list":["post-24467","page","type-page","status-publish","has-post-thumbnail","hentry"],"yoast_head":"<!-- This site is optimized with the Yoast SEO plugin v27.2 - https:\/\/yoast.com\/product\/yoast-seo-wordpress\/ -->\n<title>Sobre m\u00ed<\/title>\n<meta name=\"robots\" content=\"index, follow, max-snippet:-1, max-image-preview:large, max-video-preview:-1\" \/>\n<link rel=\"canonical\" href=\"https:\/\/www.checkedholidays.com\/es\/sobre\/\" \/>\n<meta property=\"og:locale\" content=\"es_ES\" \/>\n<meta property=\"og:type\" content=\"article\" \/>\n<meta property=\"og:title\" content=\"Sobre m\u00ed\" \/>\n<meta property=\"og:description\" content=\"S\u00ed, CheckHolidays soy yo, una persona normal de la vida real&#8230; mi nombre real es Ive. Escribo, filmo, edito, creo y publico todas mis gu\u00edas de vacaciones (en un 99%) yo misma. Pero cuando empec\u00e9, quer\u00eda un nombre que pareciera &#8220;profesional&#8221;&#8230; ahora estoy atascada con eso. As\u00ed que en esta p\u00e1gina quiero contarte un poco [&hellip;]\" \/>\n<meta property=\"og:url\" content=\"https:\/\/www.checkedholidays.com\/es\/sobre\/\" \/>\n<meta property=\"og:site_name\" content=\"CheckedHolidays\" \/>\n<meta property=\"article:publisher\" content=\"http:\/\/www.facebook.com\/checkedholidays\" \/>\n<meta property=\"article:modified_time\" content=\"2022-09-05T12:35:44+00:00\" \/>\n<meta property=\"og:image\" content=\"https:\/\/i0.wp.com\/www.checkedholidays.com\/wp-content\/uploads\/2018\/12\/IMG_20141011_135122-600x450.jpg?fit=600%2C450&ssl=1\" \/>\n\t<meta property=\"og:image:width\" content=\"600\" \/>\n\t<meta property=\"og:image:height\" content=\"450\" \/>\n\t<meta property=\"og:image:type\" content=\"image\/jpeg\" \/>\n<meta name=\"twitter:card\" content=\"summary_large_image\" \/>\n<meta name=\"twitter:site\" content=\"@checkedholidays\" \/>\n<meta name=\"twitter:label1\" content=\"Tiempo de lectura\" \/>\n\t<meta name=\"twitter:data1\" content=\"2 minutos\" \/>\n<script type=\"application\/ld+json\" class=\"yoast-schema-graph\">{\"@context\":\"https:\/\/schema.org\",\"@graph\":[{\"@type\":\"WebPage\",\"@id\":\"https:\/\/www.checkedholidays.com\/es\/sobre\/\",\"url\":\"https:\/\/www.checkedholidays.com\/es\/sobre\/\",\"name\":\"Sobre m\u00ed\",\"isPartOf\":{\"@id\":\"https:\/\/www.checkedholidays.com\/es\/#website\"},\"primaryImageOfPage\":{\"@id\":\"https:\/\/www.checkedholidays.com\/es\/sobre\/#primaryimage\"},\"image\":{\"@id\":\"https:\/\/www.checkedholidays.com\/es\/sobre\/#primaryimage\"},\"thumbnailUrl\":\"https:\/\/i0.wp.com\/www.checkedholidays.com\/wp-content\/uploads\/2018\/12\/IMG_20141011_135122-600x450.jpg?fit=600%2C450&ssl=1\",\"datePublished\":\"2022-09-05T12:35:43+00:00\",\"dateModified\":\"2022-09-05T12:35:44+00:00\",\"breadcrumb\":{\"@id\":\"https:\/\/www.checkedholidays.com\/es\/sobre\/#breadcrumb\"},\"inLanguage\":\"es\",\"potentialAction\":[{\"@type\":\"ReadAction\",\"target\":[\"https:\/\/www.checkedholidays.com\/es\/sobre\/\"]}]},{\"@type\":\"ImageObject\",\"inLanguage\":\"es\",\"@id\":\"https:\/\/www.checkedholidays.com\/es\/sobre\/#primaryimage\",\"url\":\"https:\/\/i0.wp.com\/www.checkedholidays.com\/wp-content\/uploads\/2018\/12\/IMG_20141011_135122-600x450.jpg?fit=600%2C450&ssl=1\",\"contentUrl\":\"https:\/\/i0.wp.com\/www.checkedholidays.com\/wp-content\/uploads\/2018\/12\/IMG_20141011_135122-600x450.jpg?fit=600%2C450&ssl=1\",\"width\":600,\"height\":450},{\"@type\":\"BreadcrumbList\",\"@id\":\"https:\/\/www.checkedholidays.com\/es\/sobre\/#breadcrumb\",\"itemListElement\":[{\"@type\":\"ListItem\",\"position\":1,\"name\":\"Home\",\"item\":\"https:\/\/www.checkedholidays.com\/es\/\"},{\"@type\":\"ListItem\",\"position\":2,\"name\":\"Sobre m\u00ed\"}]},{\"@type\":\"WebSite\",\"@id\":\"https:\/\/www.checkedholidays.com\/es\/#website\",\"url\":\"https:\/\/www.checkedholidays.com\/es\/\",\"name\":\"CheckedHolidays\",\"description\":\"Spanish island holidays... but better!\",\"potentialAction\":[{\"@type\":\"SearchAction\",\"target\":{\"@type\":\"EntryPoint\",\"urlTemplate\":\"https:\/\/www.checkedholidays.com\/es\/?s={search_term_string}\"},\"query-input\":{\"@type\":\"PropertyValueSpecification\",\"valueRequired\":true,\"valueName\":\"search_term_string\"}}],\"inLanguage\":\"es\"}]}<\/script>\n<!-- \/ Yoast SEO plugin. -->","yoast_head_json":{"title":"Sobre m\u00ed","robots":{"index":"index","follow":"follow","max-snippet":"max-snippet:-1","max-image-preview":"max-image-preview:large","max-video-preview":"max-video-preview:-1"},"canonical":"https:\/\/www.checkedholidays.com\/es\/sobre\/","og_locale":"es_ES","og_type":"article","og_title":"Sobre m\u00ed","og_description":"S\u00ed, CheckHolidays soy yo, una persona normal de la vida real&#8230; mi nombre real es Ive. Escribo, filmo, edito, creo y publico todas mis gu\u00edas de vacaciones (en un 99%) yo misma. Pero cuando empec\u00e9, quer\u00eda un nombre que pareciera &#8220;profesional&#8221;&#8230; ahora estoy atascada con eso. As\u00ed que en esta p\u00e1gina quiero contarte un poco [&hellip;]","og_url":"https:\/\/www.checkedholidays.com\/es\/sobre\/","og_site_name":"CheckedHolidays","article_publisher":"http:\/\/www.facebook.com\/checkedholidays","article_modified_time":"2022-09-05T12:35:44+00:00","og_image":[{"width":600,"height":450,"url":"https:\/\/i0.wp.com\/www.checkedholidays.com\/wp-content\/uploads\/2018\/12\/IMG_20141011_135122-600x450.jpg?fit=600%2C450&ssl=1","type":"image\/jpeg"}],"twitter_card":"summary_large_image","twitter_site":"@checkedholidays","twitter_misc":{"Tiempo de lectura":"2 minutos"},"schema":{"@context":"https:\/\/schema.org","@graph":[{"@type":"WebPage","@id":"https:\/\/www.checkedholidays.com\/es\/sobre\/","url":"https:\/\/www.checkedholidays.com\/es\/sobre\/","name":"Sobre m\u00ed","isPartOf":{"@id":"https:\/\/www.checkedholidays.com\/es\/#website"},"primaryImageOfPage":{"@id":"https:\/\/www.checkedholidays.com\/es\/sobre\/#primaryimage"},"image":{"@id":"https:\/\/www.checkedholidays.com\/es\/sobre\/#primaryimage"},"thumbnailUrl":"https:\/\/i0.wp.com\/www.checkedholidays.com\/wp-content\/uploads\/2018\/12\/IMG_20141011_135122-600x450.jpg?fit=600%2C450&ssl=1","datePublished":"2022-09-05T12:35:43+00:00","dateModified":"2022-09-05T12:35:44+00:00","breadcrumb":{"@id":"https:\/\/www.checkedholidays.com\/es\/sobre\/#breadcrumb"},"inLanguage":"es","potentialAction":[{"@type":"ReadAction","target":["https:\/\/www.checkedholidays.com\/es\/sobre\/"]}]},{"@type":"ImageObject","inLanguage":"es","@id":"https:\/\/www.checkedholidays.com\/es\/sobre\/#primaryimage","url":"https:\/\/i0.wp.com\/www.checkedholidays.com\/wp-content\/uploads\/2018\/12\/IMG_20141011_135122-600x450.jpg?fit=600%2C450&ssl=1","contentUrl":"https:\/\/i0.wp.com\/www.checkedholidays.com\/wp-content\/uploads\/2018\/12\/IMG_20141011_135122-600x450.jpg?fit=600%2C450&ssl=1","width":600,"height":450},{"@type":"BreadcrumbList","@id":"https:\/\/www.checkedholidays.com\/es\/sobre\/#breadcrumb","itemListElement":[{"@type":"ListItem","position":1,"name":"Home","item":"https:\/\/www.checkedholidays.com\/es\/"},{"@type":"ListItem","position":2,"name":"Sobre m\u00ed"}]},{"@type":"WebSite","@id":"https:\/\/www.checkedholidays.com\/es\/#website","url":"https:\/\/www.checkedholidays.com\/es\/","name":"CheckedHolidays","description":"Spanish island holidays... but better!","potentialAction":[{"@type":"SearchAction","target":{"@type":"EntryPoint","urlTemplate":"https:\/\/www.checkedholidays.com\/es\/?s={search_term_string}"},"query-input":{"@type":"PropertyValueSpecification","valueRequired":true,"valueName":"search_term_string"}}],"inLanguage":"es"}]}},"jetpack_sharing_enabled":true,"_links":{"self":[{"href":"https:\/\/www.checkedholidays.com\/es\/wp-json\/wp\/v2\/pages\/24467","targetHints":{"allow":["GET"]}}],"collection":[{"href":"https:\/\/www.checkedholidays.com\/es\/wp-json\/wp\/v2\/pages"}],"about":[{"href":"https:\/\/www.checkedholidays.com\/es\/wp-json\/wp\/v2\/types\/page"}],"author":[{"embeddable":true,"href":"https:\/\/www.checkedholidays.com\/es\/wp-json\/wp\/v2\/users\/1"}],"replies":[{"embeddable":true,"href":"https:\/\/www.checkedholidays.com\/es\/wp-json\/wp\/v2\/comments?post=24467"}],"version-history":[{"count":1,"href":"https:\/\/www.checkedholidays.com\/es\/wp-json\/wp\/v2\/pages\/24467\/revisions"}],"predecessor-version":[{"id":24469,"href":"https:\/\/www.checkedholidays.com\/es\/wp-json\/wp\/v2\/pages\/24467\/revisions\/24469"}],"wp:featuredmedia":[{"embeddable":true,"href":"https:\/\/www.checkedholidays.com\/es\/wp-json\/wp\/v2\/media\/13208"}],"wp:attachment":[{"href":"https:\/\/www.checkedholidays.com\/es\/wp-json\/wp\/v2\/media?parent=24467"}],"curies":[{"name":"wp","href":"https:\/\/api.w.org\/{rel}","templated":true}]}}