{"id":24569,"date":"2022-09-05T14:27:47","date_gmt":"2022-09-05T14:27:47","guid":{"rendered":"https:\/\/www.checkedholidays.com\/home\/"},"modified":"2026-02-23T13:10:21","modified_gmt":"2026-02-23T13:10:21","slug":"home","status":"publish","type":"page","link":"https:\/\/www.checkedholidays.com\/de\/","title":{"rendered":"Homepage"},"content":{"rendered":"\n<h2 class=\"wp-block-heading has-text-align-center\"><strong>Finde deinen idealen Urlaub auf den spanischen Inseln<\/strong><\/h2>\n\n<p class=\"wp-block-paragraph\">Das ganze Jahr \u00fcber gro\u00dfartig<\/p>\n\n<ul class=\"wp-block-list\">\n<li><strong><u><a href=\"https:\/\/www.checkedholidays.com\/de\/tag\/teneriffa\/\" type=\"category\" id=\"59\">Teneriffa<\/a><\/u><\/strong> &#8211; Ideal f\u00fcr Familien, die Abwechslung, Attraktionen und Komfort suchen.<\/li>\n\n\n\n<li><strong><u><a href=\"https:\/\/www.checkedholidays.com\/de\/tag\/gran-canaria-de\/\" type=\"category\" id=\"60\">Gran Canaria<\/a><\/u><\/strong> &#8211; Am besten geeignet f\u00fcr Paare und Erwachsene, die Nachtleben, Restaurants und Shopping m\u00f6gen.<\/li>\n\n\n\n<li><strong><u><a href=\"https:\/\/www.checkedholidays.com\/de\/tag\/lanzarote-de\/\" type=\"category\" id=\"61\">Lanzarote<\/a><\/u><\/strong> &#8211; Am besten geeignet f\u00fcr All-inclusive-Urlaub und entspannte Ferien.<\/li>\n\n\n\n<li><strong><u><a href=\"https:\/\/www.checkedholidays.com\/de\/guide\/fuerteventura-de\/\" type=\"category\" id=\"309\">Fuerteventura<\/a><\/u><\/strong> &#8211; Am besten f\u00fcr einen Strandurlaub mit viel Platz.<\/li>\n<\/ul>\n\n<p class=\"wp-block-paragraph\">Am besten von Mai bis Oktober<\/p>\n\n<ul class=\"wp-block-list\">\n<li><strong><u><a href=\"https:\/\/www.checkedholidays.com\/de\/guide\/mallorca-de\/\" type=\"category\" id=\"57\">Mallorca<\/a><\/u><\/strong> &#8211; Am besten f\u00fcr Familien und Abwechslungssuchende, die Str\u00e4nde, Ausfl\u00fcge und viel Auswahl suchen.<\/li>\n\n\n\n<li><strong><u><a href=\"https:\/\/www.checkedholidays.com\/de\/tag\/menorca-de\/\" type=\"category\" id=\"91\">Menorca<\/a><\/u><\/strong> &#8211; Am besten geeignet f\u00fcr ruhige, entspannte, familienfreundliche Ferien mit authentischem Charme.  <\/li>\n\n\n\n<li><strong><u><a href=\"https:\/\/www.checkedholidays.com\/de\/guide\/ibiza-de\/\" type=\"category\" id=\"633\">Ibiza<\/a><\/u><\/strong> &#8211; Das Beste f\u00fcr Erwachsene, Paare, Nachtleben, Strandclubs und stilvolle Urlaubsziele.<\/li>\n<\/ul>\n","protected":false},"excerpt":{"rendered":"<p>Finde deinen idealen Urlaub auf den spanischen Inseln Das ganze Jahr \u00fcber gro\u00dfartig Am besten von Mai bis Oktober<\/p>\n","protected":false},"author":1,"featured_media":0,"parent":0,"menu_order":0,"comment_status":"closed","ping_status":"closed","template":"","meta":{"_crdt_document":"","footnotes":""},"class_list":["post-24569","page","type-page","status-publish","hentry"],"yoast_head":"<!-- This site is optimized with the Yoast SEO plugin v27.2 - https:\/\/yoast.com\/product\/yoast-seo-wordpress\/ -->\n<title>Finde deinen idealen Urlaub auf den spanischen Inseln<\/title>\n<meta name=\"description\" content=\"Entdecke deinen idealen Urlaub auf den spanischen Inseln, gef\u00fchrt von einem Experten mit \u00fcber 20 Jahren Erfahrung.\" \/>\n<meta name=\"robots\" content=\"index, follow, max-snippet:-1, max-image-preview:large, max-video-preview:-1\" \/>\n<link rel=\"canonical\" href=\"https:\/\/www.checkedholidays.com\/de\/\" \/>\n<meta property=\"og:locale\" content=\"de_DE\" \/>\n<meta property=\"og:type\" content=\"article\" \/>\n<meta property=\"og:title\" content=\"Finde deinen idealen Urlaub auf den spanischen Inseln\" \/>\n<meta property=\"og:description\" content=\"Entdecke deinen idealen Urlaub auf den spanischen Inseln, gef\u00fchrt von einem Experten mit \u00fcber 20 Jahren Erfahrung.\" \/>\n<meta property=\"og:url\" content=\"https:\/\/www.checkedholidays.com\/de\/\" \/>\n<meta property=\"og:site_name\" content=\"CheckedHolidays\" \/>\n<meta property=\"article:publisher\" content=\"http:\/\/www.facebook.com\/checkedholidays\" \/>\n<meta property=\"article:modified_time\" content=\"2026-02-23T13:10:21+00:00\" \/>\n<meta name=\"twitter:card\" content=\"summary_large_image\" \/>\n<meta name=\"twitter:site\" content=\"@checkedholidays\" \/>\n<meta name=\"twitter:label1\" content=\"Gesch\u00e4tzte Lesezeit\" \/>\n\t<meta name=\"twitter:data1\" content=\"1\u00a0Minute\" \/>\n<script type=\"application\/ld+json\" class=\"yoast-schema-graph\">{\"@context\":\"https:\/\/schema.org\",\"@graph\":[{\"@type\":\"WebPage\",\"@id\":\"https:\/\/www.checkedholidays.com\/de\/\",\"url\":\"https:\/\/www.checkedholidays.com\/de\/\",\"name\":\"Finde deinen idealen Urlaub auf den spanischen Inseln\",\"isPartOf\":{\"@id\":\"https:\/\/www.checkedholidays.com\/de\/#website\"},\"datePublished\":\"2022-09-05T14:27:47+00:00\",\"dateModified\":\"2026-02-23T13:10:21+00:00\",\"description\":\"Entdecke deinen idealen Urlaub auf den spanischen Inseln, gef\u00fchrt von einem Experten mit \u00fcber 20 Jahren Erfahrung.\",\"breadcrumb\":{\"@id\":\"https:\/\/www.checkedholidays.com\/de\/#breadcrumb\"},\"inLanguage\":\"de\",\"potentialAction\":[{\"@type\":\"ReadAction\",\"target\":[\"https:\/\/www.checkedholidays.com\/de\/\"]}]},{\"@type\":\"BreadcrumbList\",\"@id\":\"https:\/\/www.checkedholidays.com\/de\/#breadcrumb\",\"itemListElement\":[{\"@type\":\"ListItem\",\"position\":1,\"name\":\"Home\",\"item\":\"https:\/\/www.checkedholidays.com\/de\/\"},{\"@type\":\"ListItem\",\"position\":2,\"name\":\"Homepage\"}]},{\"@type\":\"WebSite\",\"@id\":\"https:\/\/www.checkedholidays.com\/de\/#website\",\"url\":\"https:\/\/www.checkedholidays.com\/de\/\",\"name\":\"CheckedHolidays\",\"description\":\"Spanish island holidays... but better!\",\"potentialAction\":[{\"@type\":\"SearchAction\",\"target\":{\"@type\":\"EntryPoint\",\"urlTemplate\":\"https:\/\/www.checkedholidays.com\/de\/?s={search_term_string}\"},\"query-input\":{\"@type\":\"PropertyValueSpecification\",\"valueRequired\":true,\"valueName\":\"search_term_string\"}}],\"inLanguage\":\"de\"}]}<\/script>\n<!-- \/ Yoast SEO plugin. -->","yoast_head_json":{"title":"Finde deinen idealen Urlaub auf den spanischen Inseln","description":"Entdecke deinen idealen Urlaub auf den spanischen Inseln, gef\u00fchrt von einem Experten mit \u00fcber 20 Jahren Erfahrung.","robots":{"index":"index","follow":"follow","max-snippet":"max-snippet:-1","max-image-preview":"max-image-preview:large","max-video-preview":"max-video-preview:-1"},"canonical":"https:\/\/www.checkedholidays.com\/de\/","og_locale":"de_DE","og_type":"article","og_title":"Finde deinen idealen Urlaub auf den spanischen Inseln","og_description":"Entdecke deinen idealen Urlaub auf den spanischen Inseln, gef\u00fchrt von einem Experten mit \u00fcber 20 Jahren Erfahrung.","og_url":"https:\/\/www.checkedholidays.com\/de\/","og_site_name":"CheckedHolidays","article_publisher":"http:\/\/www.facebook.com\/checkedholidays","article_modified_time":"2026-02-23T13:10:21+00:00","twitter_card":"summary_large_image","twitter_site":"@checkedholidays","twitter_misc":{"Gesch\u00e4tzte Lesezeit":"1\u00a0Minute"},"schema":{"@context":"https:\/\/schema.org","@graph":[{"@type":"WebPage","@id":"https:\/\/www.checkedholidays.com\/de\/","url":"https:\/\/www.checkedholidays.com\/de\/","name":"Finde deinen idealen Urlaub auf den spanischen Inseln","isPartOf":{"@id":"https:\/\/www.checkedholidays.com\/de\/#website"},"datePublished":"2022-09-05T14:27:47+00:00","dateModified":"2026-02-23T13:10:21+00:00","description":"Entdecke deinen idealen Urlaub auf den spanischen Inseln, gef\u00fchrt von einem Experten mit \u00fcber 20 Jahren Erfahrung.","breadcrumb":{"@id":"https:\/\/www.checkedholidays.com\/de\/#breadcrumb"},"inLanguage":"de","potentialAction":[{"@type":"ReadAction","target":["https:\/\/www.checkedholidays.com\/de\/"]}]},{"@type":"BreadcrumbList","@id":"https:\/\/www.checkedholidays.com\/de\/#breadcrumb","itemListElement":[{"@type":"ListItem","position":1,"name":"Home","item":"https:\/\/www.checkedholidays.com\/de\/"},{"@type":"ListItem","position":2,"name":"Homepage"}]},{"@type":"WebSite","@id":"https:\/\/www.checkedholidays.com\/de\/#website","url":"https:\/\/www.checkedholidays.com\/de\/","name":"CheckedHolidays","description":"Spanish island holidays... but better!","potentialAction":[{"@type":"SearchAction","target":{"@type":"EntryPoint","urlTemplate":"https:\/\/www.checkedholidays.com\/de\/?s={search_term_string}"},"query-input":{"@type":"PropertyValueSpecification","valueRequired":true,"valueName":"search_term_string"}}],"inLanguage":"de"}]}},"jetpack_sharing_enabled":true,"_links":{"self":[{"href":"https:\/\/www.checkedholidays.com\/de\/wp-json\/wp\/v2\/pages\/24569","targetHints":{"allow":["GET"]}}],"collection":[{"href":"https:\/\/www.checkedholidays.com\/de\/wp-json\/wp\/v2\/pages"}],"about":[{"href":"https:\/\/www.checkedholidays.com\/de\/wp-json\/wp\/v2\/types\/page"}],"author":[{"embeddable":true,"href":"https:\/\/www.checkedholidays.com\/de\/wp-json\/wp\/v2\/users\/1"}],"replies":[{"embeddable":true,"href":"https:\/\/www.checkedholidays.com\/de\/wp-json\/wp\/v2\/comments?post=24569"}],"version-history":[{"count":5,"href":"https:\/\/www.checkedholidays.com\/de\/wp-json\/wp\/v2\/pages\/24569\/revisions"}],"predecessor-version":[{"id":113850,"href":"https:\/\/www.checkedholidays.com\/de\/wp-json\/wp\/v2\/pages\/24569\/revisions\/113850"}],"wp:attachment":[{"href":"https:\/\/www.checkedholidays.com\/de\/wp-json\/wp\/v2\/media?parent=24569"}],"curies":[{"name":"wp","href":"https:\/\/api.w.org\/{rel}","templated":true}]}}