{"id":24500,"date":"2022-09-05T12:42:09","date_gmt":"2022-09-05T12:42:09","guid":{"rendered":"https:\/\/www.checkedholidays.com\/cookie-richtlinie\/"},"modified":"2025-03-17T09:59:52","modified_gmt":"2025-03-17T09:59:52","slug":"cookie-policy","status":"publish","type":"page","link":"https:\/\/www.checkedholidays.com\/de\/cookie-policy\/","title":{"rendered":"Cookie-Richtlinie"},"content":{"rendered":"\n<h2 class=\"wp-block-heading\">Was sind Cookies?<\/h2>\n\n<p class=\"wp-block-paragraph\">In dieser Cookie-Richtlinie wird erkl\u00e4rt, was Cookies sind und wie wir sie verwenden, welche Arten von Cookies wir verwenden, welche Informationen wir mithilfe von Cookies sammeln und wie diese Informationen verwendet werden, und wie du die Cookie-Einstellungen verwalten kannst.<\/p>\n\n<p class=\"wp-block-paragraph\">Cookies sind kleine Textdateien, die verwendet werden, um kleine Informationen zu speichern. Sie werden auf deinem Ger\u00e4t gespeichert, wenn die Website in deinem Browser geladen wird. Diese Cookies helfen uns, die Website ordnungsgem\u00e4\u00df zu betreiben, sie sicherer zu machen, eine bessere Nutzererfahrung zu bieten und zu verstehen, wie die Website funktioniert, um zu analysieren, was funktioniert und wo sie verbessert werden muss.<\/p>\n\n<h2 class=\"wp-block-heading\">Wie verwenden wir Cookies?<\/h2>\n\n<p class=\"wp-block-paragraph\">Wie die meisten Online-Dienste verwendet auch unsere Website Erstanbieter- und Drittanbieter-Cookies f\u00fcr verschiedene Zwecke. Erstanbieter-Cookies sind meist notwendig, damit die Website richtig funktioniert, und sie sammeln keine personenbezogenen Daten.<\/p>\n\n<p class=\"wp-block-paragraph\">Die auf unserer Website verwendeten Cookies von Drittanbietern dienen haupts\u00e4chlich dazu, zu verstehen, wie die Website funktioniert, wie du mit unserer Website interagierst, unsere Dienste sicher zu halten, dir f\u00fcr dich relevante Werbung anzubieten und dir insgesamt ein besseres und verbessertes Nutzererlebnis zu bieten und deine zuk\u00fcnftigen Interaktionen mit unserer Website zu beschleunigen.<\/p>\n\n<h2 class=\"wp-block-heading\">Arten von Cookies, die wir verwenden<\/h2>\n\n<style>\n    a.cky-banner-element {\n        padding: 8px 30px;\n        background: #F8F9FA;\n        color: #858A8F;\n        border: 1px solid #DEE2E6;\n        box-sizing: border-box;\n        border-radius: 2px;\n        cursor: pointer;\n}\n<\/style>\n\n    <div class=\"cky-audit-table-element\"><\/div>\n\n<h2 class=\"wp-block-heading\">Cookie-Einstellungen verwalten<\/h2>\n\n<a class=\"cky-banner-element\">Cookie-Einstellungen<\/a> <br\/>\n<p>\n<\/p>\n<p class=\"wp-block-paragraph\">Du kannst deine Cookie-Einstellungen jederzeit \u00e4ndern, indem du auf die obige Schaltfl\u00e4che klickst. So kannst du das Cookie-Einwilligungsbanner erneut aufrufen und deine Pr\u00e4ferenzen \u00e4ndern oder deine Einwilligung sofort widerrufen.   <\/p>\n\n<p class=\"wp-block-paragraph\">Au\u00dferdem bieten verschiedene Browser unterschiedliche Methoden zum Blockieren und L\u00f6schen von Cookies, die von Websites verwendet werden. Du kannst die Einstellungen deines Browsers \u00e4ndern, um die Cookies zu blockieren\/l\u00f6schen.  <\/p>\n","protected":false},"excerpt":{"rendered":"<p>Was sind Cookies? In dieser Cookie-Richtlinie wird erkl\u00e4rt, was Cookies sind und wie wir sie verwenden, welche Arten von Cookies wir verwenden, welche Informationen wir mithilfe von Cookies sammeln und wie diese Informationen verwendet werden, und wie du die Cookie-Einstellungen verwalten kannst. Cookies sind kleine Textdateien, die verwendet werden, um kleine Informationen zu speichern. Sie [&hellip;]<\/p>\n","protected":false},"author":1,"featured_media":0,"parent":0,"menu_order":0,"comment_status":"closed","ping_status":"closed","template":"","meta":{"_crdt_document":"","footnotes":""},"class_list":["post-24500","page","type-page","status-publish","hentry"],"yoast_head":"<!-- This site is optimized with the Yoast SEO plugin v27.2 - https:\/\/yoast.com\/product\/yoast-seo-wordpress\/ -->\n<title>Cookie-Richtlinie<\/title>\n<meta name=\"robots\" content=\"index, follow, max-snippet:-1, max-image-preview:large, max-video-preview:-1\" \/>\n<link rel=\"canonical\" href=\"https:\/\/www.checkedholidays.com\/de\/cookie-policy\/\" \/>\n<meta property=\"og:locale\" content=\"de_DE\" \/>\n<meta property=\"og:type\" content=\"article\" \/>\n<meta property=\"og:title\" content=\"Cookie-Richtlinie\" \/>\n<meta property=\"og:description\" content=\"Was sind Cookies? In dieser Cookie-Richtlinie wird erkl\u00e4rt, was Cookies sind und wie wir sie verwenden, welche Arten von Cookies wir verwenden, welche Informationen wir mithilfe von Cookies sammeln und wie diese Informationen verwendet werden, und wie du die Cookie-Einstellungen verwalten kannst. Cookies sind kleine Textdateien, die verwendet werden, um kleine Informationen zu speichern. Sie [&hellip;]\" \/>\n<meta property=\"og:url\" content=\"https:\/\/www.checkedholidays.com\/de\/cookie-policy\/\" \/>\n<meta property=\"og:site_name\" content=\"CheckedHolidays\" \/>\n<meta property=\"article:publisher\" content=\"http:\/\/www.facebook.com\/checkedholidays\" \/>\n<meta property=\"article:modified_time\" content=\"2025-03-17T09:59:52+00:00\" \/>\n<meta name=\"twitter:card\" content=\"summary_large_image\" \/>\n<meta name=\"twitter:site\" content=\"@checkedholidays\" \/>\n<meta name=\"twitter:label1\" content=\"Gesch\u00e4tzte Lesezeit\" \/>\n\t<meta name=\"twitter:data1\" content=\"1\u00a0Minute\" \/>\n<script type=\"application\/ld+json\" class=\"yoast-schema-graph\">{\"@context\":\"https:\/\/schema.org\",\"@graph\":[{\"@type\":\"WebPage\",\"@id\":\"https:\/\/www.checkedholidays.com\/de\/cookie-policy\/\",\"url\":\"https:\/\/www.checkedholidays.com\/de\/cookie-policy\/\",\"name\":\"Cookie-Richtlinie\",\"isPartOf\":{\"@id\":\"https:\/\/www.checkedholidays.com\/de\/#website\"},\"datePublished\":\"2022-09-05T12:42:09+00:00\",\"dateModified\":\"2025-03-17T09:59:52+00:00\",\"breadcrumb\":{\"@id\":\"https:\/\/www.checkedholidays.com\/de\/cookie-policy\/#breadcrumb\"},\"inLanguage\":\"de\",\"potentialAction\":[{\"@type\":\"ReadAction\",\"target\":[\"https:\/\/www.checkedholidays.com\/de\/cookie-policy\/\"]}]},{\"@type\":\"BreadcrumbList\",\"@id\":\"https:\/\/www.checkedholidays.com\/de\/cookie-policy\/#breadcrumb\",\"itemListElement\":[{\"@type\":\"ListItem\",\"position\":1,\"name\":\"Home\",\"item\":\"https:\/\/www.checkedholidays.com\/de\/\"},{\"@type\":\"ListItem\",\"position\":2,\"name\":\"Cookie-Richtlinie\"}]},{\"@type\":\"WebSite\",\"@id\":\"https:\/\/www.checkedholidays.com\/de\/#website\",\"url\":\"https:\/\/www.checkedholidays.com\/de\/\",\"name\":\"CheckedHolidays\",\"description\":\"Spanish island holidays... but better!\",\"potentialAction\":[{\"@type\":\"SearchAction\",\"target\":{\"@type\":\"EntryPoint\",\"urlTemplate\":\"https:\/\/www.checkedholidays.com\/de\/?s={search_term_string}\"},\"query-input\":{\"@type\":\"PropertyValueSpecification\",\"valueRequired\":true,\"valueName\":\"search_term_string\"}}],\"inLanguage\":\"de\"}]}<\/script>\n<!-- \/ Yoast SEO plugin. -->","yoast_head_json":{"title":"Cookie-Richtlinie","robots":{"index":"index","follow":"follow","max-snippet":"max-snippet:-1","max-image-preview":"max-image-preview:large","max-video-preview":"max-video-preview:-1"},"canonical":"https:\/\/www.checkedholidays.com\/de\/cookie-policy\/","og_locale":"de_DE","og_type":"article","og_title":"Cookie-Richtlinie","og_description":"Was sind Cookies? In dieser Cookie-Richtlinie wird erkl\u00e4rt, was Cookies sind und wie wir sie verwenden, welche Arten von Cookies wir verwenden, welche Informationen wir mithilfe von Cookies sammeln und wie diese Informationen verwendet werden, und wie du die Cookie-Einstellungen verwalten kannst. Cookies sind kleine Textdateien, die verwendet werden, um kleine Informationen zu speichern. Sie [&hellip;]","og_url":"https:\/\/www.checkedholidays.com\/de\/cookie-policy\/","og_site_name":"CheckedHolidays","article_publisher":"http:\/\/www.facebook.com\/checkedholidays","article_modified_time":"2025-03-17T09:59:52+00:00","twitter_card":"summary_large_image","twitter_site":"@checkedholidays","twitter_misc":{"Gesch\u00e4tzte Lesezeit":"1\u00a0Minute"},"schema":{"@context":"https:\/\/schema.org","@graph":[{"@type":"WebPage","@id":"https:\/\/www.checkedholidays.com\/de\/cookie-policy\/","url":"https:\/\/www.checkedholidays.com\/de\/cookie-policy\/","name":"Cookie-Richtlinie","isPartOf":{"@id":"https:\/\/www.checkedholidays.com\/de\/#website"},"datePublished":"2022-09-05T12:42:09+00:00","dateModified":"2025-03-17T09:59:52+00:00","breadcrumb":{"@id":"https:\/\/www.checkedholidays.com\/de\/cookie-policy\/#breadcrumb"},"inLanguage":"de","potentialAction":[{"@type":"ReadAction","target":["https:\/\/www.checkedholidays.com\/de\/cookie-policy\/"]}]},{"@type":"BreadcrumbList","@id":"https:\/\/www.checkedholidays.com\/de\/cookie-policy\/#breadcrumb","itemListElement":[{"@type":"ListItem","position":1,"name":"Home","item":"https:\/\/www.checkedholidays.com\/de\/"},{"@type":"ListItem","position":2,"name":"Cookie-Richtlinie"}]},{"@type":"WebSite","@id":"https:\/\/www.checkedholidays.com\/de\/#website","url":"https:\/\/www.checkedholidays.com\/de\/","name":"CheckedHolidays","description":"Spanish island holidays... but better!","potentialAction":[{"@type":"SearchAction","target":{"@type":"EntryPoint","urlTemplate":"https:\/\/www.checkedholidays.com\/de\/?s={search_term_string}"},"query-input":{"@type":"PropertyValueSpecification","valueRequired":true,"valueName":"search_term_string"}}],"inLanguage":"de"}]}},"jetpack_sharing_enabled":true,"_links":{"self":[{"href":"https:\/\/www.checkedholidays.com\/de\/wp-json\/wp\/v2\/pages\/24500","targetHints":{"allow":["GET"]}}],"collection":[{"href":"https:\/\/www.checkedholidays.com\/de\/wp-json\/wp\/v2\/pages"}],"about":[{"href":"https:\/\/www.checkedholidays.com\/de\/wp-json\/wp\/v2\/types\/page"}],"author":[{"embeddable":true,"href":"https:\/\/www.checkedholidays.com\/de\/wp-json\/wp\/v2\/users\/1"}],"replies":[{"embeddable":true,"href":"https:\/\/www.checkedholidays.com\/de\/wp-json\/wp\/v2\/comments?post=24500"}],"version-history":[{"count":2,"href":"https:\/\/www.checkedholidays.com\/de\/wp-json\/wp\/v2\/pages\/24500\/revisions"}],"predecessor-version":[{"id":103238,"href":"https:\/\/www.checkedholidays.com\/de\/wp-json\/wp\/v2\/pages\/24500\/revisions\/103238"}],"wp:attachment":[{"href":"https:\/\/www.checkedholidays.com\/de\/wp-json\/wp\/v2\/media?parent=24500"}],"curies":[{"name":"wp","href":"https:\/\/api.w.org\/{rel}","templated":true}]}}