{"id":24480,"date":"2022-09-05T12:38:07","date_gmt":"2022-09-05T12:38:07","guid":{"rendered":"https:\/\/www.checkedholidays.com\/ueber-checkedholidays\/"},"modified":"2023-12-02T12:33:59","modified_gmt":"2023-12-02T12:33:59","slug":"uber-checkedholidays","status":"publish","type":"page","link":"https:\/\/www.checkedholidays.com\/de\/uber-checkedholidays\/","title":{"rendered":"\u00dcber CheckedHolidays"},"content":{"rendered":"\n<p class=\"wp-block-paragraph\">CheckedHolidays wurde 2012 gegr\u00fcndet, nachdem wir eine Menge Fehlinformationen im Internet \u00fcber Urlaub auf den spanischen Inseln bemerkt hatten. Diese Fehlinformation hat sich negativ auf den Urlaub der Menschen ausgewirkt, also haben wir ein YouTube-Video gemacht, um diese Fehlinformation zu korrigieren. Nachdem der Beitrag im Express ver\u00f6ffentlicht wurde, erreichte er \u00fcber 100.000 Zuschauerinnen und Zuschauer. Das hat uns dazu inspiriert, mehr zu tun!<\/p>\n\n<p class=\"has-text-align-center has-large-font-size wp-block-paragraph\"><strong>Kontakt<\/strong><\/p>\n\n<p class=\"has-text-align-center has-large-font-size wp-block-paragraph\"><strong>info(at)CheckedHolidays.com<\/strong><\/p>\n\n<h2 class=\"wp-block-heading\">Website<\/h2>\n\n<p class=\"wp-block-paragraph\">2019 war das erste volle Jahr f\u00fcr die Website, die jeden Monat etwa 1.000 Leser erreicht. Jetzt, im Jahr 2022, gibt es jeden Monat \u00fcber 30.000 englischsprachige Leser.  <\/p>\n\n<p class=\"wp-block-paragraph\">Seit August 2022 ist die Website in allen wichtigen europ\u00e4ischen Sprachen verf\u00fcgbar, wodurch die Zahl der Leser noch schneller w\u00e4chst.<\/p>\n\n<p class=\"wp-block-paragraph\">Das Ziel dieser Website ist es, im Jahr 2023 \u00fcber <strong>\n  <span style=\"text-decoration: underline;\">HALBEN MILLIONEN<\/span>\n<\/strong> Menschen zu besseren Ferien zu verhelfen!<\/p>\n\n<figure class=\"wp-block-image size-large\"><img data-recalc-dims=\"1\" loading=\"lazy\" decoding=\"async\" width=\"1024\" height=\"233\" src=\"https:\/\/i0.wp.com\/www.checkedholidays.com\/wp-content\/uploads\/2023\/01\/Screenshot-2023-01-28-at-20.09.55.png?resize=1024%2C233&#038;ssl=1\" alt=\"\" class=\"wp-image-37413\" srcset=\"https:\/\/i0.wp.com\/www.checkedholidays.com\/wp-content\/uploads\/2023\/01\/Screenshot-2023-01-28-at-20.09.55.png?resize=1024%2C233&amp;ssl=1 1024w, https:\/\/i0.wp.com\/www.checkedholidays.com\/wp-content\/uploads\/2023\/01\/Screenshot-2023-01-28-at-20.09.55.png?resize=300%2C68&amp;ssl=1 300w, https:\/\/i0.wp.com\/www.checkedholidays.com\/wp-content\/uploads\/2023\/01\/Screenshot-2023-01-28-at-20.09.55.png?resize=768%2C175&amp;ssl=1 768w, https:\/\/i0.wp.com\/www.checkedholidays.com\/wp-content\/uploads\/2023\/01\/Screenshot-2023-01-28-at-20.09.55.png?resize=1536%2C350&amp;ssl=1 1536w, https:\/\/i0.wp.com\/www.checkedholidays.com\/wp-content\/uploads\/2023\/01\/Screenshot-2023-01-28-at-20.09.55.png?resize=1920%2C437&amp;ssl=1 1920w, https:\/\/i0.wp.com\/www.checkedholidays.com\/wp-content\/uploads\/2023\/01\/Screenshot-2023-01-28-at-20.09.55.png?resize=600%2C137&amp;ssl=1 600w, https:\/\/i0.wp.com\/www.checkedholidays.com\/wp-content\/uploads\/2023\/01\/Screenshot-2023-01-28-at-20.09.55.png?resize=800%2C182&amp;ssl=1 800w, https:\/\/i0.wp.com\/www.checkedholidays.com\/wp-content\/uploads\/2023\/01\/Screenshot-2023-01-28-at-20.09.55.png?w=1968&amp;ssl=1 1968w\" sizes=\"auto, (max-width: 1024px) 100vw, 1024px\" \/><\/figure>\n\n<h2 class=\"wp-block-heading\">YouTube<\/h2>\n\n<p class=\"wp-block-paragraph\">Der <a href=\"http:\/\/youtube.com\/checkedholidays\">YouTube-Kanal<\/a> startete 2012, bekam aber erst 2015 mehr Videos und 2018 noch mehr. Nach einem massiven R\u00fcckgang der Zuschauerzahlen im Jahr 2020 aufgrund von Reisebeschr\u00e4nkungen erreicht sie heute jeden Monat \u00fcber 125 000 Zuschauer und w\u00e4chst weiter.<\/p>\n\n<figure class=\"wp-block-image size-large\"><img data-recalc-dims=\"1\" loading=\"lazy\" decoding=\"async\" width=\"1024\" height=\"230\" src=\"https:\/\/i0.wp.com\/www.checkedholidays.com\/wp-content\/uploads\/2023\/01\/Screenshot-2023-01-28-at-20.14.02.png?resize=1024%2C230&#038;ssl=1\" alt=\"\" class=\"wp-image-37429\" srcset=\"https:\/\/i0.wp.com\/www.checkedholidays.com\/wp-content\/uploads\/2023\/01\/Screenshot-2023-01-28-at-20.14.02.png?resize=1024%2C230&amp;ssl=1 1024w, https:\/\/i0.wp.com\/www.checkedholidays.com\/wp-content\/uploads\/2023\/01\/Screenshot-2023-01-28-at-20.14.02.png?resize=300%2C67&amp;ssl=1 300w, https:\/\/i0.wp.com\/www.checkedholidays.com\/wp-content\/uploads\/2023\/01\/Screenshot-2023-01-28-at-20.14.02.png?resize=768%2C172&amp;ssl=1 768w, https:\/\/i0.wp.com\/www.checkedholidays.com\/wp-content\/uploads\/2023\/01\/Screenshot-2023-01-28-at-20.14.02.png?resize=1536%2C345&amp;ssl=1 1536w, https:\/\/i0.wp.com\/www.checkedholidays.com\/wp-content\/uploads\/2023\/01\/Screenshot-2023-01-28-at-20.14.02.png?resize=2048%2C460&amp;ssl=1 2048w, https:\/\/i0.wp.com\/www.checkedholidays.com\/wp-content\/uploads\/2023\/01\/Screenshot-2023-01-28-at-20.14.02.png?resize=1920%2C431&amp;ssl=1 1920w, https:\/\/i0.wp.com\/www.checkedholidays.com\/wp-content\/uploads\/2023\/01\/Screenshot-2023-01-28-at-20.14.02.png?resize=600%2C135&amp;ssl=1 600w, https:\/\/i0.wp.com\/www.checkedholidays.com\/wp-content\/uploads\/2023\/01\/Screenshot-2023-01-28-at-20.14.02.png?resize=800%2C180&amp;ssl=1 800w, https:\/\/i0.wp.com\/www.checkedholidays.com\/wp-content\/uploads\/2023\/01\/Screenshot-2023-01-28-at-20.14.02.png?w=2388&amp;ssl=1 2388w\" sizes=\"auto, (max-width: 1024px) 100vw, 1024px\" \/><\/figure>\n\n<h2 class=\"wp-block-heading\">Kooperationen &amp; Werbung<\/h2>\n\n<p class=\"wp-block-paragraph\">Auf CheckedHolidays.com sprechen wir \u00fcber die guten und schlechten Seiten von Urlaubszielen, um die besten Urlaubstipps zu geben. Das ist einer der Gr\u00fcnde, warum unsere Seite<strong> von einer immer gr\u00f6\u00dfer werdenden Leserschaft gesch\u00e4tzt und geliebt<\/strong> wird. Um weiterhin eine hochwertige und unabh\u00e4ngige Urlaubsberatung anbieten zu k\u00f6nnen, machen wir keine bezahlte Werbung f\u00fcr Produkte oder Dienstleistungen, von denen wir nicht \u00fcberzeugt sind. Wenn du jedoch der Meinung bist, dass wir dein Hotel, deinen Urlaubsort, deine Attraktion, deinen Ausflug oder deine Dienstleistung \u00fcbersehen haben, und du m\u00f6chtest, dass wir sie kostenlos auf der Website aufnehmen. Bitte melde dich bei uns, und nach einer pers\u00f6nlichen Pr\u00fcfung wirst du vielleicht aufgenommen.<\/p>\n\n<p class=\"has-text-align-center has-large-font-size wp-block-paragraph\"><strong>Kontakt<\/strong><\/p>\n\n<p class=\"has-text-align-center has-large-font-size wp-block-paragraph\"><strong>info(at)CheckedHolidays.com<\/strong><\/p>\n","protected":false},"excerpt":{"rendered":"<p>CheckedHolidays wurde 2012 gegr\u00fcndet, nachdem wir eine Menge Fehlinformationen im Internet \u00fcber Urlaub auf den spanischen Inseln bemerkt hatten. Diese Fehlinformation hat sich negativ auf den Urlaub der Menschen ausgewirkt, also haben wir ein YouTube-Video gemacht, um diese Fehlinformation zu korrigieren. Nachdem der Beitrag im Express ver\u00f6ffentlicht wurde, erreichte er \u00fcber 100.000 Zuschauerinnen und Zuschauer. [&hellip;]<\/p>\n","protected":false},"author":1,"featured_media":18802,"parent":0,"menu_order":0,"comment_status":"closed","ping_status":"closed","template":"","meta":{"_crdt_document":"","footnotes":""},"class_list":["post-24480","page","type-page","status-publish","has-post-thumbnail","hentry"],"yoast_head":"<!-- This site is optimized with the Yoast SEO plugin v27.2 - https:\/\/yoast.com\/product\/yoast-seo-wordpress\/ -->\n<title>\u00dcber CheckedHolidays<\/title>\n<meta name=\"robots\" content=\"index, follow, max-snippet:-1, max-image-preview:large, max-video-preview:-1\" \/>\n<link rel=\"canonical\" href=\"https:\/\/www.checkedholidays.com\/de\/uber-checkedholidays\/\" \/>\n<meta property=\"og:locale\" content=\"de_DE\" \/>\n<meta property=\"og:type\" content=\"article\" \/>\n<meta property=\"og:title\" content=\"\u00dcber CheckedHolidays\" \/>\n<meta property=\"og:description\" content=\"CheckedHolidays wurde 2012 gegr\u00fcndet, nachdem wir eine Menge Fehlinformationen im Internet \u00fcber Urlaub auf den spanischen Inseln bemerkt hatten. Diese Fehlinformation hat sich negativ auf den Urlaub der Menschen ausgewirkt, also haben wir ein YouTube-Video gemacht, um diese Fehlinformation zu korrigieren. Nachdem der Beitrag im Express ver\u00f6ffentlicht wurde, erreichte er \u00fcber 100.000 Zuschauerinnen und Zuschauer. [&hellip;]\" \/>\n<meta property=\"og:url\" content=\"https:\/\/www.checkedholidays.com\/de\/uber-checkedholidays\/\" \/>\n<meta property=\"og:site_name\" content=\"CheckedHolidays\" \/>\n<meta property=\"article:publisher\" content=\"http:\/\/www.facebook.com\/checkedholidays\" \/>\n<meta property=\"article:modified_time\" content=\"2023-12-02T12:33:59+00:00\" \/>\n<meta property=\"og:image\" content=\"https:\/\/i0.wp.com\/www.checkedholidays.com\/wp-content\/uploads\/2022\/06\/Website-growth.png?fit=1874%2C452&ssl=1\" \/>\n\t<meta property=\"og:image:width\" content=\"1874\" \/>\n\t<meta property=\"og:image:height\" content=\"452\" \/>\n\t<meta property=\"og:image:type\" content=\"image\/png\" \/>\n<meta name=\"twitter:card\" content=\"summary_large_image\" \/>\n<meta name=\"twitter:site\" content=\"@checkedholidays\" \/>\n<meta name=\"twitter:label1\" content=\"Gesch\u00e4tzte Lesezeit\" \/>\n\t<meta name=\"twitter:data1\" content=\"1\u00a0Minute\" \/>\n<script type=\"application\/ld+json\" class=\"yoast-schema-graph\">{\"@context\":\"https:\/\/schema.org\",\"@graph\":[{\"@type\":\"WebPage\",\"@id\":\"https:\/\/www.checkedholidays.com\/de\/uber-checkedholidays\/\",\"url\":\"https:\/\/www.checkedholidays.com\/de\/uber-checkedholidays\/\",\"name\":\"\u00dcber CheckedHolidays\",\"isPartOf\":{\"@id\":\"https:\/\/www.checkedholidays.com\/de\/#website\"},\"primaryImageOfPage\":{\"@id\":\"https:\/\/www.checkedholidays.com\/de\/uber-checkedholidays\/#primaryimage\"},\"image\":{\"@id\":\"https:\/\/www.checkedholidays.com\/de\/uber-checkedholidays\/#primaryimage\"},\"thumbnailUrl\":\"https:\/\/i0.wp.com\/www.checkedholidays.com\/wp-content\/uploads\/2022\/06\/Website-growth.png?fit=1874%2C452&ssl=1\",\"datePublished\":\"2022-09-05T12:38:07+00:00\",\"dateModified\":\"2023-12-02T12:33:59+00:00\",\"breadcrumb\":{\"@id\":\"https:\/\/www.checkedholidays.com\/de\/uber-checkedholidays\/#breadcrumb\"},\"inLanguage\":\"de\",\"potentialAction\":[{\"@type\":\"ReadAction\",\"target\":[\"https:\/\/www.checkedholidays.com\/de\/uber-checkedholidays\/\"]}]},{\"@type\":\"ImageObject\",\"inLanguage\":\"de\",\"@id\":\"https:\/\/www.checkedholidays.com\/de\/uber-checkedholidays\/#primaryimage\",\"url\":\"https:\/\/i0.wp.com\/www.checkedholidays.com\/wp-content\/uploads\/2022\/06\/Website-growth.png?fit=1874%2C452&ssl=1\",\"contentUrl\":\"https:\/\/i0.wp.com\/www.checkedholidays.com\/wp-content\/uploads\/2022\/06\/Website-growth.png?fit=1874%2C452&ssl=1\",\"width\":1874,\"height\":452},{\"@type\":\"BreadcrumbList\",\"@id\":\"https:\/\/www.checkedholidays.com\/de\/uber-checkedholidays\/#breadcrumb\",\"itemListElement\":[{\"@type\":\"ListItem\",\"position\":1,\"name\":\"Home\",\"item\":\"https:\/\/www.checkedholidays.com\/de\/\"},{\"@type\":\"ListItem\",\"position\":2,\"name\":\"\u00dcber CheckedHolidays\"}]},{\"@type\":\"WebSite\",\"@id\":\"https:\/\/www.checkedholidays.com\/de\/#website\",\"url\":\"https:\/\/www.checkedholidays.com\/de\/\",\"name\":\"CheckedHolidays\",\"description\":\"Spanish island holidays... but better!\",\"potentialAction\":[{\"@type\":\"SearchAction\",\"target\":{\"@type\":\"EntryPoint\",\"urlTemplate\":\"https:\/\/www.checkedholidays.com\/de\/?s={search_term_string}\"},\"query-input\":{\"@type\":\"PropertyValueSpecification\",\"valueRequired\":true,\"valueName\":\"search_term_string\"}}],\"inLanguage\":\"de\"}]}<\/script>\n<!-- \/ Yoast SEO plugin. -->","yoast_head_json":{"title":"\u00dcber CheckedHolidays","robots":{"index":"index","follow":"follow","max-snippet":"max-snippet:-1","max-image-preview":"max-image-preview:large","max-video-preview":"max-video-preview:-1"},"canonical":"https:\/\/www.checkedholidays.com\/de\/uber-checkedholidays\/","og_locale":"de_DE","og_type":"article","og_title":"\u00dcber CheckedHolidays","og_description":"CheckedHolidays wurde 2012 gegr\u00fcndet, nachdem wir eine Menge Fehlinformationen im Internet \u00fcber Urlaub auf den spanischen Inseln bemerkt hatten. Diese Fehlinformation hat sich negativ auf den Urlaub der Menschen ausgewirkt, also haben wir ein YouTube-Video gemacht, um diese Fehlinformation zu korrigieren. Nachdem der Beitrag im Express ver\u00f6ffentlicht wurde, erreichte er \u00fcber 100.000 Zuschauerinnen und Zuschauer. [&hellip;]","og_url":"https:\/\/www.checkedholidays.com\/de\/uber-checkedholidays\/","og_site_name":"CheckedHolidays","article_publisher":"http:\/\/www.facebook.com\/checkedholidays","article_modified_time":"2023-12-02T12:33:59+00:00","og_image":[{"width":1874,"height":452,"url":"https:\/\/i0.wp.com\/www.checkedholidays.com\/wp-content\/uploads\/2022\/06\/Website-growth.png?fit=1874%2C452&ssl=1","type":"image\/png"}],"twitter_card":"summary_large_image","twitter_site":"@checkedholidays","twitter_misc":{"Gesch\u00e4tzte Lesezeit":"1\u00a0Minute"},"schema":{"@context":"https:\/\/schema.org","@graph":[{"@type":"WebPage","@id":"https:\/\/www.checkedholidays.com\/de\/uber-checkedholidays\/","url":"https:\/\/www.checkedholidays.com\/de\/uber-checkedholidays\/","name":"\u00dcber CheckedHolidays","isPartOf":{"@id":"https:\/\/www.checkedholidays.com\/de\/#website"},"primaryImageOfPage":{"@id":"https:\/\/www.checkedholidays.com\/de\/uber-checkedholidays\/#primaryimage"},"image":{"@id":"https:\/\/www.checkedholidays.com\/de\/uber-checkedholidays\/#primaryimage"},"thumbnailUrl":"https:\/\/i0.wp.com\/www.checkedholidays.com\/wp-content\/uploads\/2022\/06\/Website-growth.png?fit=1874%2C452&ssl=1","datePublished":"2022-09-05T12:38:07+00:00","dateModified":"2023-12-02T12:33:59+00:00","breadcrumb":{"@id":"https:\/\/www.checkedholidays.com\/de\/uber-checkedholidays\/#breadcrumb"},"inLanguage":"de","potentialAction":[{"@type":"ReadAction","target":["https:\/\/www.checkedholidays.com\/de\/uber-checkedholidays\/"]}]},{"@type":"ImageObject","inLanguage":"de","@id":"https:\/\/www.checkedholidays.com\/de\/uber-checkedholidays\/#primaryimage","url":"https:\/\/i0.wp.com\/www.checkedholidays.com\/wp-content\/uploads\/2022\/06\/Website-growth.png?fit=1874%2C452&ssl=1","contentUrl":"https:\/\/i0.wp.com\/www.checkedholidays.com\/wp-content\/uploads\/2022\/06\/Website-growth.png?fit=1874%2C452&ssl=1","width":1874,"height":452},{"@type":"BreadcrumbList","@id":"https:\/\/www.checkedholidays.com\/de\/uber-checkedholidays\/#breadcrumb","itemListElement":[{"@type":"ListItem","position":1,"name":"Home","item":"https:\/\/www.checkedholidays.com\/de\/"},{"@type":"ListItem","position":2,"name":"\u00dcber CheckedHolidays"}]},{"@type":"WebSite","@id":"https:\/\/www.checkedholidays.com\/de\/#website","url":"https:\/\/www.checkedholidays.com\/de\/","name":"CheckedHolidays","description":"Spanish island holidays... but better!","potentialAction":[{"@type":"SearchAction","target":{"@type":"EntryPoint","urlTemplate":"https:\/\/www.checkedholidays.com\/de\/?s={search_term_string}"},"query-input":{"@type":"PropertyValueSpecification","valueRequired":true,"valueName":"search_term_string"}}],"inLanguage":"de"}]}},"jetpack_sharing_enabled":true,"_links":{"self":[{"href":"https:\/\/www.checkedholidays.com\/de\/wp-json\/wp\/v2\/pages\/24480","targetHints":{"allow":["GET"]}}],"collection":[{"href":"https:\/\/www.checkedholidays.com\/de\/wp-json\/wp\/v2\/pages"}],"about":[{"href":"https:\/\/www.checkedholidays.com\/de\/wp-json\/wp\/v2\/types\/page"}],"author":[{"embeddable":true,"href":"https:\/\/www.checkedholidays.com\/de\/wp-json\/wp\/v2\/users\/1"}],"replies":[{"embeddable":true,"href":"https:\/\/www.checkedholidays.com\/de\/wp-json\/wp\/v2\/comments?post=24480"}],"version-history":[{"count":4,"href":"https:\/\/www.checkedholidays.com\/de\/wp-json\/wp\/v2\/pages\/24480\/revisions"}],"predecessor-version":[{"id":78407,"href":"https:\/\/www.checkedholidays.com\/de\/wp-json\/wp\/v2\/pages\/24480\/revisions\/78407"}],"wp:featuredmedia":[{"embeddable":true,"href":"https:\/\/www.checkedholidays.com\/de\/wp-json\/wp\/v2\/media\/18802"}],"wp:attachment":[{"href":"https:\/\/www.checkedholidays.com\/de\/wp-json\/wp\/v2\/media?parent=24480"}],"curies":[{"name":"wp","href":"https:\/\/api.w.org\/{rel}","templated":true}]}}