{"id":24458,"date":"2022-09-05T12:35:30","date_gmt":"2022-09-05T12:35:30","guid":{"rendered":"https:\/\/www.checkedholidays.com\/ueber\/"},"modified":"2022-09-05T12:35:31","modified_gmt":"2022-09-05T12:35:31","slug":"ueber","status":"publish","type":"page","link":"https:\/\/www.checkedholidays.com\/de\/ueber\/","title":{"rendered":"\u00dcber mich"},"content":{"rendered":"\n<p class=\"has-text-align-left wp-block-paragraph\">Ja, CheckHolidays bin ich, ein durchschnittlicher Mensch aus dem echten Leben&#8230; mein richtiger Name ist Ive. Ich schreibe, filme, bearbeite, erstelle und ver\u00f6ffentliche alle meine Urlaubsf\u00fchrer (99%) selbst. Aber als ich anfing, wollte ich einen Namen, der &#8220;professionell&#8221; aussieht&#8230; und jetzt habe ich ihn nicht mehr. Auf dieser Seite m\u00f6chte ich dir also ein bisschen mehr \u00fcber mich erz\u00e4hlen und dir zeigen, dass ich ein ganz normaler Mensch bin, der durch die Umst\u00e4nde zu einem der bekanntesten Urlaubsberater \u00fcber die spanischen Inseln geworden ist.  <\/p>\n<div class=\"wp-block-image\">\n<figure class=\"aligncenter is-resized\"><img loading=\"lazy\" decoding=\"async\" src=\"https:\/\/i1.wp.com\/www.checkedholidays.com\/wp-content\/uploads\/2019\/03\/IMG_20141017_152816-MOTION.gif?fit=768%2C1024&amp;ssl=1\" alt=\"\" class=\"wp-image-3075\" width=\"384\" height=\"512\"\/><figcaption class=\"wp-element-caption\">15 Jahre in Spanien: Zuf\u00e4lliges Schwimmen<\/figcaption><\/figure>\n<\/div>\n<p class=\"has-text-align-left wp-block-paragraph\">All das begann, nachdem er \u00fcber 15 Jahre lang in ganz Spanien als Hotelanimateur, Barkeeper, Kameramann und Tontechniker gelebt und gearbeitet hatte. Aber nachdem ich viele Jahre in verschiedenen Jobs auf den spanischen Inseln gearbeitet hatte, fiel es mir schwer, etwas zu finden, das mir Spa\u00df machte und f\u00fcr das ich mich begeistern konnte.<\/p>\n\n<p class=\"has-text-align-left wp-block-paragraph\">Also habe ich mich hingesetzt und versucht herauszufinden, was mir Spa\u00df macht. Wenn ich auf die Jobs zur\u00fcckblicke, die ich schon gemacht habe, sind mir zwei Dinge aufgefallen, die mir wirklich Spa\u00df gemacht haben. Sie haben den Menschen einen tollen Urlaub beschert und Dinge geschaffen. Beides habe ich in meinen fr\u00fcheren Jobs gemacht, aber nat\u00fcrlich konnte ich nicht ewig als Hotelangestellte \u00fcber 30 arbeiten. Nach einer Weile wird das komisch. Also beschloss ich, meinen YouTube-Kanal mit nur 5 Videos \u00fcber Mallorca zu best\u00fccken, um zu sehen, ob das funktionieren w\u00fcrde oder nicht.<\/p>\n\n<p class=\"has-text-align-left wp-block-paragraph\">Es hat ein paar Jahre gedauert, aber derzeit (2022) helfe ich \u00fcber <strong>\n  <u>4 Millionen Menschen jedes Jahr mit ihrem<\/u>\n  <span style=\"text-decoration: underline;\">h ihren Urlaub nach Spanien.<\/span>\n<\/strong> Das ist zwar gro\u00dfartig, aber mir geht es nicht um die Zahlen. Es geht darum, ehrliche Urlaubstipps zu geben, die im Internet schwer zu finden sind. W\u00e4hrend die meisten Seiten da drau\u00dfen von Reiseunternehmen, Bloggern oder Instagram-Models stammen, die alles perfekt aussehen lassen wollen, versuche ich das genaue Gegenteil zu tun. Ich zeige es dir so, wie es ist, damit du entscheiden kannst, ob es das Richtige f\u00fcr dich ist oder nicht.  <\/p>\n","protected":false},"excerpt":{"rendered":"<p>Ja, CheckHolidays bin ich, ein durchschnittlicher Mensch aus dem echten Leben&#8230; mein richtiger Name ist Ive. Ich schreibe, filme, bearbeite, erstelle und ver\u00f6ffentliche alle meine Urlaubsf\u00fchrer (99%) selbst. Aber als ich anfing, wollte ich einen Namen, der &#8220;professionell&#8221; aussieht&#8230; und jetzt habe ich ihn nicht mehr. Auf dieser Seite m\u00f6chte ich dir also ein bisschen [&hellip;]<\/p>\n","protected":false},"author":1,"featured_media":13205,"parent":0,"menu_order":0,"comment_status":"closed","ping_status":"closed","template":"template-authors.php","meta":{"_crdt_document":"","footnotes":""},"class_list":["post-24458","page","type-page","status-publish","has-post-thumbnail","hentry"],"yoast_head":"<!-- This site is optimized with the Yoast SEO plugin v27.2 - https:\/\/yoast.com\/product\/yoast-seo-wordpress\/ -->\n<title>\u00dcber mich<\/title>\n<meta name=\"robots\" content=\"index, follow, max-snippet:-1, max-image-preview:large, max-video-preview:-1\" \/>\n<link rel=\"canonical\" href=\"https:\/\/www.checkedholidays.com\/de\/ueber\/\" \/>\n<meta property=\"og:locale\" content=\"de_DE\" \/>\n<meta property=\"og:type\" content=\"article\" \/>\n<meta property=\"og:title\" content=\"\u00dcber mich\" \/>\n<meta property=\"og:description\" content=\"Ja, CheckHolidays bin ich, ein durchschnittlicher Mensch aus dem echten Leben&#8230; mein richtiger Name ist Ive. Ich schreibe, filme, bearbeite, erstelle und ver\u00f6ffentliche alle meine Urlaubsf\u00fchrer (99%) selbst. Aber als ich anfing, wollte ich einen Namen, der &#8220;professionell&#8221; aussieht&#8230; und jetzt habe ich ihn nicht mehr. Auf dieser Seite m\u00f6chte ich dir also ein bisschen [&hellip;]\" \/>\n<meta property=\"og:url\" content=\"https:\/\/www.checkedholidays.com\/de\/ueber\/\" \/>\n<meta property=\"og:site_name\" content=\"CheckedHolidays\" \/>\n<meta property=\"article:publisher\" content=\"http:\/\/www.facebook.com\/checkedholidays\" \/>\n<meta property=\"article:modified_time\" content=\"2022-09-05T12:35:31+00:00\" \/>\n<meta property=\"og:image\" content=\"https:\/\/i0.wp.com\/www.checkedholidays.com\/wp-content\/uploads\/2018\/12\/IMG_20141011_135122-600x450.jpg?fit=600%2C450&ssl=1\" \/>\n\t<meta property=\"og:image:width\" content=\"600\" \/>\n\t<meta property=\"og:image:height\" content=\"450\" \/>\n\t<meta property=\"og:image:type\" content=\"image\/jpeg\" \/>\n<meta name=\"twitter:card\" content=\"summary_large_image\" \/>\n<meta name=\"twitter:site\" content=\"@checkedholidays\" \/>\n<meta name=\"twitter:label1\" content=\"Gesch\u00e4tzte Lesezeit\" \/>\n\t<meta name=\"twitter:data1\" content=\"2\u00a0Minuten\" \/>\n<script type=\"application\/ld+json\" class=\"yoast-schema-graph\">{\"@context\":\"https:\/\/schema.org\",\"@graph\":[{\"@type\":\"WebPage\",\"@id\":\"https:\/\/www.checkedholidays.com\/de\/ueber\/\",\"url\":\"https:\/\/www.checkedholidays.com\/de\/ueber\/\",\"name\":\"\u00dcber mich\",\"isPartOf\":{\"@id\":\"https:\/\/www.checkedholidays.com\/de\/#website\"},\"primaryImageOfPage\":{\"@id\":\"https:\/\/www.checkedholidays.com\/de\/ueber\/#primaryimage\"},\"image\":{\"@id\":\"https:\/\/www.checkedholidays.com\/de\/ueber\/#primaryimage\"},\"thumbnailUrl\":\"https:\/\/i0.wp.com\/www.checkedholidays.com\/wp-content\/uploads\/2018\/12\/IMG_20141011_135122-600x450.jpg?fit=600%2C450&ssl=1\",\"datePublished\":\"2022-09-05T12:35:30+00:00\",\"dateModified\":\"2022-09-05T12:35:31+00:00\",\"breadcrumb\":{\"@id\":\"https:\/\/www.checkedholidays.com\/de\/ueber\/#breadcrumb\"},\"inLanguage\":\"de\",\"potentialAction\":[{\"@type\":\"ReadAction\",\"target\":[\"https:\/\/www.checkedholidays.com\/de\/ueber\/\"]}]},{\"@type\":\"ImageObject\",\"inLanguage\":\"de\",\"@id\":\"https:\/\/www.checkedholidays.com\/de\/ueber\/#primaryimage\",\"url\":\"https:\/\/i0.wp.com\/www.checkedholidays.com\/wp-content\/uploads\/2018\/12\/IMG_20141011_135122-600x450.jpg?fit=600%2C450&ssl=1\",\"contentUrl\":\"https:\/\/i0.wp.com\/www.checkedholidays.com\/wp-content\/uploads\/2018\/12\/IMG_20141011_135122-600x450.jpg?fit=600%2C450&ssl=1\",\"width\":600,\"height\":450},{\"@type\":\"BreadcrumbList\",\"@id\":\"https:\/\/www.checkedholidays.com\/de\/ueber\/#breadcrumb\",\"itemListElement\":[{\"@type\":\"ListItem\",\"position\":1,\"name\":\"Home\",\"item\":\"https:\/\/www.checkedholidays.com\/de\/\"},{\"@type\":\"ListItem\",\"position\":2,\"name\":\"\u00dcber mich\"}]},{\"@type\":\"WebSite\",\"@id\":\"https:\/\/www.checkedholidays.com\/de\/#website\",\"url\":\"https:\/\/www.checkedholidays.com\/de\/\",\"name\":\"CheckedHolidays\",\"description\":\"Spanish island holidays... but better!\",\"potentialAction\":[{\"@type\":\"SearchAction\",\"target\":{\"@type\":\"EntryPoint\",\"urlTemplate\":\"https:\/\/www.checkedholidays.com\/de\/?s={search_term_string}\"},\"query-input\":{\"@type\":\"PropertyValueSpecification\",\"valueRequired\":true,\"valueName\":\"search_term_string\"}}],\"inLanguage\":\"de\"}]}<\/script>\n<!-- \/ Yoast SEO plugin. -->","yoast_head_json":{"title":"\u00dcber mich","robots":{"index":"index","follow":"follow","max-snippet":"max-snippet:-1","max-image-preview":"max-image-preview:large","max-video-preview":"max-video-preview:-1"},"canonical":"https:\/\/www.checkedholidays.com\/de\/ueber\/","og_locale":"de_DE","og_type":"article","og_title":"\u00dcber mich","og_description":"Ja, CheckHolidays bin ich, ein durchschnittlicher Mensch aus dem echten Leben&#8230; mein richtiger Name ist Ive. Ich schreibe, filme, bearbeite, erstelle und ver\u00f6ffentliche alle meine Urlaubsf\u00fchrer (99%) selbst. Aber als ich anfing, wollte ich einen Namen, der &#8220;professionell&#8221; aussieht&#8230; und jetzt habe ich ihn nicht mehr. Auf dieser Seite m\u00f6chte ich dir also ein bisschen [&hellip;]","og_url":"https:\/\/www.checkedholidays.com\/de\/ueber\/","og_site_name":"CheckedHolidays","article_publisher":"http:\/\/www.facebook.com\/checkedholidays","article_modified_time":"2022-09-05T12:35:31+00:00","og_image":[{"width":600,"height":450,"url":"https:\/\/i0.wp.com\/www.checkedholidays.com\/wp-content\/uploads\/2018\/12\/IMG_20141011_135122-600x450.jpg?fit=600%2C450&ssl=1","type":"image\/jpeg"}],"twitter_card":"summary_large_image","twitter_site":"@checkedholidays","twitter_misc":{"Gesch\u00e4tzte Lesezeit":"2\u00a0Minuten"},"schema":{"@context":"https:\/\/schema.org","@graph":[{"@type":"WebPage","@id":"https:\/\/www.checkedholidays.com\/de\/ueber\/","url":"https:\/\/www.checkedholidays.com\/de\/ueber\/","name":"\u00dcber mich","isPartOf":{"@id":"https:\/\/www.checkedholidays.com\/de\/#website"},"primaryImageOfPage":{"@id":"https:\/\/www.checkedholidays.com\/de\/ueber\/#primaryimage"},"image":{"@id":"https:\/\/www.checkedholidays.com\/de\/ueber\/#primaryimage"},"thumbnailUrl":"https:\/\/i0.wp.com\/www.checkedholidays.com\/wp-content\/uploads\/2018\/12\/IMG_20141011_135122-600x450.jpg?fit=600%2C450&ssl=1","datePublished":"2022-09-05T12:35:30+00:00","dateModified":"2022-09-05T12:35:31+00:00","breadcrumb":{"@id":"https:\/\/www.checkedholidays.com\/de\/ueber\/#breadcrumb"},"inLanguage":"de","potentialAction":[{"@type":"ReadAction","target":["https:\/\/www.checkedholidays.com\/de\/ueber\/"]}]},{"@type":"ImageObject","inLanguage":"de","@id":"https:\/\/www.checkedholidays.com\/de\/ueber\/#primaryimage","url":"https:\/\/i0.wp.com\/www.checkedholidays.com\/wp-content\/uploads\/2018\/12\/IMG_20141011_135122-600x450.jpg?fit=600%2C450&ssl=1","contentUrl":"https:\/\/i0.wp.com\/www.checkedholidays.com\/wp-content\/uploads\/2018\/12\/IMG_20141011_135122-600x450.jpg?fit=600%2C450&ssl=1","width":600,"height":450},{"@type":"BreadcrumbList","@id":"https:\/\/www.checkedholidays.com\/de\/ueber\/#breadcrumb","itemListElement":[{"@type":"ListItem","position":1,"name":"Home","item":"https:\/\/www.checkedholidays.com\/de\/"},{"@type":"ListItem","position":2,"name":"\u00dcber mich"}]},{"@type":"WebSite","@id":"https:\/\/www.checkedholidays.com\/de\/#website","url":"https:\/\/www.checkedholidays.com\/de\/","name":"CheckedHolidays","description":"Spanish island holidays... but better!","potentialAction":[{"@type":"SearchAction","target":{"@type":"EntryPoint","urlTemplate":"https:\/\/www.checkedholidays.com\/de\/?s={search_term_string}"},"query-input":{"@type":"PropertyValueSpecification","valueRequired":true,"valueName":"search_term_string"}}],"inLanguage":"de"}]}},"jetpack_sharing_enabled":true,"_links":{"self":[{"href":"https:\/\/www.checkedholidays.com\/de\/wp-json\/wp\/v2\/pages\/24458","targetHints":{"allow":["GET"]}}],"collection":[{"href":"https:\/\/www.checkedholidays.com\/de\/wp-json\/wp\/v2\/pages"}],"about":[{"href":"https:\/\/www.checkedholidays.com\/de\/wp-json\/wp\/v2\/types\/page"}],"author":[{"embeddable":true,"href":"https:\/\/www.checkedholidays.com\/de\/wp-json\/wp\/v2\/users\/1"}],"replies":[{"embeddable":true,"href":"https:\/\/www.checkedholidays.com\/de\/wp-json\/wp\/v2\/comments?post=24458"}],"version-history":[{"count":1,"href":"https:\/\/www.checkedholidays.com\/de\/wp-json\/wp\/v2\/pages\/24458\/revisions"}],"predecessor-version":[{"id":24459,"href":"https:\/\/www.checkedholidays.com\/de\/wp-json\/wp\/v2\/pages\/24458\/revisions\/24459"}],"wp:featuredmedia":[{"embeddable":true,"href":"https:\/\/www.checkedholidays.com\/de\/wp-json\/wp\/v2\/media\/13205"}],"wp:attachment":[{"href":"https:\/\/www.checkedholidays.com\/de\/wp-json\/wp\/v2\/media?parent=24458"}],"curies":[{"name":"wp","href":"https:\/\/api.w.org\/{rel}","templated":true}]}}