{"id":24505,"date":"2022-09-05T12:47:32","date_gmt":"2022-09-05T12:47:32","guid":{"rendered":"https:\/\/www.checkedholidays.com\/affiliate-disclaimer\/"},"modified":"2022-09-05T12:47:33","modified_gmt":"2022-09-05T12:47:33","slug":"affiliate-disclaimer","status":"publish","type":"page","link":"https:\/\/www.checkedholidays.com\/da\/affiliate-disclaimer\/","title":{"rendered":"Dette websted bruger affilierede links"},"content":{"rendered":"\n<p class=\"wp-block-paragraph\">Hvis du er hjulpet af min Youtube-kanal, hjemmeside <g class=\"gr_ gr_4 gr-alert gr_gramm gr_inline_cards gr_disable_anim_appear Punctuation only-ins replaceWithoutSep\" id=\"4\" data-gr-id=\"4\">og<\/g> vejledninger og \u00f8nsker at <strong>hj\u00e6lpe mig, hj\u00e6lpe dig<\/strong>&#8230; s\u00e5 er det den bedste <strong>GRATIS<\/strong> m\u00e5de at g\u00f8re det p\u00e5 at bruge mine affilierede links.<\/p>\n\n<p class=\"wp-block-paragraph\">Affiliate links er meget almindelige og meget udbredte, men jeg mener, at det er vigtigt, at du er informeret om dem.<\/p>\n\n<p class=\"wp-block-paragraph\">Affiliate links ligner almindelige links, men informerer det websted, du g\u00e5r til, om, at du kommer fra mit websted. Hvis du k\u00f8ber noget p\u00e5 det websted, jeg har linket til, modtager jeg en lille provision for at hj\u00e6lpe med at holde dette websted i gang.  <\/p>\n\n<p class=\"wp-block-paragraph\">Du betaler dog altid den samme pris, som du normalt ville betale, og nogle gange er der endda en rabat eller fordel for dig, hvis du bruger mine affilierede links. Provisionen betales af den anden webstedsindehaver, ikke af dig.<\/p>\n\n<p class=\"wp-block-paragraph\">Tusind tak fordi du bruger mine affiliate links og g\u00f8r det muligt for mig, hjemmesiden og YouTube-kanalen at hj\u00e6lpe millioner af andre som dig med at f\u00e5 en endnu bedre ferie!<\/p>\n\n<p class=\"wp-block-paragraph\"><g class=\"gr_ gr_4 gr-alert gr_spell gr_inline_cards gr_run_anim ContextualSpelling ins-del multiReplace\" id=\"4\" data-gr-id=\"4\"><a href=\"https:\/\/www.checkedholidays.com\/da\/om\/\">Ive<\/a><\/g><\/p>\n","protected":false},"excerpt":{"rendered":"<p>Hvis du er hjulpet af min Youtube-kanal, hjemmeside og vejledninger og \u00f8nsker at hj\u00e6lpe mig, hj\u00e6lpe dig&#8230; s\u00e5 er det den bedste GRATIS m\u00e5de at g\u00f8re det p\u00e5 at bruge mine affilierede links. Affiliate links er meget almindelige og meget udbredte, men jeg mener, at det er vigtigt, at du er informeret om dem. Affiliate [&hellip;]<\/p>\n","protected":false},"author":1,"featured_media":0,"parent":0,"menu_order":0,"comment_status":"closed","ping_status":"closed","template":"","meta":{"_crdt_document":"","footnotes":""},"class_list":["post-24505","page","type-page","status-publish","hentry"],"yoast_head":"<!-- This site is optimized with the Yoast SEO plugin v27.5 - https:\/\/yoast.com\/product\/yoast-seo-wordpress\/ -->\n<title>Dette websted bruger affilierede links - CheckedHolidays<\/title>\n<meta name=\"robots\" content=\"index, follow, max-snippet:-1, max-image-preview:large, max-video-preview:-1\" \/>\n<link rel=\"canonical\" href=\"https:\/\/www.checkedholidays.com\/da\/affiliate-disclaimer\/\" \/>\n<meta property=\"og:locale\" content=\"da_DK\" \/>\n<meta property=\"og:type\" content=\"article\" \/>\n<meta property=\"og:title\" content=\"Dette websted bruger affilierede links - CheckedHolidays\" \/>\n<meta property=\"og:description\" content=\"Hvis du er hjulpet af min Youtube-kanal, hjemmeside og vejledninger og \u00f8nsker at hj\u00e6lpe mig, hj\u00e6lpe dig&#8230; s\u00e5 er det den bedste GRATIS m\u00e5de at g\u00f8re det p\u00e5 at bruge mine affilierede links. Affiliate links er meget almindelige og meget udbredte, men jeg mener, at det er vigtigt, at du er informeret om dem. Affiliate [&hellip;]\" \/>\n<meta property=\"og:url\" content=\"https:\/\/www.checkedholidays.com\/da\/affiliate-disclaimer\/\" \/>\n<meta property=\"og:site_name\" content=\"CheckedHolidays\" \/>\n<meta property=\"article:publisher\" content=\"http:\/\/www.facebook.com\/checkedholidays\" \/>\n<meta property=\"article:modified_time\" content=\"2022-09-05T12:47:33+00:00\" \/>\n<meta name=\"twitter:card\" content=\"summary_large_image\" \/>\n<meta name=\"twitter:site\" content=\"@checkedholidays\" \/>\n<meta name=\"twitter:label1\" content=\"Estimeret l\u00e6setid\" \/>\n\t<meta name=\"twitter:data1\" content=\"1 minut\" \/>\n<script type=\"application\/ld+json\" class=\"yoast-schema-graph\">{\"@context\":\"https:\\\/\\\/schema.org\",\"@graph\":[{\"@type\":\"WebPage\",\"@id\":\"https:\\\/\\\/www.checkedholidays.com\\\/da\\\/affiliate-disclaimer\\\/\",\"url\":\"https:\\\/\\\/www.checkedholidays.com\\\/da\\\/affiliate-disclaimer\\\/\",\"name\":\"Dette websted bruger affilierede links - CheckedHolidays\",\"isPartOf\":{\"@id\":\"https:\\\/\\\/www.checkedholidays.com\\\/da\\\/#website\"},\"datePublished\":\"2022-09-05T12:47:32+00:00\",\"dateModified\":\"2022-09-05T12:47:33+00:00\",\"breadcrumb\":{\"@id\":\"https:\\\/\\\/www.checkedholidays.com\\\/da\\\/affiliate-disclaimer\\\/#breadcrumb\"},\"inLanguage\":\"da-DK\",\"potentialAction\":[{\"@type\":\"ReadAction\",\"target\":[\"https:\\\/\\\/www.checkedholidays.com\\\/da\\\/affiliate-disclaimer\\\/\"]}]},{\"@type\":\"BreadcrumbList\",\"@id\":\"https:\\\/\\\/www.checkedholidays.com\\\/da\\\/affiliate-disclaimer\\\/#breadcrumb\",\"itemListElement\":[{\"@type\":\"ListItem\",\"position\":1,\"name\":\"Home\",\"item\":\"https:\\\/\\\/www.checkedholidays.com\\\/da\\\/\"},{\"@type\":\"ListItem\",\"position\":2,\"name\":\"Dette websted bruger affilierede links\"}]},{\"@type\":\"WebSite\",\"@id\":\"https:\\\/\\\/www.checkedholidays.com\\\/da\\\/#website\",\"url\":\"https:\\\/\\\/www.checkedholidays.com\\\/da\\\/\",\"name\":\"CheckedHolidays\",\"description\":\"Spanish island holidays... but better!\",\"potentialAction\":[{\"@type\":\"SearchAction\",\"target\":{\"@type\":\"EntryPoint\",\"urlTemplate\":\"https:\\\/\\\/www.checkedholidays.com\\\/da\\\/?s={search_term_string}\"},\"query-input\":{\"@type\":\"PropertyValueSpecification\",\"valueRequired\":true,\"valueName\":\"search_term_string\"}}],\"inLanguage\":\"da-DK\"}]}<\/script>\n<!-- \/ Yoast SEO plugin. -->","yoast_head_json":{"title":"Dette websted bruger affilierede links - CheckedHolidays","robots":{"index":"index","follow":"follow","max-snippet":"max-snippet:-1","max-image-preview":"max-image-preview:large","max-video-preview":"max-video-preview:-1"},"canonical":"https:\/\/www.checkedholidays.com\/da\/affiliate-disclaimer\/","og_locale":"da_DK","og_type":"article","og_title":"Dette websted bruger affilierede links - CheckedHolidays","og_description":"Hvis du er hjulpet af min Youtube-kanal, hjemmeside og vejledninger og \u00f8nsker at hj\u00e6lpe mig, hj\u00e6lpe dig&#8230; s\u00e5 er det den bedste GRATIS m\u00e5de at g\u00f8re det p\u00e5 at bruge mine affilierede links. Affiliate links er meget almindelige og meget udbredte, men jeg mener, at det er vigtigt, at du er informeret om dem. Affiliate [&hellip;]","og_url":"https:\/\/www.checkedholidays.com\/da\/affiliate-disclaimer\/","og_site_name":"CheckedHolidays","article_publisher":"http:\/\/www.facebook.com\/checkedholidays","article_modified_time":"2022-09-05T12:47:33+00:00","twitter_card":"summary_large_image","twitter_site":"@checkedholidays","twitter_misc":{"Estimeret l\u00e6setid":"1 minut"},"schema":{"@context":"https:\/\/schema.org","@graph":[{"@type":"WebPage","@id":"https:\/\/www.checkedholidays.com\/da\/affiliate-disclaimer\/","url":"https:\/\/www.checkedholidays.com\/da\/affiliate-disclaimer\/","name":"Dette websted bruger affilierede links - CheckedHolidays","isPartOf":{"@id":"https:\/\/www.checkedholidays.com\/da\/#website"},"datePublished":"2022-09-05T12:47:32+00:00","dateModified":"2022-09-05T12:47:33+00:00","breadcrumb":{"@id":"https:\/\/www.checkedholidays.com\/da\/affiliate-disclaimer\/#breadcrumb"},"inLanguage":"da-DK","potentialAction":[{"@type":"ReadAction","target":["https:\/\/www.checkedholidays.com\/da\/affiliate-disclaimer\/"]}]},{"@type":"BreadcrumbList","@id":"https:\/\/www.checkedholidays.com\/da\/affiliate-disclaimer\/#breadcrumb","itemListElement":[{"@type":"ListItem","position":1,"name":"Home","item":"https:\/\/www.checkedholidays.com\/da\/"},{"@type":"ListItem","position":2,"name":"Dette websted bruger affilierede links"}]},{"@type":"WebSite","@id":"https:\/\/www.checkedholidays.com\/da\/#website","url":"https:\/\/www.checkedholidays.com\/da\/","name":"CheckedHolidays","description":"Spanish island holidays... but better!","potentialAction":[{"@type":"SearchAction","target":{"@type":"EntryPoint","urlTemplate":"https:\/\/www.checkedholidays.com\/da\/?s={search_term_string}"},"query-input":{"@type":"PropertyValueSpecification","valueRequired":true,"valueName":"search_term_string"}}],"inLanguage":"da-DK"}]}},"jetpack_sharing_enabled":true,"_links":{"self":[{"href":"https:\/\/www.checkedholidays.com\/da\/wp-json\/wp\/v2\/pages\/24505","targetHints":{"allow":["GET"]}}],"collection":[{"href":"https:\/\/www.checkedholidays.com\/da\/wp-json\/wp\/v2\/pages"}],"about":[{"href":"https:\/\/www.checkedholidays.com\/da\/wp-json\/wp\/v2\/types\/page"}],"author":[{"embeddable":true,"href":"https:\/\/www.checkedholidays.com\/da\/wp-json\/wp\/v2\/users\/1"}],"replies":[{"embeddable":true,"href":"https:\/\/www.checkedholidays.com\/da\/wp-json\/wp\/v2\/comments?post=24505"}],"version-history":[{"count":1,"href":"https:\/\/www.checkedholidays.com\/da\/wp-json\/wp\/v2\/pages\/24505\/revisions"}],"predecessor-version":[{"id":24506,"href":"https:\/\/www.checkedholidays.com\/da\/wp-json\/wp\/v2\/pages\/24505\/revisions\/24506"}],"wp:attachment":[{"href":"https:\/\/www.checkedholidays.com\/da\/wp-json\/wp\/v2\/media?parent=24505"}],"curies":[{"name":"wp","href":"https:\/\/api.w.org\/{rel}","templated":true}]}}