{"id":24496,"date":"2022-09-05T12:41:19","date_gmt":"2022-09-05T12:41:19","guid":{"rendered":"https:\/\/www.checkedholidays.com\/cookie-policy\/"},"modified":"2025-03-17T09:58:36","modified_gmt":"2025-03-17T09:58:36","slug":"cookie-policy","status":"publish","type":"page","link":"https:\/\/www.checkedholidays.com\/da\/cookie-policy\/","title":{"rendered":"Politik om cookies"},"content":{"rendered":"\n<h2 class=\"wp-block-heading\">Hvad er cookies?<\/h2>\n\n<p class=\"wp-block-paragraph\">Denne cookiepolitik forklarer, hvad cookies er, og hvordan vi bruger dem, hvilke typer cookies vi bruger, dvs. hvilke oplysninger vi indsamler ved hj\u00e6lp af cookies, og hvordan disse oplysninger bruges, og hvordan man administrerer cookieindstillingerne.<\/p>\n\n<p class=\"wp-block-paragraph\">Cookies er sm\u00e5 tekstfiler, der bruges til at gemme sm\u00e5 stykker information. De gemmes p\u00e5 din enhed, n\u00e5r webstedet indl\u00e6ses i din browser. Disse cookies hj\u00e6lper os med at f\u00e5 hjemmesiden til at fungere korrekt, g\u00f8re den mere sikker, give en bedre brugeroplevelse og forst\u00e5, hvordan hjemmesiden fungerer, og analysere, hvad der fungerer, og hvor der er behov for forbedringer.<\/p>\n\n<h2 class=\"wp-block-heading\">Hvordan bruger vi cookies?<\/h2>\n\n<p class=\"wp-block-paragraph\">Som de fleste onlinetjenester bruger vores websted f\u00f8rsteparts- og tredjeparts-cookies til flere form\u00e5l. F\u00f8rstepartscookies er for det meste n\u00f8dvendige for, at webstedet kan fungere korrekt, og de indsamler ikke nogen af dine personligt identificerbare data.<\/p>\n\n<p class=\"wp-block-paragraph\">De tredjepartscookies, der anvendes p\u00e5 vores websted, bruges prim\u00e6rt til at forst\u00e5, hvordan webstedet fungerer, hvordan du interagerer med vores websted, til at holde vores tjenester sikre, til at levere reklamer, der er relevante for dig, og alt i alt til at give dig en bedre og forbedret brugeroplevelse og til at fremskynde dine fremtidige interaktioner med vores websted.<\/p>\n\n<h2 class=\"wp-block-heading\">Typer af cookies, vi bruger<\/h2>\n\n<style>\n    a.cky-banner-element {\n        padding: 8px 30px;\n        background: #F8F9FA;\n        color: #858A8F;\n        border: 1px solid #DEE2E6;\n        box-sizing: border-box;\n        border-radius: 2px;\n        cursor: pointer;\n}\n<\/style>\n\n    <div class=\"cky-audit-table-element\"><\/div>\n\n<h2 class=\"wp-block-heading\">Administrer cookie-pr\u00e6ferencer<\/h2>\n\n<a class=\"cky-banner-element\">Cookie-indstillinger<\/a> <br\/>\n<p>\n<\/p>\n<p class=\"wp-block-paragraph\">Du kan til enhver tid \u00e6ndre dine cookie-pr\u00e6ferencer ved at klikke p\u00e5 ovenst\u00e5ende knap. Dette giver dig mulighed for at bes\u00f8ge banneret for cookie-samtykke og \u00e6ndre dine pr\u00e6ferencer eller tr\u00e6kke dit samtykke tilbage med det samme.   <\/p>\n\n<p class=\"wp-block-paragraph\">Desuden tilbyder forskellige browsere forskellige metoder til at blokere og slette cookies, der anvendes af websteder. Du kan \u00e6ndre indstillingerne i din browser for at blokere\/slette cookies.  <\/p>\n","protected":false},"excerpt":{"rendered":"<p>Hvad er cookies? Denne cookiepolitik forklarer, hvad cookies er, og hvordan vi bruger dem, hvilke typer cookies vi bruger, dvs. hvilke oplysninger vi indsamler ved hj\u00e6lp af cookies, og hvordan disse oplysninger bruges, og hvordan man administrerer cookieindstillingerne. Cookies er sm\u00e5 tekstfiler, der bruges til at gemme sm\u00e5 stykker information. De gemmes p\u00e5 din enhed, [&hellip;]<\/p>\n","protected":false},"author":1,"featured_media":0,"parent":0,"menu_order":0,"comment_status":"closed","ping_status":"closed","template":"","meta":{"_crdt_document":"","footnotes":""},"class_list":["post-24496","page","type-page","status-publish","hentry"],"yoast_head":"<!-- This site is optimized with the Yoast SEO plugin v27.2 - https:\/\/yoast.com\/product\/yoast-seo-wordpress\/ -->\n<title>Cookie-politik<\/title>\n<meta name=\"robots\" content=\"index, follow, max-snippet:-1, max-image-preview:large, max-video-preview:-1\" \/>\n<link rel=\"canonical\" href=\"https:\/\/www.checkedholidays.com\/da\/cookie-policy\/\" \/>\n<meta property=\"og:locale\" content=\"da_DK\" \/>\n<meta property=\"og:type\" content=\"article\" \/>\n<meta property=\"og:title\" content=\"Cookie-politik\" \/>\n<meta property=\"og:description\" content=\"Hvad er cookies? Denne cookiepolitik forklarer, hvad cookies er, og hvordan vi bruger dem, hvilke typer cookies vi bruger, dvs. hvilke oplysninger vi indsamler ved hj\u00e6lp af cookies, og hvordan disse oplysninger bruges, og hvordan man administrerer cookieindstillingerne. Cookies er sm\u00e5 tekstfiler, der bruges til at gemme sm\u00e5 stykker information. De gemmes p\u00e5 din enhed, [&hellip;]\" \/>\n<meta property=\"og:url\" content=\"https:\/\/www.checkedholidays.com\/da\/cookie-policy\/\" \/>\n<meta property=\"og:site_name\" content=\"CheckedHolidays\" \/>\n<meta property=\"article:publisher\" content=\"http:\/\/www.facebook.com\/checkedholidays\" \/>\n<meta property=\"article:modified_time\" content=\"2025-03-17T09:58:36+00:00\" \/>\n<meta name=\"twitter:card\" content=\"summary_large_image\" \/>\n<meta name=\"twitter:site\" content=\"@checkedholidays\" \/>\n<meta name=\"twitter:label1\" content=\"Estimeret l\u00e6setid\" \/>\n\t<meta name=\"twitter:data1\" content=\"1 minut\" \/>\n<script type=\"application\/ld+json\" class=\"yoast-schema-graph\">{\"@context\":\"https:\/\/schema.org\",\"@graph\":[{\"@type\":\"WebPage\",\"@id\":\"https:\/\/www.checkedholidays.com\/da\/cookie-policy\/\",\"url\":\"https:\/\/www.checkedholidays.com\/da\/cookie-policy\/\",\"name\":\"Cookie-politik\",\"isPartOf\":{\"@id\":\"https:\/\/www.checkedholidays.com\/da\/#website\"},\"datePublished\":\"2022-09-05T12:41:19+00:00\",\"dateModified\":\"2025-03-17T09:58:36+00:00\",\"breadcrumb\":{\"@id\":\"https:\/\/www.checkedholidays.com\/da\/cookie-policy\/#breadcrumb\"},\"inLanguage\":\"da-DK\",\"potentialAction\":[{\"@type\":\"ReadAction\",\"target\":[\"https:\/\/www.checkedholidays.com\/da\/cookie-policy\/\"]}]},{\"@type\":\"BreadcrumbList\",\"@id\":\"https:\/\/www.checkedholidays.com\/da\/cookie-policy\/#breadcrumb\",\"itemListElement\":[{\"@type\":\"ListItem\",\"position\":1,\"name\":\"Home\",\"item\":\"https:\/\/www.checkedholidays.com\/da\/\"},{\"@type\":\"ListItem\",\"position\":2,\"name\":\"Politik om cookies\"}]},{\"@type\":\"WebSite\",\"@id\":\"https:\/\/www.checkedholidays.com\/da\/#website\",\"url\":\"https:\/\/www.checkedholidays.com\/da\/\",\"name\":\"CheckedHolidays\",\"description\":\"Spanish island holidays... but better!\",\"potentialAction\":[{\"@type\":\"SearchAction\",\"target\":{\"@type\":\"EntryPoint\",\"urlTemplate\":\"https:\/\/www.checkedholidays.com\/da\/?s={search_term_string}\"},\"query-input\":{\"@type\":\"PropertyValueSpecification\",\"valueRequired\":true,\"valueName\":\"search_term_string\"}}],\"inLanguage\":\"da-DK\"}]}<\/script>\n<!-- \/ Yoast SEO plugin. -->","yoast_head_json":{"title":"Cookie-politik","robots":{"index":"index","follow":"follow","max-snippet":"max-snippet:-1","max-image-preview":"max-image-preview:large","max-video-preview":"max-video-preview:-1"},"canonical":"https:\/\/www.checkedholidays.com\/da\/cookie-policy\/","og_locale":"da_DK","og_type":"article","og_title":"Cookie-politik","og_description":"Hvad er cookies? Denne cookiepolitik forklarer, hvad cookies er, og hvordan vi bruger dem, hvilke typer cookies vi bruger, dvs. hvilke oplysninger vi indsamler ved hj\u00e6lp af cookies, og hvordan disse oplysninger bruges, og hvordan man administrerer cookieindstillingerne. Cookies er sm\u00e5 tekstfiler, der bruges til at gemme sm\u00e5 stykker information. De gemmes p\u00e5 din enhed, [&hellip;]","og_url":"https:\/\/www.checkedholidays.com\/da\/cookie-policy\/","og_site_name":"CheckedHolidays","article_publisher":"http:\/\/www.facebook.com\/checkedholidays","article_modified_time":"2025-03-17T09:58:36+00:00","twitter_card":"summary_large_image","twitter_site":"@checkedholidays","twitter_misc":{"Estimeret l\u00e6setid":"1 minut"},"schema":{"@context":"https:\/\/schema.org","@graph":[{"@type":"WebPage","@id":"https:\/\/www.checkedholidays.com\/da\/cookie-policy\/","url":"https:\/\/www.checkedholidays.com\/da\/cookie-policy\/","name":"Cookie-politik","isPartOf":{"@id":"https:\/\/www.checkedholidays.com\/da\/#website"},"datePublished":"2022-09-05T12:41:19+00:00","dateModified":"2025-03-17T09:58:36+00:00","breadcrumb":{"@id":"https:\/\/www.checkedholidays.com\/da\/cookie-policy\/#breadcrumb"},"inLanguage":"da-DK","potentialAction":[{"@type":"ReadAction","target":["https:\/\/www.checkedholidays.com\/da\/cookie-policy\/"]}]},{"@type":"BreadcrumbList","@id":"https:\/\/www.checkedholidays.com\/da\/cookie-policy\/#breadcrumb","itemListElement":[{"@type":"ListItem","position":1,"name":"Home","item":"https:\/\/www.checkedholidays.com\/da\/"},{"@type":"ListItem","position":2,"name":"Politik om cookies"}]},{"@type":"WebSite","@id":"https:\/\/www.checkedholidays.com\/da\/#website","url":"https:\/\/www.checkedholidays.com\/da\/","name":"CheckedHolidays","description":"Spanish island holidays... but better!","potentialAction":[{"@type":"SearchAction","target":{"@type":"EntryPoint","urlTemplate":"https:\/\/www.checkedholidays.com\/da\/?s={search_term_string}"},"query-input":{"@type":"PropertyValueSpecification","valueRequired":true,"valueName":"search_term_string"}}],"inLanguage":"da-DK"}]}},"jetpack_sharing_enabled":true,"_links":{"self":[{"href":"https:\/\/www.checkedholidays.com\/da\/wp-json\/wp\/v2\/pages\/24496","targetHints":{"allow":["GET"]}}],"collection":[{"href":"https:\/\/www.checkedholidays.com\/da\/wp-json\/wp\/v2\/pages"}],"about":[{"href":"https:\/\/www.checkedholidays.com\/da\/wp-json\/wp\/v2\/types\/page"}],"author":[{"embeddable":true,"href":"https:\/\/www.checkedholidays.com\/da\/wp-json\/wp\/v2\/users\/1"}],"replies":[{"embeddable":true,"href":"https:\/\/www.checkedholidays.com\/da\/wp-json\/wp\/v2\/comments?post=24496"}],"version-history":[{"count":2,"href":"https:\/\/www.checkedholidays.com\/da\/wp-json\/wp\/v2\/pages\/24496\/revisions"}],"predecessor-version":[{"id":103233,"href":"https:\/\/www.checkedholidays.com\/da\/wp-json\/wp\/v2\/pages\/24496\/revisions\/103233"}],"wp:attachment":[{"href":"https:\/\/www.checkedholidays.com\/da\/wp-json\/wp\/v2\/media?parent=24496"}],"curies":[{"name":"wp","href":"https:\/\/api.w.org\/{rel}","templated":true}]}}