{"id":24474,"date":"2022-09-05T12:37:02","date_gmt":"2022-09-05T12:37:02","guid":{"rendered":"https:\/\/www.checkedholidays.com\/om-checkedholidays\/"},"modified":"2023-12-02T12:31:55","modified_gmt":"2023-12-02T12:31:55","slug":"om-checkedholidays","status":"publish","type":"page","link":"https:\/\/www.checkedholidays.com\/da\/om-checkedholidays\/","title":{"rendered":"Om CheckedHolidays"},"content":{"rendered":"\n<p class=\"wp-block-paragraph\">CheckedHolidays blev grundlagt i 2012 efter at have bem\u00e6rket en masse misinformation p\u00e5 internettet om ferier p\u00e5 de spanske \u00f8er. Denne misinformation p\u00e5virkede folks ferie negativt, s\u00e5 vi lavede en YouTube-video for at rette op p\u00e5 denne misinformation. Efter at den blev optaget og bragt i Express, n\u00e5ede den over 100 000 seere. Derfra blev vi inspireret til at g\u00f8re mere!<\/p>\n\n<p class=\"has-text-align-center has-large-font-size wp-block-paragraph\"><strong>Kontakt<\/strong><\/p>\n\n<p class=\"has-text-align-center has-large-font-size wp-block-paragraph\"><strong>info(at)CheckedHolidays.com<\/strong><\/p>\n\n<h2 class=\"wp-block-heading\">Websted<\/h2>\n\n<p class=\"wp-block-paragraph\">2019 var det f\u00f8rste hele \u00e5r for hjemmesiden, som n\u00e5ede ud til omkring 1.000 l\u00e6sere hver m\u00e5ned. Nu, i 2022, er der over 30.000 unikke engelsksprogede l\u00e6sere hver m\u00e5ned.  <\/p>\n\n<p class=\"wp-block-paragraph\">Siden august 2022 har hjemmesiden v\u00e6ret tilg\u00e6ngelig p\u00e5 alle st\u00f8rre europ\u00e6iske sprog, hvilket har f\u00e5et antallet af l\u00e6sere til at vokse endnu hurtigere.<\/p>\n\n<p class=\"wp-block-paragraph\">M\u00e5let for denne hjemmeside i 2023 er at hj\u00e6lpe over <strong>\n  <span style=\"text-decoration: underline;\">EN HALV MILLION<\/span>\n<\/strong> mennesker med at f\u00e5 en bedre ferie!<\/p>\n\n<figure class=\"wp-block-image size-large\"><img data-recalc-dims=\"1\" loading=\"lazy\" decoding=\"async\" width=\"1024\" height=\"233\" src=\"https:\/\/i0.wp.com\/www.checkedholidays.com\/wp-content\/uploads\/2023\/01\/Screenshot-2023-01-28-at-20.09.55.png?resize=1024%2C233&#038;ssl=1\" alt=\"\" class=\"wp-image-37413\" srcset=\"https:\/\/i0.wp.com\/www.checkedholidays.com\/wp-content\/uploads\/2023\/01\/Screenshot-2023-01-28-at-20.09.55.png?resize=1024%2C233&amp;ssl=1 1024w, https:\/\/i0.wp.com\/www.checkedholidays.com\/wp-content\/uploads\/2023\/01\/Screenshot-2023-01-28-at-20.09.55.png?resize=300%2C68&amp;ssl=1 300w, https:\/\/i0.wp.com\/www.checkedholidays.com\/wp-content\/uploads\/2023\/01\/Screenshot-2023-01-28-at-20.09.55.png?resize=768%2C175&amp;ssl=1 768w, https:\/\/i0.wp.com\/www.checkedholidays.com\/wp-content\/uploads\/2023\/01\/Screenshot-2023-01-28-at-20.09.55.png?resize=1536%2C350&amp;ssl=1 1536w, https:\/\/i0.wp.com\/www.checkedholidays.com\/wp-content\/uploads\/2023\/01\/Screenshot-2023-01-28-at-20.09.55.png?resize=1920%2C437&amp;ssl=1 1920w, https:\/\/i0.wp.com\/www.checkedholidays.com\/wp-content\/uploads\/2023\/01\/Screenshot-2023-01-28-at-20.09.55.png?resize=600%2C137&amp;ssl=1 600w, https:\/\/i0.wp.com\/www.checkedholidays.com\/wp-content\/uploads\/2023\/01\/Screenshot-2023-01-28-at-20.09.55.png?resize=800%2C182&amp;ssl=1 800w, https:\/\/i0.wp.com\/www.checkedholidays.com\/wp-content\/uploads\/2023\/01\/Screenshot-2023-01-28-at-20.09.55.png?w=1968&amp;ssl=1 1968w\" sizes=\"auto, (max-width: 1024px) 100vw, 1024px\" \/><\/figure>\n\n<h2 class=\"wp-block-heading\">YouTube<\/h2>\n\n<p class=\"wp-block-paragraph\"> <a href=\"http:\/\/youtube.com\/checkedholidays\">YouTube-kanalen<\/a> startede i 2012, men fik f\u00f8rst flere videoer i 2015 og endnu flere i 2018. Efter et stort fald i antallet af visninger i 2020 p\u00e5 grund af rejserestriktioner, n\u00e5r det i \u00f8jeblikket over 125.000 seere hver m\u00e5ned, og antallet vokser.<\/p>\n\n<figure class=\"wp-block-image size-large\"><img data-recalc-dims=\"1\" loading=\"lazy\" decoding=\"async\" width=\"1024\" height=\"230\" src=\"https:\/\/i0.wp.com\/www.checkedholidays.com\/wp-content\/uploads\/2023\/01\/Screenshot-2023-01-28-at-20.14.02.png?resize=1024%2C230&#038;ssl=1\" alt=\"\" class=\"wp-image-37429\" srcset=\"https:\/\/i0.wp.com\/www.checkedholidays.com\/wp-content\/uploads\/2023\/01\/Screenshot-2023-01-28-at-20.14.02.png?resize=1024%2C230&amp;ssl=1 1024w, https:\/\/i0.wp.com\/www.checkedholidays.com\/wp-content\/uploads\/2023\/01\/Screenshot-2023-01-28-at-20.14.02.png?resize=300%2C67&amp;ssl=1 300w, https:\/\/i0.wp.com\/www.checkedholidays.com\/wp-content\/uploads\/2023\/01\/Screenshot-2023-01-28-at-20.14.02.png?resize=768%2C172&amp;ssl=1 768w, https:\/\/i0.wp.com\/www.checkedholidays.com\/wp-content\/uploads\/2023\/01\/Screenshot-2023-01-28-at-20.14.02.png?resize=1536%2C345&amp;ssl=1 1536w, https:\/\/i0.wp.com\/www.checkedholidays.com\/wp-content\/uploads\/2023\/01\/Screenshot-2023-01-28-at-20.14.02.png?resize=2048%2C460&amp;ssl=1 2048w, https:\/\/i0.wp.com\/www.checkedholidays.com\/wp-content\/uploads\/2023\/01\/Screenshot-2023-01-28-at-20.14.02.png?resize=1920%2C431&amp;ssl=1 1920w, https:\/\/i0.wp.com\/www.checkedholidays.com\/wp-content\/uploads\/2023\/01\/Screenshot-2023-01-28-at-20.14.02.png?resize=600%2C135&amp;ssl=1 600w, https:\/\/i0.wp.com\/www.checkedholidays.com\/wp-content\/uploads\/2023\/01\/Screenshot-2023-01-28-at-20.14.02.png?resize=800%2C180&amp;ssl=1 800w, https:\/\/i0.wp.com\/www.checkedholidays.com\/wp-content\/uploads\/2023\/01\/Screenshot-2023-01-28-at-20.14.02.png?w=2388&amp;ssl=1 2388w\" sizes=\"auto, (max-width: 1024px) 100vw, 1024px\" \/><\/figure>\n\n<h2 class=\"wp-block-heading\">Samarbejde og reklame<\/h2>\n\n<p class=\"wp-block-paragraph\">P\u00e5 CheckedHolidays.com taler vi om det gode og det d\u00e5rlige ved feriedestinationer for at give de bedste ferier\u00e5d. Det er en af grundene til, at vores websted er<strong> trov\u00e6rdigt og elsket af en stadig voksende l\u00e6serskare<\/strong>. For fortsat at kunne tilbyde uafh\u00e6ngig ferier\u00e5dgivning af h\u00f8j kvalitet laver vi ingen betalte kampagner for produkter eller tjenester, som vi ikke tror p\u00e5. Men hvis du mener, at vi har overset dit hotel, feriested, attraktion, udflugt eller service, og du gerne vil have det med gratis p\u00e5 hjemmesiden. Kontakt os venligst, og efter en personlig gennemgang kan du blive inkluderet.<\/p>\n\n<p class=\"has-text-align-center has-large-font-size wp-block-paragraph\"><strong>Kontakt<\/strong><\/p>\n\n<p class=\"has-text-align-center has-large-font-size wp-block-paragraph\"><strong>info(at)CheckedHolidays.com<\/strong><\/p>\n","protected":false},"excerpt":{"rendered":"<p>CheckedHolidays blev grundlagt i 2012 efter at have bem\u00e6rket en masse misinformation p\u00e5 internettet om ferier p\u00e5 de spanske \u00f8er. Denne misinformation p\u00e5virkede folks ferie negativt, s\u00e5 vi lavede en YouTube-video for at rette op p\u00e5 denne misinformation. Efter at den blev optaget og bragt i Express, n\u00e5ede den over 100 000 seere. Derfra blev [&hellip;]<\/p>\n","protected":false},"author":1,"featured_media":18798,"parent":0,"menu_order":0,"comment_status":"closed","ping_status":"closed","template":"","meta":{"_crdt_document":"","footnotes":""},"class_list":["post-24474","page","type-page","status-publish","has-post-thumbnail","hentry"],"yoast_head":"<!-- This site is optimized with the Yoast SEO plugin v27.2 - https:\/\/yoast.com\/product\/yoast-seo-wordpress\/ -->\n<title>Om CheckedHolidays<\/title>\n<meta name=\"robots\" content=\"index, follow, max-snippet:-1, max-image-preview:large, max-video-preview:-1\" \/>\n<link rel=\"canonical\" href=\"https:\/\/www.checkedholidays.com\/da\/om-checkedholidays\/\" \/>\n<meta property=\"og:locale\" content=\"da_DK\" \/>\n<meta property=\"og:type\" content=\"article\" \/>\n<meta property=\"og:title\" content=\"Om CheckedHolidays\" \/>\n<meta property=\"og:description\" content=\"CheckedHolidays blev grundlagt i 2012 efter at have bem\u00e6rket en masse misinformation p\u00e5 internettet om ferier p\u00e5 de spanske \u00f8er. Denne misinformation p\u00e5virkede folks ferie negativt, s\u00e5 vi lavede en YouTube-video for at rette op p\u00e5 denne misinformation. Efter at den blev optaget og bragt i Express, n\u00e5ede den over 100 000 seere. Derfra blev [&hellip;]\" \/>\n<meta property=\"og:url\" content=\"https:\/\/www.checkedholidays.com\/da\/om-checkedholidays\/\" \/>\n<meta property=\"og:site_name\" content=\"CheckedHolidays\" \/>\n<meta property=\"article:publisher\" content=\"http:\/\/www.facebook.com\/checkedholidays\" \/>\n<meta property=\"article:modified_time\" content=\"2023-12-02T12:31:55+00:00\" \/>\n<meta property=\"og:image\" content=\"https:\/\/i0.wp.com\/www.checkedholidays.com\/wp-content\/uploads\/2022\/06\/Website-growth.png?fit=1874%2C452&ssl=1\" \/>\n\t<meta property=\"og:image:width\" content=\"1874\" \/>\n\t<meta property=\"og:image:height\" content=\"452\" \/>\n\t<meta property=\"og:image:type\" content=\"image\/png\" \/>\n<meta name=\"twitter:card\" content=\"summary_large_image\" \/>\n<meta name=\"twitter:site\" content=\"@checkedholidays\" \/>\n<meta name=\"twitter:label1\" content=\"Estimeret l\u00e6setid\" \/>\n\t<meta name=\"twitter:data1\" content=\"2 minutter\" \/>\n<script type=\"application\/ld+json\" class=\"yoast-schema-graph\">{\"@context\":\"https:\/\/schema.org\",\"@graph\":[{\"@type\":\"WebPage\",\"@id\":\"https:\/\/www.checkedholidays.com\/da\/om-checkedholidays\/\",\"url\":\"https:\/\/www.checkedholidays.com\/da\/om-checkedholidays\/\",\"name\":\"Om CheckedHolidays\",\"isPartOf\":{\"@id\":\"https:\/\/www.checkedholidays.com\/da\/#website\"},\"primaryImageOfPage\":{\"@id\":\"https:\/\/www.checkedholidays.com\/da\/om-checkedholidays\/#primaryimage\"},\"image\":{\"@id\":\"https:\/\/www.checkedholidays.com\/da\/om-checkedholidays\/#primaryimage\"},\"thumbnailUrl\":\"https:\/\/i0.wp.com\/www.checkedholidays.com\/wp-content\/uploads\/2022\/06\/Website-growth.png?fit=1874%2C452&ssl=1\",\"datePublished\":\"2022-09-05T12:37:02+00:00\",\"dateModified\":\"2023-12-02T12:31:55+00:00\",\"breadcrumb\":{\"@id\":\"https:\/\/www.checkedholidays.com\/da\/om-checkedholidays\/#breadcrumb\"},\"inLanguage\":\"da-DK\",\"potentialAction\":[{\"@type\":\"ReadAction\",\"target\":[\"https:\/\/www.checkedholidays.com\/da\/om-checkedholidays\/\"]}]},{\"@type\":\"ImageObject\",\"inLanguage\":\"da-DK\",\"@id\":\"https:\/\/www.checkedholidays.com\/da\/om-checkedholidays\/#primaryimage\",\"url\":\"https:\/\/i0.wp.com\/www.checkedholidays.com\/wp-content\/uploads\/2022\/06\/Website-growth.png?fit=1874%2C452&ssl=1\",\"contentUrl\":\"https:\/\/i0.wp.com\/www.checkedholidays.com\/wp-content\/uploads\/2022\/06\/Website-growth.png?fit=1874%2C452&ssl=1\",\"width\":1874,\"height\":452},{\"@type\":\"BreadcrumbList\",\"@id\":\"https:\/\/www.checkedholidays.com\/da\/om-checkedholidays\/#breadcrumb\",\"itemListElement\":[{\"@type\":\"ListItem\",\"position\":1,\"name\":\"Home\",\"item\":\"https:\/\/www.checkedholidays.com\/da\/\"},{\"@type\":\"ListItem\",\"position\":2,\"name\":\"Om CheckedHolidays\"}]},{\"@type\":\"WebSite\",\"@id\":\"https:\/\/www.checkedholidays.com\/da\/#website\",\"url\":\"https:\/\/www.checkedholidays.com\/da\/\",\"name\":\"CheckedHolidays\",\"description\":\"Spanish island holidays... but better!\",\"potentialAction\":[{\"@type\":\"SearchAction\",\"target\":{\"@type\":\"EntryPoint\",\"urlTemplate\":\"https:\/\/www.checkedholidays.com\/da\/?s={search_term_string}\"},\"query-input\":{\"@type\":\"PropertyValueSpecification\",\"valueRequired\":true,\"valueName\":\"search_term_string\"}}],\"inLanguage\":\"da-DK\"}]}<\/script>\n<!-- \/ Yoast SEO plugin. -->","yoast_head_json":{"title":"Om CheckedHolidays","robots":{"index":"index","follow":"follow","max-snippet":"max-snippet:-1","max-image-preview":"max-image-preview:large","max-video-preview":"max-video-preview:-1"},"canonical":"https:\/\/www.checkedholidays.com\/da\/om-checkedholidays\/","og_locale":"da_DK","og_type":"article","og_title":"Om CheckedHolidays","og_description":"CheckedHolidays blev grundlagt i 2012 efter at have bem\u00e6rket en masse misinformation p\u00e5 internettet om ferier p\u00e5 de spanske \u00f8er. Denne misinformation p\u00e5virkede folks ferie negativt, s\u00e5 vi lavede en YouTube-video for at rette op p\u00e5 denne misinformation. Efter at den blev optaget og bragt i Express, n\u00e5ede den over 100 000 seere. Derfra blev [&hellip;]","og_url":"https:\/\/www.checkedholidays.com\/da\/om-checkedholidays\/","og_site_name":"CheckedHolidays","article_publisher":"http:\/\/www.facebook.com\/checkedholidays","article_modified_time":"2023-12-02T12:31:55+00:00","og_image":[{"width":1874,"height":452,"url":"https:\/\/i0.wp.com\/www.checkedholidays.com\/wp-content\/uploads\/2022\/06\/Website-growth.png?fit=1874%2C452&ssl=1","type":"image\/png"}],"twitter_card":"summary_large_image","twitter_site":"@checkedholidays","twitter_misc":{"Estimeret l\u00e6setid":"2 minutter"},"schema":{"@context":"https:\/\/schema.org","@graph":[{"@type":"WebPage","@id":"https:\/\/www.checkedholidays.com\/da\/om-checkedholidays\/","url":"https:\/\/www.checkedholidays.com\/da\/om-checkedholidays\/","name":"Om CheckedHolidays","isPartOf":{"@id":"https:\/\/www.checkedholidays.com\/da\/#website"},"primaryImageOfPage":{"@id":"https:\/\/www.checkedholidays.com\/da\/om-checkedholidays\/#primaryimage"},"image":{"@id":"https:\/\/www.checkedholidays.com\/da\/om-checkedholidays\/#primaryimage"},"thumbnailUrl":"https:\/\/i0.wp.com\/www.checkedholidays.com\/wp-content\/uploads\/2022\/06\/Website-growth.png?fit=1874%2C452&ssl=1","datePublished":"2022-09-05T12:37:02+00:00","dateModified":"2023-12-02T12:31:55+00:00","breadcrumb":{"@id":"https:\/\/www.checkedholidays.com\/da\/om-checkedholidays\/#breadcrumb"},"inLanguage":"da-DK","potentialAction":[{"@type":"ReadAction","target":["https:\/\/www.checkedholidays.com\/da\/om-checkedholidays\/"]}]},{"@type":"ImageObject","inLanguage":"da-DK","@id":"https:\/\/www.checkedholidays.com\/da\/om-checkedholidays\/#primaryimage","url":"https:\/\/i0.wp.com\/www.checkedholidays.com\/wp-content\/uploads\/2022\/06\/Website-growth.png?fit=1874%2C452&ssl=1","contentUrl":"https:\/\/i0.wp.com\/www.checkedholidays.com\/wp-content\/uploads\/2022\/06\/Website-growth.png?fit=1874%2C452&ssl=1","width":1874,"height":452},{"@type":"BreadcrumbList","@id":"https:\/\/www.checkedholidays.com\/da\/om-checkedholidays\/#breadcrumb","itemListElement":[{"@type":"ListItem","position":1,"name":"Home","item":"https:\/\/www.checkedholidays.com\/da\/"},{"@type":"ListItem","position":2,"name":"Om CheckedHolidays"}]},{"@type":"WebSite","@id":"https:\/\/www.checkedholidays.com\/da\/#website","url":"https:\/\/www.checkedholidays.com\/da\/","name":"CheckedHolidays","description":"Spanish island holidays... but better!","potentialAction":[{"@type":"SearchAction","target":{"@type":"EntryPoint","urlTemplate":"https:\/\/www.checkedholidays.com\/da\/?s={search_term_string}"},"query-input":{"@type":"PropertyValueSpecification","valueRequired":true,"valueName":"search_term_string"}}],"inLanguage":"da-DK"}]}},"jetpack_sharing_enabled":true,"_links":{"self":[{"href":"https:\/\/www.checkedholidays.com\/da\/wp-json\/wp\/v2\/pages\/24474","targetHints":{"allow":["GET"]}}],"collection":[{"href":"https:\/\/www.checkedholidays.com\/da\/wp-json\/wp\/v2\/pages"}],"about":[{"href":"https:\/\/www.checkedholidays.com\/da\/wp-json\/wp\/v2\/types\/page"}],"author":[{"embeddable":true,"href":"https:\/\/www.checkedholidays.com\/da\/wp-json\/wp\/v2\/users\/1"}],"replies":[{"embeddable":true,"href":"https:\/\/www.checkedholidays.com\/da\/wp-json\/wp\/v2\/comments?post=24474"}],"version-history":[{"count":5,"href":"https:\/\/www.checkedholidays.com\/da\/wp-json\/wp\/v2\/pages\/24474\/revisions"}],"predecessor-version":[{"id":78399,"href":"https:\/\/www.checkedholidays.com\/da\/wp-json\/wp\/v2\/pages\/24474\/revisions\/78399"}],"wp:featuredmedia":[{"embeddable":true,"href":"https:\/\/www.checkedholidays.com\/da\/wp-json\/wp\/v2\/media\/18798"}],"wp:attachment":[{"href":"https:\/\/www.checkedholidays.com\/da\/wp-json\/wp\/v2\/media?parent=24474"}],"curies":[{"name":"wp","href":"https:\/\/api.w.org\/{rel}","templated":true}]}}