{"id":24446,"date":"2022-09-05T12:34:20","date_gmt":"2022-09-05T12:34:20","guid":{"rendered":"https:\/\/www.checkedholidays.com\/om\/"},"modified":"2022-09-05T12:34:26","modified_gmt":"2022-09-05T12:34:26","slug":"om","status":"publish","type":"page","link":"https:\/\/www.checkedholidays.com\/da\/om\/","title":{"rendered":"Om mig"},"content":{"rendered":"\n<p class=\"has-text-align-left wp-block-paragraph\">Ja, CheckHolidays er mig, en almindelig person fra det virkelige liv&#8230; mit rigtige navn er Ive. Jeg skriver, filmer, redigerer, skaber og udgiver alle mine ferieguider (99 %) selv. Men da jeg startede, ville jeg have et navn, der s\u00e5 &#8220;professionelt&#8221; ud&#8230; nu sidder jeg fast med det. S\u00e5 p\u00e5 denne side vil jeg fort\u00e6lle dig lidt mere om mig selv og vise dig, at jeg bare er en helt almindelig person, som p\u00e5 grund af omst\u00e6ndighederne blev en af de mest fremtr\u00e6dende ferier\u00e5dgivere om de spanske \u00f8er.  <\/p>\n<div class=\"wp-block-image\">\n<figure class=\"aligncenter is-resized\"><img loading=\"lazy\" decoding=\"async\" src=\"https:\/\/i1.wp.com\/www.checkedholidays.com\/wp-content\/uploads\/2019\/03\/IMG_20141017_152816-MOTION.gif?fit=768%2C1024&amp;ssl=1\" alt=\"\" class=\"wp-image-3075\" width=\"384\" height=\"512\"\/><figcaption class=\"wp-element-caption\">15 \u00e5r i Spanien: Random swim<\/figcaption><\/figure>\n<\/div>\n<p class=\"has-text-align-left wp-block-paragraph\">Alt dette startede efter at have boet og arbejdet over hele Spanien som hotelunderholder, bartender, kameramand og lydtekniker i over 15 \u00e5r. Men efter mange \u00e5r med forskellige job p\u00e5 de spanske \u00f8er havde jeg sv\u00e6rt ved at finde noget, jeg kunne lide at lave og br\u00e6nde for.<\/p>\n\n<p class=\"has-text-align-left wp-block-paragraph\">S\u00e5 jeg satte mig ned og pr\u00f8vede at finde ud af, hvad jeg kunne lide at lave. Da jeg kiggede tilbage p\u00e5 de job, jeg allerede havde udf\u00f8rt, fandt jeg to ting, som jeg virkelig kunne lide. De gav folk en god ferie og skabte ting. Begge dele gjorde jeg i mine tidligere jobs, men jeg kunne selvf\u00f8lgelig ikke arbejde som en 30+-v\u00e6rt p\u00e5 et hotel for evigt. Efter et stykke tid bliver det m\u00e6rkeligt. S\u00e5 jeg besluttede mig for at g\u00e5 helt ind p\u00e5 min YouTube-kanal med kun 5 videoer om Mallorca p\u00e5 det tidspunkt for at se, om det ville fungere eller ej.<\/p>\n\n<p class=\"has-text-align-left wp-block-paragraph\">Det tog et par \u00e5r, men i \u00f8jeblikket (2022) hj\u00e6lper jeg over <strong>\n  <u>4 millioner mennesker hvert \u00e5r med<\/u>\n  <span style=\"text-decoration: underline;\">h deres ferie til Spanien.<\/span>\n<\/strong> Selv om det er fantastisk, handler det ikke om tallene for mig. Det handler om at give \u00e6rlige ferier\u00e5d, som det er sv\u00e6rt at finde p\u00e5 internettet. De fleste af de sider derude er fra rejseselskaber, bloggere eller Instagram-modeller, som gerne vil have alting til at se perfekt ud, men jeg pr\u00f8ver at g\u00f8re det stik modsatte. Jeg vil vise dig det, som det er, s\u00e5 du kan beslutte, om det er det rigtige for dig eller ej.  <\/p>\n","protected":false},"excerpt":{"rendered":"<p>Ja, CheckHolidays er mig, en almindelig person fra det virkelige liv&#8230; mit rigtige navn er Ive. Jeg skriver, filmer, redigerer, skaber og udgiver alle mine ferieguider (99 %) selv. Men da jeg startede, ville jeg have et navn, der s\u00e5 &#8220;professionelt&#8221; ud&#8230; nu sidder jeg fast med det. S\u00e5 p\u00e5 denne side vil jeg fort\u00e6lle [&hellip;]<\/p>\n","protected":false},"author":1,"featured_media":13202,"parent":0,"menu_order":0,"comment_status":"closed","ping_status":"closed","template":"template-authors.php","meta":{"_crdt_document":"","footnotes":""},"class_list":["post-24446","page","type-page","status-publish","has-post-thumbnail","hentry"],"yoast_head":"<!-- This site is optimized with the Yoast SEO plugin v27.5 - https:\/\/yoast.com\/product\/yoast-seo-wordpress\/ -->\n<title>Om mig<\/title>\n<meta name=\"robots\" content=\"index, follow, max-snippet:-1, max-image-preview:large, max-video-preview:-1\" \/>\n<link rel=\"canonical\" href=\"https:\/\/www.checkedholidays.com\/da\/om\/\" \/>\n<meta property=\"og:locale\" content=\"da_DK\" \/>\n<meta property=\"og:type\" content=\"article\" \/>\n<meta property=\"og:title\" content=\"Om mig\" \/>\n<meta property=\"og:description\" content=\"Ja, CheckHolidays er mig, en almindelig person fra det virkelige liv&#8230; mit rigtige navn er Ive. Jeg skriver, filmer, redigerer, skaber og udgiver alle mine ferieguider (99 %) selv. Men da jeg startede, ville jeg have et navn, der s\u00e5 &#8220;professionelt&#8221; ud&#8230; nu sidder jeg fast med det. S\u00e5 p\u00e5 denne side vil jeg fort\u00e6lle [&hellip;]\" \/>\n<meta property=\"og:url\" content=\"https:\/\/www.checkedholidays.com\/da\/om\/\" \/>\n<meta property=\"og:site_name\" content=\"CheckedHolidays\" \/>\n<meta property=\"article:publisher\" content=\"http:\/\/www.facebook.com\/checkedholidays\" \/>\n<meta property=\"article:modified_time\" content=\"2022-09-05T12:34:26+00:00\" \/>\n<meta property=\"og:image\" content=\"https:\/\/i0.wp.com\/www.checkedholidays.com\/wp-content\/uploads\/2018\/12\/IMG_20141011_135122-600x450.jpg?fit=600%2C450&ssl=1\" \/>\n\t<meta property=\"og:image:width\" content=\"600\" \/>\n\t<meta property=\"og:image:height\" content=\"450\" \/>\n\t<meta property=\"og:image:type\" content=\"image\/jpeg\" \/>\n<meta name=\"twitter:card\" content=\"summary_large_image\" \/>\n<meta name=\"twitter:site\" content=\"@checkedholidays\" \/>\n<meta name=\"twitter:label1\" content=\"Estimeret l\u00e6setid\" \/>\n\t<meta name=\"twitter:data1\" content=\"2 minutter\" \/>\n<script type=\"application\/ld+json\" class=\"yoast-schema-graph\">{\"@context\":\"https:\\\/\\\/schema.org\",\"@graph\":[{\"@type\":\"WebPage\",\"@id\":\"https:\\\/\\\/www.checkedholidays.com\\\/da\\\/om\\\/\",\"url\":\"https:\\\/\\\/www.checkedholidays.com\\\/da\\\/om\\\/\",\"name\":\"Om mig\",\"isPartOf\":{\"@id\":\"https:\\\/\\\/www.checkedholidays.com\\\/da\\\/#website\"},\"primaryImageOfPage\":{\"@id\":\"https:\\\/\\\/www.checkedholidays.com\\\/da\\\/om\\\/#primaryimage\"},\"image\":{\"@id\":\"https:\\\/\\\/www.checkedholidays.com\\\/da\\\/om\\\/#primaryimage\"},\"thumbnailUrl\":\"https:\\\/\\\/i0.wp.com\\\/www.checkedholidays.com\\\/wp-content\\\/uploads\\\/2018\\\/12\\\/IMG_20141011_135122-600x450.jpg?fit=600%2C450&ssl=1\",\"datePublished\":\"2022-09-05T12:34:20+00:00\",\"dateModified\":\"2022-09-05T12:34:26+00:00\",\"breadcrumb\":{\"@id\":\"https:\\\/\\\/www.checkedholidays.com\\\/da\\\/om\\\/#breadcrumb\"},\"inLanguage\":\"da-DK\",\"potentialAction\":[{\"@type\":\"ReadAction\",\"target\":[\"https:\\\/\\\/www.checkedholidays.com\\\/da\\\/om\\\/\"]}]},{\"@type\":\"ImageObject\",\"inLanguage\":\"da-DK\",\"@id\":\"https:\\\/\\\/www.checkedholidays.com\\\/da\\\/om\\\/#primaryimage\",\"url\":\"https:\\\/\\\/i0.wp.com\\\/www.checkedholidays.com\\\/wp-content\\\/uploads\\\/2018\\\/12\\\/IMG_20141011_135122-600x450.jpg?fit=600%2C450&ssl=1\",\"contentUrl\":\"https:\\\/\\\/i0.wp.com\\\/www.checkedholidays.com\\\/wp-content\\\/uploads\\\/2018\\\/12\\\/IMG_20141011_135122-600x450.jpg?fit=600%2C450&ssl=1\",\"width\":600,\"height\":450},{\"@type\":\"BreadcrumbList\",\"@id\":\"https:\\\/\\\/www.checkedholidays.com\\\/da\\\/om\\\/#breadcrumb\",\"itemListElement\":[{\"@type\":\"ListItem\",\"position\":1,\"name\":\"Home\",\"item\":\"https:\\\/\\\/www.checkedholidays.com\\\/da\\\/\"},{\"@type\":\"ListItem\",\"position\":2,\"name\":\"Om mig\"}]},{\"@type\":\"WebSite\",\"@id\":\"https:\\\/\\\/www.checkedholidays.com\\\/da\\\/#website\",\"url\":\"https:\\\/\\\/www.checkedholidays.com\\\/da\\\/\",\"name\":\"CheckedHolidays\",\"description\":\"Spanish island holidays... but better!\",\"potentialAction\":[{\"@type\":\"SearchAction\",\"target\":{\"@type\":\"EntryPoint\",\"urlTemplate\":\"https:\\\/\\\/www.checkedholidays.com\\\/da\\\/?s={search_term_string}\"},\"query-input\":{\"@type\":\"PropertyValueSpecification\",\"valueRequired\":true,\"valueName\":\"search_term_string\"}}],\"inLanguage\":\"da-DK\"}]}<\/script>\n<!-- \/ Yoast SEO plugin. -->","yoast_head_json":{"title":"Om mig","robots":{"index":"index","follow":"follow","max-snippet":"max-snippet:-1","max-image-preview":"max-image-preview:large","max-video-preview":"max-video-preview:-1"},"canonical":"https:\/\/www.checkedholidays.com\/da\/om\/","og_locale":"da_DK","og_type":"article","og_title":"Om mig","og_description":"Ja, CheckHolidays er mig, en almindelig person fra det virkelige liv&#8230; mit rigtige navn er Ive. Jeg skriver, filmer, redigerer, skaber og udgiver alle mine ferieguider (99 %) selv. Men da jeg startede, ville jeg have et navn, der s\u00e5 &#8220;professionelt&#8221; ud&#8230; nu sidder jeg fast med det. S\u00e5 p\u00e5 denne side vil jeg fort\u00e6lle [&hellip;]","og_url":"https:\/\/www.checkedholidays.com\/da\/om\/","og_site_name":"CheckedHolidays","article_publisher":"http:\/\/www.facebook.com\/checkedholidays","article_modified_time":"2022-09-05T12:34:26+00:00","og_image":[{"width":600,"height":450,"url":"https:\/\/i0.wp.com\/www.checkedholidays.com\/wp-content\/uploads\/2018\/12\/IMG_20141011_135122-600x450.jpg?fit=600%2C450&ssl=1","type":"image\/jpeg"}],"twitter_card":"summary_large_image","twitter_site":"@checkedholidays","twitter_misc":{"Estimeret l\u00e6setid":"2 minutter"},"schema":{"@context":"https:\/\/schema.org","@graph":[{"@type":"WebPage","@id":"https:\/\/www.checkedholidays.com\/da\/om\/","url":"https:\/\/www.checkedholidays.com\/da\/om\/","name":"Om mig","isPartOf":{"@id":"https:\/\/www.checkedholidays.com\/da\/#website"},"primaryImageOfPage":{"@id":"https:\/\/www.checkedholidays.com\/da\/om\/#primaryimage"},"image":{"@id":"https:\/\/www.checkedholidays.com\/da\/om\/#primaryimage"},"thumbnailUrl":"https:\/\/i0.wp.com\/www.checkedholidays.com\/wp-content\/uploads\/2018\/12\/IMG_20141011_135122-600x450.jpg?fit=600%2C450&ssl=1","datePublished":"2022-09-05T12:34:20+00:00","dateModified":"2022-09-05T12:34:26+00:00","breadcrumb":{"@id":"https:\/\/www.checkedholidays.com\/da\/om\/#breadcrumb"},"inLanguage":"da-DK","potentialAction":[{"@type":"ReadAction","target":["https:\/\/www.checkedholidays.com\/da\/om\/"]}]},{"@type":"ImageObject","inLanguage":"da-DK","@id":"https:\/\/www.checkedholidays.com\/da\/om\/#primaryimage","url":"https:\/\/i0.wp.com\/www.checkedholidays.com\/wp-content\/uploads\/2018\/12\/IMG_20141011_135122-600x450.jpg?fit=600%2C450&ssl=1","contentUrl":"https:\/\/i0.wp.com\/www.checkedholidays.com\/wp-content\/uploads\/2018\/12\/IMG_20141011_135122-600x450.jpg?fit=600%2C450&ssl=1","width":600,"height":450},{"@type":"BreadcrumbList","@id":"https:\/\/www.checkedholidays.com\/da\/om\/#breadcrumb","itemListElement":[{"@type":"ListItem","position":1,"name":"Home","item":"https:\/\/www.checkedholidays.com\/da\/"},{"@type":"ListItem","position":2,"name":"Om mig"}]},{"@type":"WebSite","@id":"https:\/\/www.checkedholidays.com\/da\/#website","url":"https:\/\/www.checkedholidays.com\/da\/","name":"CheckedHolidays","description":"Spanish island holidays... but better!","potentialAction":[{"@type":"SearchAction","target":{"@type":"EntryPoint","urlTemplate":"https:\/\/www.checkedholidays.com\/da\/?s={search_term_string}"},"query-input":{"@type":"PropertyValueSpecification","valueRequired":true,"valueName":"search_term_string"}}],"inLanguage":"da-DK"}]}},"jetpack_sharing_enabled":true,"_links":{"self":[{"href":"https:\/\/www.checkedholidays.com\/da\/wp-json\/wp\/v2\/pages\/24446","targetHints":{"allow":["GET"]}}],"collection":[{"href":"https:\/\/www.checkedholidays.com\/da\/wp-json\/wp\/v2\/pages"}],"about":[{"href":"https:\/\/www.checkedholidays.com\/da\/wp-json\/wp\/v2\/types\/page"}],"author":[{"embeddable":true,"href":"https:\/\/www.checkedholidays.com\/da\/wp-json\/wp\/v2\/users\/1"}],"replies":[{"embeddable":true,"href":"https:\/\/www.checkedholidays.com\/da\/wp-json\/wp\/v2\/comments?post=24446"}],"version-history":[{"count":3,"href":"https:\/\/www.checkedholidays.com\/da\/wp-json\/wp\/v2\/pages\/24446\/revisions"}],"predecessor-version":[{"id":24450,"href":"https:\/\/www.checkedholidays.com\/da\/wp-json\/wp\/v2\/pages\/24446\/revisions\/24450"}],"wp:featuredmedia":[{"embeddable":true,"href":"https:\/\/www.checkedholidays.com\/da\/wp-json\/wp\/v2\/media\/13202"}],"wp:attachment":[{"href":"https:\/\/www.checkedholidays.com\/da\/wp-json\/wp\/v2\/media?parent=24446"}],"curies":[{"name":"wp","href":"https:\/\/api.w.org\/{rel}","templated":true}]}}