{"id":32139,"date":"2022-11-11T18:22:07","date_gmt":"2022-11-11T18:22:07","guid":{"rendered":"https:\/\/www.checkedholidays.com\/affiliate-disclaimer\/"},"modified":"2022-11-11T18:22:12","modified_gmt":"2022-11-11T18:22:12","slug":"affiliate-disclaimer","status":"publish","type":"page","link":"https:\/\/www.checkedholidays.com\/cs\/affiliate-disclaimer\/","title":{"rendered":"Tyto webov\u00e9 str\u00e1nky pou\u017e\u00edvaj\u00ed partnersk\u00e9 odkazy"},"content":{"rendered":"\n<p class=\"wp-block-paragraph\">Pokud v\u00e1m pom\u016f\u017ee m\u016fj kan\u00e1l Youtube, webov\u00e9 str\u00e1nky <g class=\"gr_ gr_4 gr-alert gr_gramm gr_inline_cards gr_disable_anim_appear Punctuation only-ins replaceWithoutSep\" id=\"4\" data-gr-id=\"4\">a<\/g> pr\u016fvodci a chcete <strong>mi pomoci, pomoci v\u00e1m<\/strong>&#8230; pak je pou\u017eit\u00ed m\u00fdch affiliate odkaz\u016f nejlep\u0161\u00ed zp\u016fsob, jak to ud\u011blat <strong>ZDARMA<\/strong>.<\/p>\n\n<p class=\"wp-block-paragraph\">Affiliate odkazy jsou velmi standardn\u00ed a hojn\u011b pou\u017e\u00edvan\u00e9, ale mysl\u00edm, \u017ee je d\u016fle\u017eit\u00e9, abyste o nich byli informov\u00e1ni.<\/p>\n\n<p class=\"wp-block-paragraph\">Affiliate odkazy vypadaj\u00ed jako b\u011b\u017en\u00e9 odkazy, ale informuj\u00ed webovou str\u00e1nku, na kterou jdete, \u017ee jste p\u0159i\u0161li z m\u00fdch webov\u00fdch str\u00e1nek. Pokud si n\u011bco koup\u00edte na webov\u00e9 str\u00e1nce, na kterou odkazuji, obdr\u017e\u00edm malou provizi, kter\u00e1 pom\u016f\u017ee udr\u017eet tyto webov\u00e9 str\u00e1nky v provozu.  <\/p>\n\n<p class=\"wp-block-paragraph\">V\u017edy v\u0161ak zaplat\u00edte stejnou cenu jako obvykle a n\u011bkdy je pro v\u00e1s dokonce p\u0159ipravena sleva nebo v\u00fdhoda, pokud pou\u017eijete m\u00e9 partnersk\u00e9 odkazy. Provizi plat\u00ed majitel druh\u00e9ho webu, nikoli vy.<\/p>\n\n<p class=\"wp-block-paragraph\">Moc v\u00e1m d\u011bkuji, \u017ee pou\u017e\u00edv\u00e1te m\u00e9 partnersk\u00e9 odkazy a umo\u017e\u0148ujete tak mn\u011b, webov\u00e9 str\u00e1nce a kan\u00e1lu YouTube pom\u00e1hat milion\u016fm dal\u0161\u00edch lid\u00ed, jako jste vy, pro\u017e\u00edt je\u0161t\u011b lep\u0161\u00ed dovolenou!<\/p>\n\n<p class=\"wp-block-paragraph\"><g class=\"gr_ gr_4 gr-alert gr_spell gr_inline_cards gr_run_anim ContextualSpelling ins-del multiReplace\" id=\"4\" data-gr-id=\"4\"><a href=\"https:\/\/www.checkedholidays.com\/cs\/about\/\">Ive<\/a><\/g><\/p>\n","protected":false},"excerpt":{"rendered":"<p>Pokud v\u00e1m pom\u016f\u017ee m\u016fj kan\u00e1l Youtube, webov\u00e9 str\u00e1nky a pr\u016fvodci a chcete mi pomoci, pomoci v\u00e1m&#8230; pak je pou\u017eit\u00ed m\u00fdch affiliate odkaz\u016f nejlep\u0161\u00ed zp\u016fsob, jak to ud\u011blat ZDARMA. Affiliate odkazy jsou velmi standardn\u00ed a hojn\u011b pou\u017e\u00edvan\u00e9, ale mysl\u00edm, \u017ee je d\u016fle\u017eit\u00e9, abyste o nich byli informov\u00e1ni. Affiliate odkazy vypadaj\u00ed jako b\u011b\u017en\u00e9 odkazy, ale informuj\u00ed webovou [&hellip;]<\/p>\n","protected":false},"author":1,"featured_media":0,"parent":0,"menu_order":0,"comment_status":"closed","ping_status":"closed","template":"","meta":{"_crdt_document":"","footnotes":""},"class_list":["post-32139","page","type-page","status-publish","hentry"],"yoast_head":"<!-- This site is optimized with the Yoast SEO plugin v27.2 - https:\/\/yoast.com\/product\/yoast-seo-wordpress\/ -->\n<title>Tyto webov\u00e9 str\u00e1nky pou\u017e\u00edvaj\u00ed partnersk\u00e9 odkazy - CheckedHolidays<\/title>\n<meta name=\"robots\" content=\"index, follow, max-snippet:-1, max-image-preview:large, max-video-preview:-1\" \/>\n<link rel=\"canonical\" href=\"https:\/\/www.checkedholidays.com\/cs\/affiliate-disclaimer\/\" \/>\n<meta property=\"og:locale\" content=\"cs_CZ\" \/>\n<meta property=\"og:type\" content=\"article\" \/>\n<meta property=\"og:title\" content=\"Tyto webov\u00e9 str\u00e1nky pou\u017e\u00edvaj\u00ed partnersk\u00e9 odkazy - CheckedHolidays\" \/>\n<meta property=\"og:description\" content=\"Pokud v\u00e1m pom\u016f\u017ee m\u016fj kan\u00e1l Youtube, webov\u00e9 str\u00e1nky a pr\u016fvodci a chcete mi pomoci, pomoci v\u00e1m&#8230; pak je pou\u017eit\u00ed m\u00fdch affiliate odkaz\u016f nejlep\u0161\u00ed zp\u016fsob, jak to ud\u011blat ZDARMA. Affiliate odkazy jsou velmi standardn\u00ed a hojn\u011b pou\u017e\u00edvan\u00e9, ale mysl\u00edm, \u017ee je d\u016fle\u017eit\u00e9, abyste o nich byli informov\u00e1ni. Affiliate odkazy vypadaj\u00ed jako b\u011b\u017en\u00e9 odkazy, ale informuj\u00ed webovou [&hellip;]\" \/>\n<meta property=\"og:url\" content=\"https:\/\/www.checkedholidays.com\/cs\/affiliate-disclaimer\/\" \/>\n<meta property=\"og:site_name\" content=\"CheckedHolidays\" \/>\n<meta property=\"article:publisher\" content=\"http:\/\/www.facebook.com\/checkedholidays\" \/>\n<meta property=\"article:modified_time\" content=\"2022-11-11T18:22:12+00:00\" \/>\n<meta name=\"twitter:card\" content=\"summary_large_image\" \/>\n<meta name=\"twitter:site\" content=\"@checkedholidays\" \/>\n<meta name=\"twitter:label1\" content=\"Odhadovan\u00e1 doba \u010dten\u00ed\" \/>\n\t<meta name=\"twitter:data1\" content=\"1 minuta\" \/>\n<script type=\"application\/ld+json\" class=\"yoast-schema-graph\">{\"@context\":\"https:\/\/schema.org\",\"@graph\":[{\"@type\":\"WebPage\",\"@id\":\"https:\/\/www.checkedholidays.com\/cs\/affiliate-disclaimer\/\",\"url\":\"https:\/\/www.checkedholidays.com\/cs\/affiliate-disclaimer\/\",\"name\":\"Tyto webov\u00e9 str\u00e1nky pou\u017e\u00edvaj\u00ed partnersk\u00e9 odkazy - CheckedHolidays\",\"isPartOf\":{\"@id\":\"https:\/\/www.checkedholidays.com\/cs\/#website\"},\"datePublished\":\"2022-11-11T18:22:07+00:00\",\"dateModified\":\"2022-11-11T18:22:12+00:00\",\"breadcrumb\":{\"@id\":\"https:\/\/www.checkedholidays.com\/cs\/affiliate-disclaimer\/#breadcrumb\"},\"inLanguage\":\"cs\",\"potentialAction\":[{\"@type\":\"ReadAction\",\"target\":[\"https:\/\/www.checkedholidays.com\/cs\/affiliate-disclaimer\/\"]}]},{\"@type\":\"BreadcrumbList\",\"@id\":\"https:\/\/www.checkedholidays.com\/cs\/affiliate-disclaimer\/#breadcrumb\",\"itemListElement\":[{\"@type\":\"ListItem\",\"position\":1,\"name\":\"Home\",\"item\":\"https:\/\/www.checkedholidays.com\/cs\/\"},{\"@type\":\"ListItem\",\"position\":2,\"name\":\"Tyto webov\u00e9 str\u00e1nky pou\u017e\u00edvaj\u00ed partnersk\u00e9 odkazy\"}]},{\"@type\":\"WebSite\",\"@id\":\"https:\/\/www.checkedholidays.com\/cs\/#website\",\"url\":\"https:\/\/www.checkedholidays.com\/cs\/\",\"name\":\"CheckedHolidays\",\"description\":\"Spanish island holidays... but better!\",\"potentialAction\":[{\"@type\":\"SearchAction\",\"target\":{\"@type\":\"EntryPoint\",\"urlTemplate\":\"https:\/\/www.checkedholidays.com\/cs\/?s={search_term_string}\"},\"query-input\":{\"@type\":\"PropertyValueSpecification\",\"valueRequired\":true,\"valueName\":\"search_term_string\"}}],\"inLanguage\":\"cs\"}]}<\/script>\n<!-- \/ Yoast SEO plugin. -->","yoast_head_json":{"title":"Tyto webov\u00e9 str\u00e1nky pou\u017e\u00edvaj\u00ed partnersk\u00e9 odkazy - CheckedHolidays","robots":{"index":"index","follow":"follow","max-snippet":"max-snippet:-1","max-image-preview":"max-image-preview:large","max-video-preview":"max-video-preview:-1"},"canonical":"https:\/\/www.checkedholidays.com\/cs\/affiliate-disclaimer\/","og_locale":"cs_CZ","og_type":"article","og_title":"Tyto webov\u00e9 str\u00e1nky pou\u017e\u00edvaj\u00ed partnersk\u00e9 odkazy - CheckedHolidays","og_description":"Pokud v\u00e1m pom\u016f\u017ee m\u016fj kan\u00e1l Youtube, webov\u00e9 str\u00e1nky a pr\u016fvodci a chcete mi pomoci, pomoci v\u00e1m&#8230; pak je pou\u017eit\u00ed m\u00fdch affiliate odkaz\u016f nejlep\u0161\u00ed zp\u016fsob, jak to ud\u011blat ZDARMA. Affiliate odkazy jsou velmi standardn\u00ed a hojn\u011b pou\u017e\u00edvan\u00e9, ale mysl\u00edm, \u017ee je d\u016fle\u017eit\u00e9, abyste o nich byli informov\u00e1ni. Affiliate odkazy vypadaj\u00ed jako b\u011b\u017en\u00e9 odkazy, ale informuj\u00ed webovou [&hellip;]","og_url":"https:\/\/www.checkedholidays.com\/cs\/affiliate-disclaimer\/","og_site_name":"CheckedHolidays","article_publisher":"http:\/\/www.facebook.com\/checkedholidays","article_modified_time":"2022-11-11T18:22:12+00:00","twitter_card":"summary_large_image","twitter_site":"@checkedholidays","twitter_misc":{"Odhadovan\u00e1 doba \u010dten\u00ed":"1 minuta"},"schema":{"@context":"https:\/\/schema.org","@graph":[{"@type":"WebPage","@id":"https:\/\/www.checkedholidays.com\/cs\/affiliate-disclaimer\/","url":"https:\/\/www.checkedholidays.com\/cs\/affiliate-disclaimer\/","name":"Tyto webov\u00e9 str\u00e1nky pou\u017e\u00edvaj\u00ed partnersk\u00e9 odkazy - CheckedHolidays","isPartOf":{"@id":"https:\/\/www.checkedholidays.com\/cs\/#website"},"datePublished":"2022-11-11T18:22:07+00:00","dateModified":"2022-11-11T18:22:12+00:00","breadcrumb":{"@id":"https:\/\/www.checkedholidays.com\/cs\/affiliate-disclaimer\/#breadcrumb"},"inLanguage":"cs","potentialAction":[{"@type":"ReadAction","target":["https:\/\/www.checkedholidays.com\/cs\/affiliate-disclaimer\/"]}]},{"@type":"BreadcrumbList","@id":"https:\/\/www.checkedholidays.com\/cs\/affiliate-disclaimer\/#breadcrumb","itemListElement":[{"@type":"ListItem","position":1,"name":"Home","item":"https:\/\/www.checkedholidays.com\/cs\/"},{"@type":"ListItem","position":2,"name":"Tyto webov\u00e9 str\u00e1nky pou\u017e\u00edvaj\u00ed partnersk\u00e9 odkazy"}]},{"@type":"WebSite","@id":"https:\/\/www.checkedholidays.com\/cs\/#website","url":"https:\/\/www.checkedholidays.com\/cs\/","name":"CheckedHolidays","description":"Spanish island holidays... but better!","potentialAction":[{"@type":"SearchAction","target":{"@type":"EntryPoint","urlTemplate":"https:\/\/www.checkedholidays.com\/cs\/?s={search_term_string}"},"query-input":{"@type":"PropertyValueSpecification","valueRequired":true,"valueName":"search_term_string"}}],"inLanguage":"cs"}]}},"jetpack_sharing_enabled":true,"_links":{"self":[{"href":"https:\/\/www.checkedholidays.com\/cs\/wp-json\/wp\/v2\/pages\/32139","targetHints":{"allow":["GET"]}}],"collection":[{"href":"https:\/\/www.checkedholidays.com\/cs\/wp-json\/wp\/v2\/pages"}],"about":[{"href":"https:\/\/www.checkedholidays.com\/cs\/wp-json\/wp\/v2\/types\/page"}],"author":[{"embeddable":true,"href":"https:\/\/www.checkedholidays.com\/cs\/wp-json\/wp\/v2\/users\/1"}],"replies":[{"embeddable":true,"href":"https:\/\/www.checkedholidays.com\/cs\/wp-json\/wp\/v2\/comments?post=32139"}],"version-history":[{"count":1,"href":"https:\/\/www.checkedholidays.com\/cs\/wp-json\/wp\/v2\/pages\/32139\/revisions"}],"predecessor-version":[{"id":32140,"href":"https:\/\/www.checkedholidays.com\/cs\/wp-json\/wp\/v2\/pages\/32139\/revisions\/32140"}],"wp:attachment":[{"href":"https:\/\/www.checkedholidays.com\/cs\/wp-json\/wp\/v2\/media?parent=32139"}],"curies":[{"name":"wp","href":"https:\/\/api.w.org\/{rel}","templated":true}]}}