{"id":32135,"date":"2022-11-11T18:21:34","date_gmt":"2022-11-11T18:21:34","guid":{"rendered":"https:\/\/www.checkedholidays.com\/home\/"},"modified":"2026-02-23T13:05:30","modified_gmt":"2026-02-23T13:05:30","slug":"home","status":"publish","type":"page","link":"https:\/\/www.checkedholidays.com\/cs\/","title":{"rendered":"Domovsk\u00e1 str\u00e1nka"},"content":{"rendered":"\n<h2 class=\"wp-block-heading has-text-align-center\"><strong>Najd\u011bte si ide\u00e1ln\u00ed dovolenou na \u0161pan\u011blsk\u00fdch ostrovech<\/strong><\/h2>\n\n<p class=\"wp-block-paragraph\">Skv\u011bl\u00e9 po cel\u00fd rok<\/p>\n\n<ul class=\"wp-block-list\">\n<li><strong><u><a href=\"https:\/\/www.checkedholidays.com\/cs\/tag\/tenerife-cs\/\" type=\"category\" id=\"59\">Tenerife<\/a><\/u><\/strong> &#8211; Nejlep\u0161\u00ed pro rodiny, kter\u00e9 cht\u011bj\u00ed rozmanitost, atrakce a pohodl\u00ed.<\/li>\n\n\n\n<li><strong><u><a href=\"https:\/\/www.checkedholidays.com\/cs\/tag\/gran-canaria-cs\/\" type=\"category\" id=\"60\">Gran Canaria<\/a><\/u><\/strong> &#8211; Nejlep\u0161\u00ed pro p\u00e1ry a dosp\u011bl\u00e9, kte\u0159\u00ed cht\u011bj\u00ed za\u017e\u00edt no\u010dn\u00ed \u017eivot, stravov\u00e1n\u00ed a nakupov\u00e1n\u00ed.<\/li>\n\n\n\n<li><strong><u><a href=\"https:\/\/www.checkedholidays.com\/cs\/tag\/lanzarote-cs\/\" type=\"category\" id=\"61\">Lanzarote<\/a><\/u><\/strong> &#8211; Nejlep\u0161\u00ed m\u00edsto pro all inclusive dovolenou a pohodovou relaxaci.<\/li>\n\n\n\n<li><strong><u><a href=\"https:\/\/www.checkedholidays.com\/cs\/tag\/fuerteventura-cs\/\" type=\"category\" id=\"309\">Fuerteventura<\/a><\/u><\/strong> &#8211; Nejlep\u0161\u00ed pro dovolenou na pl\u00e1\u017ei s dostatkem prostoru.<\/li>\n<\/ul>\n\n<p class=\"wp-block-paragraph\">Nejlep\u0161\u00ed od kv\u011btna do \u0159\u00edjna<\/p>\n\n<ul class=\"wp-block-list\">\n<li><strong><u><a href=\"https:\/\/www.checkedholidays.com\/cs\/tag\/mallorca-cs\/\" type=\"category\" id=\"57\">Mallorca<\/a><\/u><\/strong> &#8211; Nejlep\u0161\u00ed pro rodiny s d\u011btmi a milovn\u00edky rozmanitosti, kte\u0159\u00ed cht\u011bj\u00ed pl\u00e1\u017ee, v\u00fdlety a bohat\u00fd v\u00fdb\u011br.<\/li>\n\n\n\n<li><strong><u><a href=\"https:\/\/www.checkedholidays.com\/cs\/tag\/menorca-cs\/\" type=\"category\" id=\"91\">Menorca<\/a><\/u><\/strong> &#8211; Nejlep\u0161\u00ed pro klidn\u011bj\u0161\u00ed, pohodovou dovolenou pro rodiny s autentick\u00fdm kouzlem.  <\/li>\n\n\n\n<li><strong><u><a href=\"https:\/\/www.checkedholidays.com\/cs\/guide\/ibiza-cs\/\" type=\"category\" id=\"633\">Ibiza<\/a><\/u><\/strong> &#8211; Nejlep\u0161\u00ed pro dosp\u011bl\u00e9, p\u00e1ry, no\u010dn\u00ed \u017eivot, pl\u00e1\u017eov\u00e9 kluby a stylov\u00e9 pr\u00e1zdninov\u00e9 destinace.<\/li>\n<\/ul>\n","protected":false},"excerpt":{"rendered":"<p>Najd\u011bte si ide\u00e1ln\u00ed dovolenou na \u0161pan\u011blsk\u00fdch ostrovech Skv\u011bl\u00e9 po cel\u00fd rok Nejlep\u0161\u00ed od kv\u011btna do \u0159\u00edjna<\/p>\n","protected":false},"author":1,"featured_media":0,"parent":0,"menu_order":0,"comment_status":"closed","ping_status":"closed","template":"","meta":{"_crdt_document":"","footnotes":""},"class_list":["post-32135","page","type-page","status-publish","hentry"],"yoast_head":"<!-- This site is optimized with the Yoast SEO plugin v27.2 - https:\/\/yoast.com\/product\/yoast-seo-wordpress\/ -->\n<title>Najd\u011bte si ide\u00e1ln\u00ed dovolenou na \u0161pan\u011blsk\u00fdch ostrovech<\/title>\n<meta name=\"description\" content=\"Objevte svou ide\u00e1ln\u00ed dovolenou na \u0161pan\u011blsk\u00fdch ostrovech pod veden\u00edm odborn\u00edka s v\u00edce ne\u017e 20 lety zku\u0161enost\u00ed.\" \/>\n<meta name=\"robots\" content=\"index, follow, max-snippet:-1, max-image-preview:large, max-video-preview:-1\" \/>\n<link rel=\"canonical\" href=\"https:\/\/www.checkedholidays.com\/cs\/\" \/>\n<meta property=\"og:locale\" content=\"cs_CZ\" \/>\n<meta property=\"og:type\" content=\"article\" \/>\n<meta property=\"og:title\" content=\"Najd\u011bte si ide\u00e1ln\u00ed dovolenou na \u0161pan\u011blsk\u00fdch ostrovech\" \/>\n<meta property=\"og:description\" content=\"Objevte svou ide\u00e1ln\u00ed dovolenou na \u0161pan\u011blsk\u00fdch ostrovech pod veden\u00edm odborn\u00edka s v\u00edce ne\u017e 20 lety zku\u0161enost\u00ed.\" \/>\n<meta property=\"og:url\" content=\"https:\/\/www.checkedholidays.com\/cs\/\" \/>\n<meta property=\"og:site_name\" content=\"CheckedHolidays\" \/>\n<meta property=\"article:publisher\" content=\"http:\/\/www.facebook.com\/checkedholidays\" \/>\n<meta property=\"article:modified_time\" content=\"2026-02-23T13:05:30+00:00\" \/>\n<meta name=\"twitter:card\" content=\"summary_large_image\" \/>\n<meta name=\"twitter:site\" content=\"@checkedholidays\" \/>\n<meta name=\"twitter:label1\" content=\"Odhadovan\u00e1 doba \u010dten\u00ed\" \/>\n\t<meta name=\"twitter:data1\" content=\"1 minuta\" \/>\n<script type=\"application\/ld+json\" class=\"yoast-schema-graph\">{\"@context\":\"https:\/\/schema.org\",\"@graph\":[{\"@type\":\"WebPage\",\"@id\":\"https:\/\/www.checkedholidays.com\/cs\/\",\"url\":\"https:\/\/www.checkedholidays.com\/cs\/\",\"name\":\"Najd\u011bte si ide\u00e1ln\u00ed dovolenou na \u0161pan\u011blsk\u00fdch ostrovech\",\"isPartOf\":{\"@id\":\"https:\/\/www.checkedholidays.com\/cs\/#website\"},\"datePublished\":\"2022-11-11T18:21:34+00:00\",\"dateModified\":\"2026-02-23T13:05:30+00:00\",\"description\":\"Objevte svou ide\u00e1ln\u00ed dovolenou na \u0161pan\u011blsk\u00fdch ostrovech pod veden\u00edm odborn\u00edka s v\u00edce ne\u017e 20 lety zku\u0161enost\u00ed.\",\"breadcrumb\":{\"@id\":\"https:\/\/www.checkedholidays.com\/cs\/#breadcrumb\"},\"inLanguage\":\"cs\",\"potentialAction\":[{\"@type\":\"ReadAction\",\"target\":[\"https:\/\/www.checkedholidays.com\/cs\/\"]}]},{\"@type\":\"BreadcrumbList\",\"@id\":\"https:\/\/www.checkedholidays.com\/cs\/#breadcrumb\",\"itemListElement\":[{\"@type\":\"ListItem\",\"position\":1,\"name\":\"Home\",\"item\":\"https:\/\/www.checkedholidays.com\/cs\/\"},{\"@type\":\"ListItem\",\"position\":2,\"name\":\"Domovsk\u00e1 str\u00e1nka\"}]},{\"@type\":\"WebSite\",\"@id\":\"https:\/\/www.checkedholidays.com\/cs\/#website\",\"url\":\"https:\/\/www.checkedholidays.com\/cs\/\",\"name\":\"CheckedHolidays\",\"description\":\"Spanish island holidays... but better!\",\"potentialAction\":[{\"@type\":\"SearchAction\",\"target\":{\"@type\":\"EntryPoint\",\"urlTemplate\":\"https:\/\/www.checkedholidays.com\/cs\/?s={search_term_string}\"},\"query-input\":{\"@type\":\"PropertyValueSpecification\",\"valueRequired\":true,\"valueName\":\"search_term_string\"}}],\"inLanguage\":\"cs\"}]}<\/script>\n<!-- \/ Yoast SEO plugin. -->","yoast_head_json":{"title":"Najd\u011bte si ide\u00e1ln\u00ed dovolenou na \u0161pan\u011blsk\u00fdch ostrovech","description":"Objevte svou ide\u00e1ln\u00ed dovolenou na \u0161pan\u011blsk\u00fdch ostrovech pod veden\u00edm odborn\u00edka s v\u00edce ne\u017e 20 lety zku\u0161enost\u00ed.","robots":{"index":"index","follow":"follow","max-snippet":"max-snippet:-1","max-image-preview":"max-image-preview:large","max-video-preview":"max-video-preview:-1"},"canonical":"https:\/\/www.checkedholidays.com\/cs\/","og_locale":"cs_CZ","og_type":"article","og_title":"Najd\u011bte si ide\u00e1ln\u00ed dovolenou na \u0161pan\u011blsk\u00fdch ostrovech","og_description":"Objevte svou ide\u00e1ln\u00ed dovolenou na \u0161pan\u011blsk\u00fdch ostrovech pod veden\u00edm odborn\u00edka s v\u00edce ne\u017e 20 lety zku\u0161enost\u00ed.","og_url":"https:\/\/www.checkedholidays.com\/cs\/","og_site_name":"CheckedHolidays","article_publisher":"http:\/\/www.facebook.com\/checkedholidays","article_modified_time":"2026-02-23T13:05:30+00:00","twitter_card":"summary_large_image","twitter_site":"@checkedholidays","twitter_misc":{"Odhadovan\u00e1 doba \u010dten\u00ed":"1 minuta"},"schema":{"@context":"https:\/\/schema.org","@graph":[{"@type":"WebPage","@id":"https:\/\/www.checkedholidays.com\/cs\/","url":"https:\/\/www.checkedholidays.com\/cs\/","name":"Najd\u011bte si ide\u00e1ln\u00ed dovolenou na \u0161pan\u011blsk\u00fdch ostrovech","isPartOf":{"@id":"https:\/\/www.checkedholidays.com\/cs\/#website"},"datePublished":"2022-11-11T18:21:34+00:00","dateModified":"2026-02-23T13:05:30+00:00","description":"Objevte svou ide\u00e1ln\u00ed dovolenou na \u0161pan\u011blsk\u00fdch ostrovech pod veden\u00edm odborn\u00edka s v\u00edce ne\u017e 20 lety zku\u0161enost\u00ed.","breadcrumb":{"@id":"https:\/\/www.checkedholidays.com\/cs\/#breadcrumb"},"inLanguage":"cs","potentialAction":[{"@type":"ReadAction","target":["https:\/\/www.checkedholidays.com\/cs\/"]}]},{"@type":"BreadcrumbList","@id":"https:\/\/www.checkedholidays.com\/cs\/#breadcrumb","itemListElement":[{"@type":"ListItem","position":1,"name":"Home","item":"https:\/\/www.checkedholidays.com\/cs\/"},{"@type":"ListItem","position":2,"name":"Domovsk\u00e1 str\u00e1nka"}]},{"@type":"WebSite","@id":"https:\/\/www.checkedholidays.com\/cs\/#website","url":"https:\/\/www.checkedholidays.com\/cs\/","name":"CheckedHolidays","description":"Spanish island holidays... but better!","potentialAction":[{"@type":"SearchAction","target":{"@type":"EntryPoint","urlTemplate":"https:\/\/www.checkedholidays.com\/cs\/?s={search_term_string}"},"query-input":{"@type":"PropertyValueSpecification","valueRequired":true,"valueName":"search_term_string"}}],"inLanguage":"cs"}]}},"jetpack_sharing_enabled":true,"_links":{"self":[{"href":"https:\/\/www.checkedholidays.com\/cs\/wp-json\/wp\/v2\/pages\/32135","targetHints":{"allow":["GET"]}}],"collection":[{"href":"https:\/\/www.checkedholidays.com\/cs\/wp-json\/wp\/v2\/pages"}],"about":[{"href":"https:\/\/www.checkedholidays.com\/cs\/wp-json\/wp\/v2\/types\/page"}],"author":[{"embeddable":true,"href":"https:\/\/www.checkedholidays.com\/cs\/wp-json\/wp\/v2\/users\/1"}],"replies":[{"embeddable":true,"href":"https:\/\/www.checkedholidays.com\/cs\/wp-json\/wp\/v2\/comments?post=32135"}],"version-history":[{"count":5,"href":"https:\/\/www.checkedholidays.com\/cs\/wp-json\/wp\/v2\/pages\/32135\/revisions"}],"predecessor-version":[{"id":113845,"href":"https:\/\/www.checkedholidays.com\/cs\/wp-json\/wp\/v2\/pages\/32135\/revisions\/113845"}],"wp:attachment":[{"href":"https:\/\/www.checkedholidays.com\/cs\/wp-json\/wp\/v2\/media?parent=32135"}],"curies":[{"name":"wp","href":"https:\/\/api.w.org\/{rel}","templated":true}]}}