{"id":29016,"date":"2022-10-19T11:40:34","date_gmt":"2022-10-19T11:40:34","guid":{"rendered":"https:\/\/www.checkedholidays.com\/cookie-policy\/"},"modified":"2025-03-17T09:55:18","modified_gmt":"2025-03-17T09:55:18","slug":"cookie-policy","status":"publish","type":"page","link":"https:\/\/www.checkedholidays.com\/cs\/cookie-policy\/","title":{"rendered":"Z\u00e1sady pou\u017e\u00edv\u00e1n\u00ed soubor\u016f cookie"},"content":{"rendered":"\n<h2 class=\"wp-block-heading\">Co jsou to soubory cookie?<\/h2>\n\n<p class=\"wp-block-paragraph\">Tyto z\u00e1sady pou\u017e\u00edv\u00e1n\u00ed soubor\u016f cookie vysv\u011btluj\u00ed, co jsou to soubory cookie a jak je pou\u017e\u00edv\u00e1me, jak\u00e9 typy soubor\u016f cookie pou\u017e\u00edv\u00e1me, tj. jak\u00e9 informace pomoc\u00ed soubor\u016f cookie shroma\u017e\u010fujeme a jak je pou\u017e\u00edv\u00e1me, a jak spravovat nastaven\u00ed soubor\u016f cookie.<\/p>\n\n<p class=\"wp-block-paragraph\">Soubory cookie jsou mal\u00e9 textov\u00e9 soubory, kter\u00e9 slou\u017e\u00ed k ukl\u00e1d\u00e1n\u00ed mal\u00fdch informac\u00ed. Jsou ulo\u017eeny ve va\u0161em za\u0159\u00edzen\u00ed p\u0159i na\u010dten\u00ed webov\u00e9 str\u00e1nky v prohl\u00ed\u017ee\u010di. Tyto soubory cookie n\u00e1m pom\u00e1haj\u00ed zajistit spr\u00e1vn\u00e9 fungov\u00e1n\u00ed webov\u00fdch str\u00e1nek, zv\u00fd\u0161it jejich bezpe\u010dnost, poskytnout lep\u0161\u00ed u\u017eivatelsk\u00fd komfort a porozum\u011bt tomu, jak webov\u00e9 str\u00e1nky funguj\u00ed, a analyzovat, co funguje a kde je t\u0159eba zlep\u0161en\u00ed.<\/p>\n\n<h2 class=\"wp-block-heading\">Jak pou\u017e\u00edv\u00e1me soubory cookie?<\/h2>\n\n<p class=\"wp-block-paragraph\">Stejn\u011b jako v\u011bt\u0161ina online slu\u017eeb i na\u0161e webov\u00e9 str\u00e1nky pou\u017e\u00edvaj\u00ed soubory cookie prvn\u00ed strany a t\u0159et\u00edch stran k n\u011bkolika \u00fa\u010del\u016fm. Soubory cookie prvn\u00ed strany jsou v\u011bt\u0161inou nezbytn\u00e9 pro spr\u00e1vn\u00e9 fungov\u00e1n\u00ed webov\u00fdch str\u00e1nek a neshroma\u017e\u010fuj\u00ed \u017e\u00e1dn\u00e9 va\u0161e osobn\u00ed \u00fadaje.<\/p>\n\n<p class=\"wp-block-paragraph\">Soubory cookie t\u0159et\u00edch stran pou\u017e\u00edvan\u00e9 na na\u0161ich webov\u00fdch str\u00e1nk\u00e1ch slou\u017e\u00ed p\u0159edev\u0161\u00edm k pochopen\u00ed toho, jak webov\u00e9 str\u00e1nky funguj\u00ed, jak s nimi komunikujete, k zaji\u0161t\u011bn\u00ed bezpe\u010dnosti na\u0161ich slu\u017eeb, k poskytov\u00e1n\u00ed pro v\u00e1s relevantn\u00edch reklam a celkov\u011b k zaji\u0161t\u011bn\u00ed lep\u0161\u00edho a kvalitn\u011bj\u0161\u00edho u\u017eivatelsk\u00e9ho z\u00e1\u017eitku a k urychlen\u00ed va\u0161ich budouc\u00edch interakc\u00ed s na\u0161imi webov\u00fdmi str\u00e1nkami.<\/p>\n\n<h2 class=\"wp-block-heading\">Typy soubor\u016f cookie, kter\u00e9 pou\u017e\u00edv\u00e1me<\/h2>\n\n<style>\n    a.cky-banner-element {\n        padding: 8px 30px;\n        background: #F8F9FA;\n        color: #858A8F;\n        border: 1px solid #DEE2E6;\n        box-sizing: border-box;\n        border-radius: 2px;\n        cursor: pointer;\n}\n<\/style>\n\n    <div class=\"cky-audit-table-element\"><\/div>\n\n<h2 class=\"wp-block-heading\">Spr\u00e1va p\u0159edvoleb soubor\u016f cookie<\/h2>\n\n<a class=\"cky-banner-element\">Nastaven\u00ed soubor\u016f cookie<\/a> <br\/>\n<p>\n<\/p>\n<p class=\"wp-block-paragraph\">P\u0159edvolby soubor\u016f cookie m\u016f\u017eete kdykoli zm\u011bnit kliknut\u00edm na v\u00fd\u0161e uveden\u00e9 tla\u010d\u00edtko. To v\u00e1m umo\u017en\u00ed znovu nav\u0161t\u00edvit banner se souhlasem se soubory cookie a zm\u011bnit sv\u00e9 preference nebo souhlas rovnou odvolat.   <\/p>\n\n<p class=\"wp-block-paragraph\">Krom\u011b toho r\u016fzn\u00e9 prohl\u00ed\u017ee\u010de poskytuj\u00ed r\u016fzn\u00e9 metody blokov\u00e1n\u00ed a maz\u00e1n\u00ed soubor\u016f cookie pou\u017e\u00edvan\u00fdch webov\u00fdmi str\u00e1nkami. Nastaven\u00ed prohl\u00ed\u017ee\u010de m\u016f\u017eete zm\u011bnit tak, abyste soubory cookie zablokovali nebo vymazali.  <\/p>\n","protected":false},"excerpt":{"rendered":"<p>Co jsou to soubory cookie? Tyto z\u00e1sady pou\u017e\u00edv\u00e1n\u00ed soubor\u016f cookie vysv\u011btluj\u00ed, co jsou to soubory cookie a jak je pou\u017e\u00edv\u00e1me, jak\u00e9 typy soubor\u016f cookie pou\u017e\u00edv\u00e1me, tj. jak\u00e9 informace pomoc\u00ed soubor\u016f cookie shroma\u017e\u010fujeme a jak je pou\u017e\u00edv\u00e1me, a jak spravovat nastaven\u00ed soubor\u016f cookie. Soubory cookie jsou mal\u00e9 textov\u00e9 soubory, kter\u00e9 slou\u017e\u00ed k ukl\u00e1d\u00e1n\u00ed mal\u00fdch informac\u00ed. Jsou [&hellip;]<\/p>\n","protected":false},"author":1,"featured_media":0,"parent":0,"menu_order":0,"comment_status":"closed","ping_status":"closed","template":"","meta":{"_crdt_document":"","footnotes":""},"class_list":["post-29016","page","type-page","status-publish","hentry"],"yoast_head":"<!-- This site is optimized with the Yoast SEO plugin v27.2 - https:\/\/yoast.com\/product\/yoast-seo-wordpress\/ -->\n<title>Z\u00e1sady pou\u017e\u00edv\u00e1n\u00ed soubor\u016f cookie<\/title>\n<meta name=\"robots\" content=\"index, follow, max-snippet:-1, max-image-preview:large, max-video-preview:-1\" \/>\n<link rel=\"canonical\" href=\"https:\/\/www.checkedholidays.com\/cs\/cookie-policy\/\" \/>\n<meta property=\"og:locale\" content=\"cs_CZ\" \/>\n<meta property=\"og:type\" content=\"article\" \/>\n<meta property=\"og:title\" content=\"Z\u00e1sady pou\u017e\u00edv\u00e1n\u00ed soubor\u016f cookie\" \/>\n<meta property=\"og:description\" content=\"Co jsou to soubory cookie? Tyto z\u00e1sady pou\u017e\u00edv\u00e1n\u00ed soubor\u016f cookie vysv\u011btluj\u00ed, co jsou to soubory cookie a jak je pou\u017e\u00edv\u00e1me, jak\u00e9 typy soubor\u016f cookie pou\u017e\u00edv\u00e1me, tj. jak\u00e9 informace pomoc\u00ed soubor\u016f cookie shroma\u017e\u010fujeme a jak je pou\u017e\u00edv\u00e1me, a jak spravovat nastaven\u00ed soubor\u016f cookie. Soubory cookie jsou mal\u00e9 textov\u00e9 soubory, kter\u00e9 slou\u017e\u00ed k ukl\u00e1d\u00e1n\u00ed mal\u00fdch informac\u00ed. Jsou [&hellip;]\" \/>\n<meta property=\"og:url\" content=\"https:\/\/www.checkedholidays.com\/cs\/cookie-policy\/\" \/>\n<meta property=\"og:site_name\" content=\"CheckedHolidays\" \/>\n<meta property=\"article:publisher\" content=\"http:\/\/www.facebook.com\/checkedholidays\" \/>\n<meta property=\"article:modified_time\" content=\"2025-03-17T09:55:18+00:00\" \/>\n<meta name=\"twitter:card\" content=\"summary_large_image\" \/>\n<meta name=\"twitter:site\" content=\"@checkedholidays\" \/>\n<meta name=\"twitter:label1\" content=\"Odhadovan\u00e1 doba \u010dten\u00ed\" \/>\n\t<meta name=\"twitter:data1\" content=\"2 minuty\" \/>\n<script type=\"application\/ld+json\" class=\"yoast-schema-graph\">{\"@context\":\"https:\/\/schema.org\",\"@graph\":[{\"@type\":\"WebPage\",\"@id\":\"https:\/\/www.checkedholidays.com\/cs\/cookie-policy\/\",\"url\":\"https:\/\/www.checkedholidays.com\/cs\/cookie-policy\/\",\"name\":\"Z\u00e1sady pou\u017e\u00edv\u00e1n\u00ed soubor\u016f cookie\",\"isPartOf\":{\"@id\":\"https:\/\/www.checkedholidays.com\/cs\/#website\"},\"datePublished\":\"2022-10-19T11:40:34+00:00\",\"dateModified\":\"2025-03-17T09:55:18+00:00\",\"breadcrumb\":{\"@id\":\"https:\/\/www.checkedholidays.com\/cs\/cookie-policy\/#breadcrumb\"},\"inLanguage\":\"cs\",\"potentialAction\":[{\"@type\":\"ReadAction\",\"target\":[\"https:\/\/www.checkedholidays.com\/cs\/cookie-policy\/\"]}]},{\"@type\":\"BreadcrumbList\",\"@id\":\"https:\/\/www.checkedholidays.com\/cs\/cookie-policy\/#breadcrumb\",\"itemListElement\":[{\"@type\":\"ListItem\",\"position\":1,\"name\":\"Home\",\"item\":\"https:\/\/www.checkedholidays.com\/cs\/\"},{\"@type\":\"ListItem\",\"position\":2,\"name\":\"Z\u00e1sady pou\u017e\u00edv\u00e1n\u00ed soubor\u016f cookie\"}]},{\"@type\":\"WebSite\",\"@id\":\"https:\/\/www.checkedholidays.com\/cs\/#website\",\"url\":\"https:\/\/www.checkedholidays.com\/cs\/\",\"name\":\"CheckedHolidays\",\"description\":\"Spanish island holidays... but better!\",\"potentialAction\":[{\"@type\":\"SearchAction\",\"target\":{\"@type\":\"EntryPoint\",\"urlTemplate\":\"https:\/\/www.checkedholidays.com\/cs\/?s={search_term_string}\"},\"query-input\":{\"@type\":\"PropertyValueSpecification\",\"valueRequired\":true,\"valueName\":\"search_term_string\"}}],\"inLanguage\":\"cs\"}]}<\/script>\n<!-- \/ Yoast SEO plugin. -->","yoast_head_json":{"title":"Z\u00e1sady pou\u017e\u00edv\u00e1n\u00ed soubor\u016f cookie","robots":{"index":"index","follow":"follow","max-snippet":"max-snippet:-1","max-image-preview":"max-image-preview:large","max-video-preview":"max-video-preview:-1"},"canonical":"https:\/\/www.checkedholidays.com\/cs\/cookie-policy\/","og_locale":"cs_CZ","og_type":"article","og_title":"Z\u00e1sady pou\u017e\u00edv\u00e1n\u00ed soubor\u016f cookie","og_description":"Co jsou to soubory cookie? Tyto z\u00e1sady pou\u017e\u00edv\u00e1n\u00ed soubor\u016f cookie vysv\u011btluj\u00ed, co jsou to soubory cookie a jak je pou\u017e\u00edv\u00e1me, jak\u00e9 typy soubor\u016f cookie pou\u017e\u00edv\u00e1me, tj. jak\u00e9 informace pomoc\u00ed soubor\u016f cookie shroma\u017e\u010fujeme a jak je pou\u017e\u00edv\u00e1me, a jak spravovat nastaven\u00ed soubor\u016f cookie. Soubory cookie jsou mal\u00e9 textov\u00e9 soubory, kter\u00e9 slou\u017e\u00ed k ukl\u00e1d\u00e1n\u00ed mal\u00fdch informac\u00ed. Jsou [&hellip;]","og_url":"https:\/\/www.checkedholidays.com\/cs\/cookie-policy\/","og_site_name":"CheckedHolidays","article_publisher":"http:\/\/www.facebook.com\/checkedholidays","article_modified_time":"2025-03-17T09:55:18+00:00","twitter_card":"summary_large_image","twitter_site":"@checkedholidays","twitter_misc":{"Odhadovan\u00e1 doba \u010dten\u00ed":"2 minuty"},"schema":{"@context":"https:\/\/schema.org","@graph":[{"@type":"WebPage","@id":"https:\/\/www.checkedholidays.com\/cs\/cookie-policy\/","url":"https:\/\/www.checkedholidays.com\/cs\/cookie-policy\/","name":"Z\u00e1sady pou\u017e\u00edv\u00e1n\u00ed soubor\u016f cookie","isPartOf":{"@id":"https:\/\/www.checkedholidays.com\/cs\/#website"},"datePublished":"2022-10-19T11:40:34+00:00","dateModified":"2025-03-17T09:55:18+00:00","breadcrumb":{"@id":"https:\/\/www.checkedholidays.com\/cs\/cookie-policy\/#breadcrumb"},"inLanguage":"cs","potentialAction":[{"@type":"ReadAction","target":["https:\/\/www.checkedholidays.com\/cs\/cookie-policy\/"]}]},{"@type":"BreadcrumbList","@id":"https:\/\/www.checkedholidays.com\/cs\/cookie-policy\/#breadcrumb","itemListElement":[{"@type":"ListItem","position":1,"name":"Home","item":"https:\/\/www.checkedholidays.com\/cs\/"},{"@type":"ListItem","position":2,"name":"Z\u00e1sady pou\u017e\u00edv\u00e1n\u00ed soubor\u016f cookie"}]},{"@type":"WebSite","@id":"https:\/\/www.checkedholidays.com\/cs\/#website","url":"https:\/\/www.checkedholidays.com\/cs\/","name":"CheckedHolidays","description":"Spanish island holidays... but better!","potentialAction":[{"@type":"SearchAction","target":{"@type":"EntryPoint","urlTemplate":"https:\/\/www.checkedholidays.com\/cs\/?s={search_term_string}"},"query-input":{"@type":"PropertyValueSpecification","valueRequired":true,"valueName":"search_term_string"}}],"inLanguage":"cs"}]}},"jetpack_sharing_enabled":true,"_links":{"self":[{"href":"https:\/\/www.checkedholidays.com\/cs\/wp-json\/wp\/v2\/pages\/29016","targetHints":{"allow":["GET"]}}],"collection":[{"href":"https:\/\/www.checkedholidays.com\/cs\/wp-json\/wp\/v2\/pages"}],"about":[{"href":"https:\/\/www.checkedholidays.com\/cs\/wp-json\/wp\/v2\/types\/page"}],"author":[{"embeddable":true,"href":"https:\/\/www.checkedholidays.com\/cs\/wp-json\/wp\/v2\/users\/1"}],"replies":[{"embeddable":true,"href":"https:\/\/www.checkedholidays.com\/cs\/wp-json\/wp\/v2\/comments?post=29016"}],"version-history":[{"count":2,"href":"https:\/\/www.checkedholidays.com\/cs\/wp-json\/wp\/v2\/pages\/29016\/revisions"}],"predecessor-version":[{"id":103221,"href":"https:\/\/www.checkedholidays.com\/cs\/wp-json\/wp\/v2\/pages\/29016\/revisions\/103221"}],"wp:attachment":[{"href":"https:\/\/www.checkedholidays.com\/cs\/wp-json\/wp\/v2\/media?parent=29016"}],"curies":[{"name":"wp","href":"https:\/\/api.w.org\/{rel}","templated":true}]}}