{"id":28962,"date":"2022-10-19T11:37:51","date_gmt":"2022-10-19T11:37:51","guid":{"rendered":"https:\/\/www.checkedholidays.com\/about\/"},"modified":"2022-10-19T11:37:54","modified_gmt":"2022-10-19T11:37:54","slug":"about","status":"publish","type":"page","link":"https:\/\/www.checkedholidays.com\/cs\/about\/","title":{"rendered":"O mn\u011b"},"content":{"rendered":"\n<p class=\"has-text-align-left wp-block-paragraph\">Ano, CheckHolidays jsem j\u00e1, oby\u010dejn\u00fd \u010dlov\u011bk z re\u00e1ln\u00e9ho \u017eivota&#8230; m\u00e9 skute\u010dn\u00e9 jm\u00e9no je Ive. V\u0161echny sv\u00e9 pr\u016fvodce na dovolenou (z 99 %) p\u00ed\u0161u, nat\u00e1\u010d\u00edm, st\u0159\u00edh\u00e1m, vytv\u00e1\u0159\u00edm a vyd\u00e1v\u00e1m s\u00e1m. Ale kdy\u017e jsem za\u010d\u00ednal, cht\u011bl jsem jm\u00e9no, kter\u00e9 by vypadalo &#8220;profesion\u00e1ln\u011b&#8221;&#8230; te\u010f jsem se s n\u00edm zasekl. Na t\u00e9to str\u00e1nce v\u00e1m chci o sob\u011b \u0159\u00edct n\u011bco v\u00edc a uk\u00e1zat v\u00e1m, \u017ee jsem oby\u010dejn\u00fd \u010dlov\u011bk, kter\u00fd se vlivem okolnost\u00ed stal jedn\u00edm z nejv\u00fdznamn\u011bj\u0161\u00edch poradc\u016f pro dovolenou na \u0161pan\u011blsk\u00fdch ostrovech.  <\/p>\n<div class=\"wp-block-image\">\n<figure class=\"aligncenter is-resized\"><img loading=\"lazy\" decoding=\"async\" src=\"https:\/\/i1.wp.com\/www.checkedholidays.com\/wp-content\/uploads\/2019\/03\/IMG_20141017_152816-MOTION.gif?fit=768%2C1024&amp;ssl=1\" alt=\"\" class=\"wp-image-3075\" width=\"384\" height=\"512\"\/><figcaption class=\"wp-element-caption\">15 let ve \u0160pan\u011blsku: N\u00e1hodn\u00e9 plav\u00e1n\u00ed<\/figcaption><\/figure>\n<\/div>\n<p class=\"has-text-align-left wp-block-paragraph\">To v\u0161e za\u010dalo po v\u00edce ne\u017e 15 letech \u017eivota a pr\u00e1ce po cel\u00e9m \u0160pan\u011blsku jako hotelov\u00fd bavi\u010d, barman, kameraman a zvuka\u0159. Ale po mnoha letech, kdy jsem vykon\u00e1val r\u016fzn\u00e1 zam\u011bstn\u00e1n\u00ed na \u0161pan\u011blsk\u00fdch ostrovech, jsem m\u011bl pot\u00ed\u017ee naj\u00edt n\u011bco, co by m\u011b bavilo a co bych d\u011blal r\u00e1d.<\/p>\n\n<p class=\"has-text-align-left wp-block-paragraph\">Tak jsem si sedl a sna\u017eil se zjistit, co m\u011b bav\u00ed. Kdy\u017e jsem se ohl\u00e9dl za prac\u00ed, kterou jsem u\u017e d\u011blal, p\u0159i\u0161el jsem na dv\u011b v\u011bci, kter\u00e9 m\u011b opravdu bavily. Ty lidem poskytovaly skv\u011blou dovolenou a vytv\u00e1\u0159ely v\u011bci. Oboj\u00ed jsem d\u011blal ve sv\u00fdch p\u0159edchoz\u00edch zam\u011bstn\u00e1n\u00edch, ale samoz\u0159ejm\u011b jsem nemohl pracovat jako hotelov\u00fd bavi\u010d 30+ v\u011b\u010dn\u011b. Po n\u011bjak\u00e9 dob\u011b to za\u010dne b\u00fdt divn\u00e9. Rozhodl jsem se tedy, \u017ee na sv\u00e9m kan\u00e1lu na YouTube budu m\u00edt v t\u00e9 dob\u011b jen 5 vide\u00ed o Mallorce, abych zjistil, jestli to bude fungovat, nebo ne.<\/p>\n\n<p class=\"has-text-align-left wp-block-paragraph\">Trvalo to n\u011bkolik let, ale v sou\u010dasn\u00e9 dob\u011b (2022) pom\u00e1h\u00e1m v\u00edce ne\u017e dv\u011bma milion\u016fm lid\u00ed. <strong>\n  <u>4 miliony lid\u00ed ro\u010dn\u011b s<\/u>\n  <span style=\"text-decoration: underline;\">na dovolen\u00e9 ve \u0160pan\u011blsku.<\/span>\n<\/strong> To je sice skv\u011bl\u00e9, ale pro m\u011b to nen\u00ed o \u010d\u00edslech. Jde o poskytov\u00e1n\u00ed poctiv\u00fdch rad ohledn\u011b dovolen\u00e9, kter\u00e9 se na internetu t\u011b\u017eko hledaj\u00ed. V\u011bt\u0161ina str\u00e1nek je od cestovn\u00edch kancel\u00e1\u0159\u00ed, blogerek nebo instagramov\u00fdch modelek, kter\u00e9 cht\u011bj\u00ed, aby v\u0161e vypadalo dokonale, j\u00e1 se sna\u017e\u00edm o prav\u00fd opak. Uk\u00e1\u017eu v\u00e1m ho tak, jak je, abyste se mohli rozhodnout, zda je pro v\u00e1s vhodn\u00fd, nebo ne.  <\/p>\n","protected":false},"excerpt":{"rendered":"<p>Ano, CheckHolidays jsem j\u00e1, oby\u010dejn\u00fd \u010dlov\u011bk z re\u00e1ln\u00e9ho \u017eivota&#8230; m\u00e9 skute\u010dn\u00e9 jm\u00e9no je Ive. V\u0161echny sv\u00e9 pr\u016fvodce na dovolenou (z 99 %) p\u00ed\u0161u, nat\u00e1\u010d\u00edm, st\u0159\u00edh\u00e1m, vytv\u00e1\u0159\u00edm a vyd\u00e1v\u00e1m s\u00e1m. Ale kdy\u017e jsem za\u010d\u00ednal, cht\u011bl jsem jm\u00e9no, kter\u00e9 by vypadalo &#8220;profesion\u00e1ln\u011b&#8221;&#8230; te\u010f jsem se s n\u00edm zasekl. Na t\u00e9to str\u00e1nce v\u00e1m chci o sob\u011b \u0159\u00edct n\u011bco [&hellip;]<\/p>\n","protected":false},"author":1,"featured_media":26679,"parent":0,"menu_order":0,"comment_status":"closed","ping_status":"closed","template":"template-authors.php","meta":{"_crdt_document":"","footnotes":""},"class_list":["post-28962","page","type-page","status-publish","has-post-thumbnail","hentry"],"yoast_head":"<!-- This site is optimized with the Yoast SEO plugin v27.2 - https:\/\/yoast.com\/product\/yoast-seo-wordpress\/ -->\n<title>O mn\u011b<\/title>\n<meta name=\"robots\" content=\"index, follow, max-snippet:-1, max-image-preview:large, max-video-preview:-1\" \/>\n<link rel=\"canonical\" href=\"https:\/\/www.checkedholidays.com\/cs\/about\/\" \/>\n<meta property=\"og:locale\" content=\"cs_CZ\" \/>\n<meta property=\"og:type\" content=\"article\" \/>\n<meta property=\"og:title\" content=\"O mn\u011b\" \/>\n<meta property=\"og:description\" content=\"Ano, CheckHolidays jsem j\u00e1, oby\u010dejn\u00fd \u010dlov\u011bk z re\u00e1ln\u00e9ho \u017eivota&#8230; m\u00e9 skute\u010dn\u00e9 jm\u00e9no je Ive. V\u0161echny sv\u00e9 pr\u016fvodce na dovolenou (z 99 %) p\u00ed\u0161u, nat\u00e1\u010d\u00edm, st\u0159\u00edh\u00e1m, vytv\u00e1\u0159\u00edm a vyd\u00e1v\u00e1m s\u00e1m. Ale kdy\u017e jsem za\u010d\u00ednal, cht\u011bl jsem jm\u00e9no, kter\u00e9 by vypadalo &#8220;profesion\u00e1ln\u011b&#8221;&#8230; te\u010f jsem se s n\u00edm zasekl. Na t\u00e9to str\u00e1nce v\u00e1m chci o sob\u011b \u0159\u00edct n\u011bco [&hellip;]\" \/>\n<meta property=\"og:url\" content=\"https:\/\/www.checkedholidays.com\/cs\/about\/\" \/>\n<meta property=\"og:site_name\" content=\"CheckedHolidays\" \/>\n<meta property=\"article:publisher\" content=\"http:\/\/www.facebook.com\/checkedholidays\" \/>\n<meta property=\"article:modified_time\" content=\"2022-10-19T11:37:54+00:00\" \/>\n<meta property=\"og:image\" content=\"https:\/\/i0.wp.com\/www.checkedholidays.com\/wp-content\/uploads\/2018\/12\/IMG_20141011_135122-600x450.jpg?fit=600%2C450&ssl=1\" \/>\n\t<meta property=\"og:image:width\" content=\"600\" \/>\n\t<meta property=\"og:image:height\" content=\"450\" \/>\n\t<meta property=\"og:image:type\" content=\"image\/jpeg\" \/>\n<meta name=\"twitter:card\" content=\"summary_large_image\" \/>\n<meta name=\"twitter:site\" content=\"@checkedholidays\" \/>\n<meta name=\"twitter:label1\" content=\"Odhadovan\u00e1 doba \u010dten\u00ed\" \/>\n\t<meta name=\"twitter:data1\" content=\"2 minuty\" \/>\n<script type=\"application\/ld+json\" class=\"yoast-schema-graph\">{\"@context\":\"https:\/\/schema.org\",\"@graph\":[{\"@type\":\"WebPage\",\"@id\":\"https:\/\/www.checkedholidays.com\/cs\/about\/\",\"url\":\"https:\/\/www.checkedholidays.com\/cs\/about\/\",\"name\":\"O mn\u011b\",\"isPartOf\":{\"@id\":\"https:\/\/www.checkedholidays.com\/cs\/#website\"},\"primaryImageOfPage\":{\"@id\":\"https:\/\/www.checkedholidays.com\/cs\/about\/#primaryimage\"},\"image\":{\"@id\":\"https:\/\/www.checkedholidays.com\/cs\/about\/#primaryimage\"},\"thumbnailUrl\":\"https:\/\/i0.wp.com\/www.checkedholidays.com\/wp-content\/uploads\/2018\/12\/IMG_20141011_135122-600x450.jpg?fit=600%2C450&ssl=1\",\"datePublished\":\"2022-10-19T11:37:51+00:00\",\"dateModified\":\"2022-10-19T11:37:54+00:00\",\"breadcrumb\":{\"@id\":\"https:\/\/www.checkedholidays.com\/cs\/about\/#breadcrumb\"},\"inLanguage\":\"cs\",\"potentialAction\":[{\"@type\":\"ReadAction\",\"target\":[\"https:\/\/www.checkedholidays.com\/cs\/about\/\"]}]},{\"@type\":\"ImageObject\",\"inLanguage\":\"cs\",\"@id\":\"https:\/\/www.checkedholidays.com\/cs\/about\/#primaryimage\",\"url\":\"https:\/\/i0.wp.com\/www.checkedholidays.com\/wp-content\/uploads\/2018\/12\/IMG_20141011_135122-600x450.jpg?fit=600%2C450&ssl=1\",\"contentUrl\":\"https:\/\/i0.wp.com\/www.checkedholidays.com\/wp-content\/uploads\/2018\/12\/IMG_20141011_135122-600x450.jpg?fit=600%2C450&ssl=1\",\"width\":600,\"height\":450},{\"@type\":\"BreadcrumbList\",\"@id\":\"https:\/\/www.checkedholidays.com\/cs\/about\/#breadcrumb\",\"itemListElement\":[{\"@type\":\"ListItem\",\"position\":1,\"name\":\"Home\",\"item\":\"https:\/\/www.checkedholidays.com\/cs\/\"},{\"@type\":\"ListItem\",\"position\":2,\"name\":\"O mn\u011b\"}]},{\"@type\":\"WebSite\",\"@id\":\"https:\/\/www.checkedholidays.com\/cs\/#website\",\"url\":\"https:\/\/www.checkedholidays.com\/cs\/\",\"name\":\"CheckedHolidays\",\"description\":\"Spanish island holidays... but better!\",\"potentialAction\":[{\"@type\":\"SearchAction\",\"target\":{\"@type\":\"EntryPoint\",\"urlTemplate\":\"https:\/\/www.checkedholidays.com\/cs\/?s={search_term_string}\"},\"query-input\":{\"@type\":\"PropertyValueSpecification\",\"valueRequired\":true,\"valueName\":\"search_term_string\"}}],\"inLanguage\":\"cs\"}]}<\/script>\n<!-- \/ Yoast SEO plugin. -->","yoast_head_json":{"title":"O mn\u011b","robots":{"index":"index","follow":"follow","max-snippet":"max-snippet:-1","max-image-preview":"max-image-preview:large","max-video-preview":"max-video-preview:-1"},"canonical":"https:\/\/www.checkedholidays.com\/cs\/about\/","og_locale":"cs_CZ","og_type":"article","og_title":"O mn\u011b","og_description":"Ano, CheckHolidays jsem j\u00e1, oby\u010dejn\u00fd \u010dlov\u011bk z re\u00e1ln\u00e9ho \u017eivota&#8230; m\u00e9 skute\u010dn\u00e9 jm\u00e9no je Ive. V\u0161echny sv\u00e9 pr\u016fvodce na dovolenou (z 99 %) p\u00ed\u0161u, nat\u00e1\u010d\u00edm, st\u0159\u00edh\u00e1m, vytv\u00e1\u0159\u00edm a vyd\u00e1v\u00e1m s\u00e1m. Ale kdy\u017e jsem za\u010d\u00ednal, cht\u011bl jsem jm\u00e9no, kter\u00e9 by vypadalo &#8220;profesion\u00e1ln\u011b&#8221;&#8230; te\u010f jsem se s n\u00edm zasekl. Na t\u00e9to str\u00e1nce v\u00e1m chci o sob\u011b \u0159\u00edct n\u011bco [&hellip;]","og_url":"https:\/\/www.checkedholidays.com\/cs\/about\/","og_site_name":"CheckedHolidays","article_publisher":"http:\/\/www.facebook.com\/checkedholidays","article_modified_time":"2022-10-19T11:37:54+00:00","og_image":[{"width":600,"height":450,"url":"https:\/\/i0.wp.com\/www.checkedholidays.com\/wp-content\/uploads\/2018\/12\/IMG_20141011_135122-600x450.jpg?fit=600%2C450&ssl=1","type":"image\/jpeg"}],"twitter_card":"summary_large_image","twitter_site":"@checkedholidays","twitter_misc":{"Odhadovan\u00e1 doba \u010dten\u00ed":"2 minuty"},"schema":{"@context":"https:\/\/schema.org","@graph":[{"@type":"WebPage","@id":"https:\/\/www.checkedholidays.com\/cs\/about\/","url":"https:\/\/www.checkedholidays.com\/cs\/about\/","name":"O mn\u011b","isPartOf":{"@id":"https:\/\/www.checkedholidays.com\/cs\/#website"},"primaryImageOfPage":{"@id":"https:\/\/www.checkedholidays.com\/cs\/about\/#primaryimage"},"image":{"@id":"https:\/\/www.checkedholidays.com\/cs\/about\/#primaryimage"},"thumbnailUrl":"https:\/\/i0.wp.com\/www.checkedholidays.com\/wp-content\/uploads\/2018\/12\/IMG_20141011_135122-600x450.jpg?fit=600%2C450&ssl=1","datePublished":"2022-10-19T11:37:51+00:00","dateModified":"2022-10-19T11:37:54+00:00","breadcrumb":{"@id":"https:\/\/www.checkedholidays.com\/cs\/about\/#breadcrumb"},"inLanguage":"cs","potentialAction":[{"@type":"ReadAction","target":["https:\/\/www.checkedholidays.com\/cs\/about\/"]}]},{"@type":"ImageObject","inLanguage":"cs","@id":"https:\/\/www.checkedholidays.com\/cs\/about\/#primaryimage","url":"https:\/\/i0.wp.com\/www.checkedholidays.com\/wp-content\/uploads\/2018\/12\/IMG_20141011_135122-600x450.jpg?fit=600%2C450&ssl=1","contentUrl":"https:\/\/i0.wp.com\/www.checkedholidays.com\/wp-content\/uploads\/2018\/12\/IMG_20141011_135122-600x450.jpg?fit=600%2C450&ssl=1","width":600,"height":450},{"@type":"BreadcrumbList","@id":"https:\/\/www.checkedholidays.com\/cs\/about\/#breadcrumb","itemListElement":[{"@type":"ListItem","position":1,"name":"Home","item":"https:\/\/www.checkedholidays.com\/cs\/"},{"@type":"ListItem","position":2,"name":"O mn\u011b"}]},{"@type":"WebSite","@id":"https:\/\/www.checkedholidays.com\/cs\/#website","url":"https:\/\/www.checkedholidays.com\/cs\/","name":"CheckedHolidays","description":"Spanish island holidays... but better!","potentialAction":[{"@type":"SearchAction","target":{"@type":"EntryPoint","urlTemplate":"https:\/\/www.checkedholidays.com\/cs\/?s={search_term_string}"},"query-input":{"@type":"PropertyValueSpecification","valueRequired":true,"valueName":"search_term_string"}}],"inLanguage":"cs"}]}},"jetpack_sharing_enabled":true,"_links":{"self":[{"href":"https:\/\/www.checkedholidays.com\/cs\/wp-json\/wp\/v2\/pages\/28962","targetHints":{"allow":["GET"]}}],"collection":[{"href":"https:\/\/www.checkedholidays.com\/cs\/wp-json\/wp\/v2\/pages"}],"about":[{"href":"https:\/\/www.checkedholidays.com\/cs\/wp-json\/wp\/v2\/types\/page"}],"author":[{"embeddable":true,"href":"https:\/\/www.checkedholidays.com\/cs\/wp-json\/wp\/v2\/users\/1"}],"replies":[{"embeddable":true,"href":"https:\/\/www.checkedholidays.com\/cs\/wp-json\/wp\/v2\/comments?post=28962"}],"version-history":[{"count":1,"href":"https:\/\/www.checkedholidays.com\/cs\/wp-json\/wp\/v2\/pages\/28962\/revisions"}],"predecessor-version":[{"id":28963,"href":"https:\/\/www.checkedholidays.com\/cs\/wp-json\/wp\/v2\/pages\/28962\/revisions\/28963"}],"wp:featuredmedia":[{"embeddable":true,"href":"https:\/\/www.checkedholidays.com\/cs\/wp-json\/wp\/v2\/media\/26679"}],"wp:attachment":[{"href":"https:\/\/www.checkedholidays.com\/cs\/wp-json\/wp\/v2\/media?parent=28962"}],"curies":[{"name":"wp","href":"https:\/\/api.w.org\/{rel}","templated":true}]}}