{"id":28942,"date":"2022-10-19T11:36:47","date_gmt":"2022-10-19T11:36:47","guid":{"rendered":"https:\/\/www.checkedholidays.com\/about-checkedholidays\/"},"modified":"2023-12-02T12:32:02","modified_gmt":"2023-12-02T12:32:02","slug":"about-checkedholidays","status":"publish","type":"page","link":"https:\/\/www.checkedholidays.com\/cs\/about-checkedholidays\/","title":{"rendered":"O spole\u010dnosti CheckedHolidays"},"content":{"rendered":"\n<p class=\"wp-block-paragraph\">Spole\u010dnost CheckedHolidays byla zalo\u017eena v roce 2012 pot\u00e9, co si na internetu v\u0161imla mnoha dezinformac\u00ed o dovolen\u00e9 na \u0161pan\u011blsk\u00fdch ostrovech. Tato dezinformace m\u011bla negativn\u00ed dopad na dovolenou, a proto jsme na YouTube nato\u010dili video, abychom tuto dezinformaci napravili. Pot\u00e9, co byl p\u0159evzat a uveden v \u010dasopise Express, dos\u00e1hl v\u00edce ne\u017e 100 000 div\u00e1k\u016f. Odtud jsme se inspirovali k dal\u0161\u00edm aktivit\u00e1m!<\/p>\n\n<p class=\"has-text-align-center has-large-font-size wp-block-paragraph\"><strong>Kontakt<\/strong><\/p>\n\n<p class=\"has-text-align-center has-large-font-size wp-block-paragraph\"><strong>info(at)CheckedHolidays.com<\/strong><\/p>\n\n<h2 class=\"wp-block-heading\">Webov\u00e9 str\u00e1nky<\/h2>\n\n<p class=\"wp-block-paragraph\">Rok 2019 byl prvn\u00edm cel\u00fdm rokem fungov\u00e1n\u00ed webov\u00fdch str\u00e1nek, kter\u00e9 ka\u017ed\u00fd m\u011bs\u00edc oslovily p\u0159ibli\u017en\u011b 1 000 \u010dten\u00e1\u0159\u016f. Nyn\u00ed, v roce 2022, je to v\u00edce ne\u017e 30 000 unik\u00e1tn\u00edch \u010dten\u00e1\u0159\u016f v angli\u010dtin\u011b ka\u017ed\u00fd m\u011bs\u00edc.  <\/p>\n\n<p class=\"wp-block-paragraph\">Od srpna 2022 jsou webov\u00e9 str\u00e1nky k dispozici ve v\u0161ech hlavn\u00edch evropsk\u00fdch jazyc\u00edch, \u010d\u00edm\u017e se po\u010det \u010dten\u00e1\u0159\u016f je\u0161t\u011b zrychlil.<\/p>\n\n<p class=\"wp-block-paragraph\">C\u00edlem t\u00e9to webov\u00e9 str\u00e1nky v roce 2023 je pomoci v\u00edce ne\u017e. <strong>\n  <span style=\"text-decoration: underline;\">P\u016eL MILI\u00d3NU<\/span>\n<\/strong> lid\u00ed za\u017e\u00edt lep\u0161\u00ed dovolenou!<\/p>\n\n<figure class=\"wp-block-image size-large\"><img data-recalc-dims=\"1\" loading=\"lazy\" decoding=\"async\" width=\"1024\" height=\"233\" src=\"https:\/\/i0.wp.com\/www.checkedholidays.com\/wp-content\/uploads\/2023\/01\/Screenshot-2023-01-28-at-20.09.55.png?resize=1024%2C233&#038;ssl=1\" alt=\"\" class=\"wp-image-37413\" srcset=\"https:\/\/i0.wp.com\/www.checkedholidays.com\/wp-content\/uploads\/2023\/01\/Screenshot-2023-01-28-at-20.09.55.png?resize=1024%2C233&amp;ssl=1 1024w, https:\/\/i0.wp.com\/www.checkedholidays.com\/wp-content\/uploads\/2023\/01\/Screenshot-2023-01-28-at-20.09.55.png?resize=300%2C68&amp;ssl=1 300w, https:\/\/i0.wp.com\/www.checkedholidays.com\/wp-content\/uploads\/2023\/01\/Screenshot-2023-01-28-at-20.09.55.png?resize=768%2C175&amp;ssl=1 768w, https:\/\/i0.wp.com\/www.checkedholidays.com\/wp-content\/uploads\/2023\/01\/Screenshot-2023-01-28-at-20.09.55.png?resize=1536%2C350&amp;ssl=1 1536w, https:\/\/i0.wp.com\/www.checkedholidays.com\/wp-content\/uploads\/2023\/01\/Screenshot-2023-01-28-at-20.09.55.png?resize=1920%2C437&amp;ssl=1 1920w, https:\/\/i0.wp.com\/www.checkedholidays.com\/wp-content\/uploads\/2023\/01\/Screenshot-2023-01-28-at-20.09.55.png?resize=600%2C137&amp;ssl=1 600w, https:\/\/i0.wp.com\/www.checkedholidays.com\/wp-content\/uploads\/2023\/01\/Screenshot-2023-01-28-at-20.09.55.png?resize=800%2C182&amp;ssl=1 800w, https:\/\/i0.wp.com\/www.checkedholidays.com\/wp-content\/uploads\/2023\/01\/Screenshot-2023-01-28-at-20.09.55.png?w=1968&amp;ssl=1 1968w\" sizes=\"auto, (max-width: 1024px) 100vw, 1024px\" \/><\/figure>\n\n<h2 class=\"wp-block-heading\">YouTube<\/h2>\n\n<p class=\"wp-block-paragraph\">Kan\u00e1l <a href=\"http:\/\/youtube.com\/checkedholidays\">YouTube<\/a> za\u010dal fungovat v roce 2012, ale dal\u0161\u00ed videa p\u0159ibyla a\u017e v roce 2015 a je\u0161t\u011b v\u00edce v roce 2018. Po velk\u00e9m poklesu sledovanosti v roce 2020, kter\u00fd byl zp\u016fsoben omezen\u00edm cestov\u00e1n\u00ed, m\u00e1 v sou\u010dasn\u00e9 dob\u011b v\u00edce ne\u017e 125 000 div\u00e1k\u016f m\u011bs\u00ed\u010dn\u011b a st\u00e1le roste.<\/p>\n\n<figure class=\"wp-block-image size-large\"><img data-recalc-dims=\"1\" loading=\"lazy\" decoding=\"async\" width=\"1024\" height=\"230\" src=\"https:\/\/i0.wp.com\/www.checkedholidays.com\/wp-content\/uploads\/2023\/01\/Screenshot-2023-01-28-at-20.14.02.png?resize=1024%2C230&#038;ssl=1\" alt=\"\" class=\"wp-image-37429\" srcset=\"https:\/\/i0.wp.com\/www.checkedholidays.com\/wp-content\/uploads\/2023\/01\/Screenshot-2023-01-28-at-20.14.02.png?resize=1024%2C230&amp;ssl=1 1024w, https:\/\/i0.wp.com\/www.checkedholidays.com\/wp-content\/uploads\/2023\/01\/Screenshot-2023-01-28-at-20.14.02.png?resize=300%2C67&amp;ssl=1 300w, https:\/\/i0.wp.com\/www.checkedholidays.com\/wp-content\/uploads\/2023\/01\/Screenshot-2023-01-28-at-20.14.02.png?resize=768%2C172&amp;ssl=1 768w, https:\/\/i0.wp.com\/www.checkedholidays.com\/wp-content\/uploads\/2023\/01\/Screenshot-2023-01-28-at-20.14.02.png?resize=1536%2C345&amp;ssl=1 1536w, https:\/\/i0.wp.com\/www.checkedholidays.com\/wp-content\/uploads\/2023\/01\/Screenshot-2023-01-28-at-20.14.02.png?resize=2048%2C460&amp;ssl=1 2048w, https:\/\/i0.wp.com\/www.checkedholidays.com\/wp-content\/uploads\/2023\/01\/Screenshot-2023-01-28-at-20.14.02.png?resize=1920%2C431&amp;ssl=1 1920w, https:\/\/i0.wp.com\/www.checkedholidays.com\/wp-content\/uploads\/2023\/01\/Screenshot-2023-01-28-at-20.14.02.png?resize=600%2C135&amp;ssl=1 600w, https:\/\/i0.wp.com\/www.checkedholidays.com\/wp-content\/uploads\/2023\/01\/Screenshot-2023-01-28-at-20.14.02.png?resize=800%2C180&amp;ssl=1 800w, https:\/\/i0.wp.com\/www.checkedholidays.com\/wp-content\/uploads\/2023\/01\/Screenshot-2023-01-28-at-20.14.02.png?w=2388&amp;ssl=1 2388w\" sizes=\"auto, (max-width: 1024px) 100vw, 1024px\" \/><\/figure>\n\n<h2 class=\"wp-block-heading\">Spolupr\u00e1ce a reklama<\/h2>\n\n<p class=\"wp-block-paragraph\">Na str\u00e1nk\u00e1ch CheckedHolidays.com se zab\u00fdv\u00e1me \u0161patn\u00fdmi a dobr\u00fdmi str\u00e1nkami pr\u00e1zdninov\u00fdch destinac\u00ed, abychom v\u00e1m poskytli ty nejlep\u0161\u00ed rady pro dovolenou. Je to jeden z d\u016fvod\u016f, pro\u010d se na\u0161e str\u00e1nky<strong> t\u011b\u0161\u00ed d\u016fv\u011b\u0159e a oblib\u011b st\u00e1le rostouc\u00edho po\u010dtu \u010dten\u00e1\u0159\u016f<\/strong>. Abychom i nad\u00e1le nab\u00edzeli kvalitn\u00ed a nez\u00e1visl\u00e9 poradenstv\u00ed v oblasti dovolen\u00e9, neprov\u00e1d\u00edme placenou propagaci produkt\u016f nebo slu\u017eeb, kter\u00fdm nev\u011b\u0159\u00edme. Pokud si v\u0161ak mysl\u00edte, \u017ee jsme v\u00e1\u0161 hotel, letovisko, atrakci, v\u00fdlet nebo slu\u017ebu p\u0159ehl\u00e9dli, a chcete, abychom je na webov\u00e9 str\u00e1nky bezplatn\u011b za\u0159adili. Kontaktujte n\u00e1s a po osobn\u00ed prohl\u00eddce m\u016f\u017eete b\u00fdt za\u0159azeni.<\/p>\n\n<p class=\"has-text-align-center has-large-font-size wp-block-paragraph\"><strong>Kontakt<\/strong><\/p>\n\n<p class=\"has-text-align-center has-large-font-size wp-block-paragraph\"><strong>info(at)CheckedHolidays.com<\/strong><\/p>\n","protected":false},"excerpt":{"rendered":"<p>Spole\u010dnost CheckedHolidays byla zalo\u017eena v roce 2012 pot\u00e9, co si na internetu v\u0161imla mnoha dezinformac\u00ed o dovolen\u00e9 na \u0161pan\u011blsk\u00fdch ostrovech. Tato dezinformace m\u011bla negativn\u00ed dopad na dovolenou, a proto jsme na YouTube nato\u010dili video, abychom tuto dezinformaci napravili. Pot\u00e9, co byl p\u0159evzat a uveden v \u010dasopise Express, dos\u00e1hl v\u00edce ne\u017e 100 000 div\u00e1k\u016f. Odtud jsme [&hellip;]<\/p>\n","protected":false},"author":1,"featured_media":27560,"parent":0,"menu_order":0,"comment_status":"closed","ping_status":"closed","template":"","meta":{"_crdt_document":"","footnotes":""},"class_list":["post-28942","page","type-page","status-publish","has-post-thumbnail","hentry"],"yoast_head":"<!-- This site is optimized with the Yoast SEO plugin v27.2 - https:\/\/yoast.com\/product\/yoast-seo-wordpress\/ -->\n<title>O spole\u010dnosti CheckedHolidays<\/title>\n<meta name=\"robots\" content=\"index, follow, max-snippet:-1, max-image-preview:large, max-video-preview:-1\" \/>\n<link rel=\"canonical\" href=\"https:\/\/www.checkedholidays.com\/cs\/about-checkedholidays\/\" \/>\n<meta property=\"og:locale\" content=\"cs_CZ\" \/>\n<meta property=\"og:type\" content=\"article\" \/>\n<meta property=\"og:title\" content=\"O spole\u010dnosti CheckedHolidays\" \/>\n<meta property=\"og:description\" content=\"Spole\u010dnost CheckedHolidays byla zalo\u017eena v roce 2012 pot\u00e9, co si na internetu v\u0161imla mnoha dezinformac\u00ed o dovolen\u00e9 na \u0161pan\u011blsk\u00fdch ostrovech. Tato dezinformace m\u011bla negativn\u00ed dopad na dovolenou, a proto jsme na YouTube nato\u010dili video, abychom tuto dezinformaci napravili. Pot\u00e9, co byl p\u0159evzat a uveden v \u010dasopise Express, dos\u00e1hl v\u00edce ne\u017e 100 000 div\u00e1k\u016f. Odtud jsme [&hellip;]\" \/>\n<meta property=\"og:url\" content=\"https:\/\/www.checkedholidays.com\/cs\/about-checkedholidays\/\" \/>\n<meta property=\"og:site_name\" content=\"CheckedHolidays\" \/>\n<meta property=\"article:publisher\" content=\"http:\/\/www.facebook.com\/checkedholidays\" \/>\n<meta property=\"article:modified_time\" content=\"2023-12-02T12:32:02+00:00\" \/>\n<meta property=\"og:image\" content=\"https:\/\/i0.wp.com\/www.checkedholidays.com\/wp-content\/uploads\/2022\/06\/Website-growth.png?fit=1874%2C452&ssl=1\" \/>\n\t<meta property=\"og:image:width\" content=\"1874\" \/>\n\t<meta property=\"og:image:height\" content=\"452\" \/>\n\t<meta property=\"og:image:type\" content=\"image\/png\" \/>\n<meta name=\"twitter:card\" content=\"summary_large_image\" \/>\n<meta name=\"twitter:site\" content=\"@checkedholidays\" \/>\n<meta name=\"twitter:label1\" content=\"Odhadovan\u00e1 doba \u010dten\u00ed\" \/>\n\t<meta name=\"twitter:data1\" content=\"2 minuty\" \/>\n<script type=\"application\/ld+json\" class=\"yoast-schema-graph\">{\"@context\":\"https:\/\/schema.org\",\"@graph\":[{\"@type\":\"WebPage\",\"@id\":\"https:\/\/www.checkedholidays.com\/cs\/about-checkedholidays\/\",\"url\":\"https:\/\/www.checkedholidays.com\/cs\/about-checkedholidays\/\",\"name\":\"O spole\u010dnosti CheckedHolidays\",\"isPartOf\":{\"@id\":\"https:\/\/www.checkedholidays.com\/cs\/#website\"},\"primaryImageOfPage\":{\"@id\":\"https:\/\/www.checkedholidays.com\/cs\/about-checkedholidays\/#primaryimage\"},\"image\":{\"@id\":\"https:\/\/www.checkedholidays.com\/cs\/about-checkedholidays\/#primaryimage\"},\"thumbnailUrl\":\"https:\/\/i0.wp.com\/www.checkedholidays.com\/wp-content\/uploads\/2022\/06\/Website-growth.png?fit=1874%2C452&ssl=1\",\"datePublished\":\"2022-10-19T11:36:47+00:00\",\"dateModified\":\"2023-12-02T12:32:02+00:00\",\"breadcrumb\":{\"@id\":\"https:\/\/www.checkedholidays.com\/cs\/about-checkedholidays\/#breadcrumb\"},\"inLanguage\":\"cs\",\"potentialAction\":[{\"@type\":\"ReadAction\",\"target\":[\"https:\/\/www.checkedholidays.com\/cs\/about-checkedholidays\/\"]}]},{\"@type\":\"ImageObject\",\"inLanguage\":\"cs\",\"@id\":\"https:\/\/www.checkedholidays.com\/cs\/about-checkedholidays\/#primaryimage\",\"url\":\"https:\/\/i0.wp.com\/www.checkedholidays.com\/wp-content\/uploads\/2022\/06\/Website-growth.png?fit=1874%2C452&ssl=1\",\"contentUrl\":\"https:\/\/i0.wp.com\/www.checkedholidays.com\/wp-content\/uploads\/2022\/06\/Website-growth.png?fit=1874%2C452&ssl=1\",\"width\":1874,\"height\":452},{\"@type\":\"BreadcrumbList\",\"@id\":\"https:\/\/www.checkedholidays.com\/cs\/about-checkedholidays\/#breadcrumb\",\"itemListElement\":[{\"@type\":\"ListItem\",\"position\":1,\"name\":\"Home\",\"item\":\"https:\/\/www.checkedholidays.com\/cs\/\"},{\"@type\":\"ListItem\",\"position\":2,\"name\":\"O spole\u010dnosti CheckedHolidays\"}]},{\"@type\":\"WebSite\",\"@id\":\"https:\/\/www.checkedholidays.com\/cs\/#website\",\"url\":\"https:\/\/www.checkedholidays.com\/cs\/\",\"name\":\"CheckedHolidays\",\"description\":\"Spanish island holidays... but better!\",\"potentialAction\":[{\"@type\":\"SearchAction\",\"target\":{\"@type\":\"EntryPoint\",\"urlTemplate\":\"https:\/\/www.checkedholidays.com\/cs\/?s={search_term_string}\"},\"query-input\":{\"@type\":\"PropertyValueSpecification\",\"valueRequired\":true,\"valueName\":\"search_term_string\"}}],\"inLanguage\":\"cs\"}]}<\/script>\n<!-- \/ Yoast SEO plugin. -->","yoast_head_json":{"title":"O spole\u010dnosti CheckedHolidays","robots":{"index":"index","follow":"follow","max-snippet":"max-snippet:-1","max-image-preview":"max-image-preview:large","max-video-preview":"max-video-preview:-1"},"canonical":"https:\/\/www.checkedholidays.com\/cs\/about-checkedholidays\/","og_locale":"cs_CZ","og_type":"article","og_title":"O spole\u010dnosti CheckedHolidays","og_description":"Spole\u010dnost CheckedHolidays byla zalo\u017eena v roce 2012 pot\u00e9, co si na internetu v\u0161imla mnoha dezinformac\u00ed o dovolen\u00e9 na \u0161pan\u011blsk\u00fdch ostrovech. Tato dezinformace m\u011bla negativn\u00ed dopad na dovolenou, a proto jsme na YouTube nato\u010dili video, abychom tuto dezinformaci napravili. Pot\u00e9, co byl p\u0159evzat a uveden v \u010dasopise Express, dos\u00e1hl v\u00edce ne\u017e 100 000 div\u00e1k\u016f. Odtud jsme [&hellip;]","og_url":"https:\/\/www.checkedholidays.com\/cs\/about-checkedholidays\/","og_site_name":"CheckedHolidays","article_publisher":"http:\/\/www.facebook.com\/checkedholidays","article_modified_time":"2023-12-02T12:32:02+00:00","og_image":[{"width":1874,"height":452,"url":"https:\/\/i0.wp.com\/www.checkedholidays.com\/wp-content\/uploads\/2022\/06\/Website-growth.png?fit=1874%2C452&ssl=1","type":"image\/png"}],"twitter_card":"summary_large_image","twitter_site":"@checkedholidays","twitter_misc":{"Odhadovan\u00e1 doba \u010dten\u00ed":"2 minuty"},"schema":{"@context":"https:\/\/schema.org","@graph":[{"@type":"WebPage","@id":"https:\/\/www.checkedholidays.com\/cs\/about-checkedholidays\/","url":"https:\/\/www.checkedholidays.com\/cs\/about-checkedholidays\/","name":"O spole\u010dnosti CheckedHolidays","isPartOf":{"@id":"https:\/\/www.checkedholidays.com\/cs\/#website"},"primaryImageOfPage":{"@id":"https:\/\/www.checkedholidays.com\/cs\/about-checkedholidays\/#primaryimage"},"image":{"@id":"https:\/\/www.checkedholidays.com\/cs\/about-checkedholidays\/#primaryimage"},"thumbnailUrl":"https:\/\/i0.wp.com\/www.checkedholidays.com\/wp-content\/uploads\/2022\/06\/Website-growth.png?fit=1874%2C452&ssl=1","datePublished":"2022-10-19T11:36:47+00:00","dateModified":"2023-12-02T12:32:02+00:00","breadcrumb":{"@id":"https:\/\/www.checkedholidays.com\/cs\/about-checkedholidays\/#breadcrumb"},"inLanguage":"cs","potentialAction":[{"@type":"ReadAction","target":["https:\/\/www.checkedholidays.com\/cs\/about-checkedholidays\/"]}]},{"@type":"ImageObject","inLanguage":"cs","@id":"https:\/\/www.checkedholidays.com\/cs\/about-checkedholidays\/#primaryimage","url":"https:\/\/i0.wp.com\/www.checkedholidays.com\/wp-content\/uploads\/2022\/06\/Website-growth.png?fit=1874%2C452&ssl=1","contentUrl":"https:\/\/i0.wp.com\/www.checkedholidays.com\/wp-content\/uploads\/2022\/06\/Website-growth.png?fit=1874%2C452&ssl=1","width":1874,"height":452},{"@type":"BreadcrumbList","@id":"https:\/\/www.checkedholidays.com\/cs\/about-checkedholidays\/#breadcrumb","itemListElement":[{"@type":"ListItem","position":1,"name":"Home","item":"https:\/\/www.checkedholidays.com\/cs\/"},{"@type":"ListItem","position":2,"name":"O spole\u010dnosti CheckedHolidays"}]},{"@type":"WebSite","@id":"https:\/\/www.checkedholidays.com\/cs\/#website","url":"https:\/\/www.checkedholidays.com\/cs\/","name":"CheckedHolidays","description":"Spanish island holidays... but better!","potentialAction":[{"@type":"SearchAction","target":{"@type":"EntryPoint","urlTemplate":"https:\/\/www.checkedholidays.com\/cs\/?s={search_term_string}"},"query-input":{"@type":"PropertyValueSpecification","valueRequired":true,"valueName":"search_term_string"}}],"inLanguage":"cs"}]}},"jetpack_sharing_enabled":true,"_links":{"self":[{"href":"https:\/\/www.checkedholidays.com\/cs\/wp-json\/wp\/v2\/pages\/28942","targetHints":{"allow":["GET"]}}],"collection":[{"href":"https:\/\/www.checkedholidays.com\/cs\/wp-json\/wp\/v2\/pages"}],"about":[{"href":"https:\/\/www.checkedholidays.com\/cs\/wp-json\/wp\/v2\/types\/page"}],"author":[{"embeddable":true,"href":"https:\/\/www.checkedholidays.com\/cs\/wp-json\/wp\/v2\/users\/1"}],"replies":[{"embeddable":true,"href":"https:\/\/www.checkedholidays.com\/cs\/wp-json\/wp\/v2\/comments?post=28942"}],"version-history":[{"count":5,"href":"https:\/\/www.checkedholidays.com\/cs\/wp-json\/wp\/v2\/pages\/28942\/revisions"}],"predecessor-version":[{"id":78400,"href":"https:\/\/www.checkedholidays.com\/cs\/wp-json\/wp\/v2\/pages\/28942\/revisions\/78400"}],"wp:featuredmedia":[{"embeddable":true,"href":"https:\/\/www.checkedholidays.com\/cs\/wp-json\/wp\/v2\/media\/27560"}],"wp:attachment":[{"href":"https:\/\/www.checkedholidays.com\/cs\/wp-json\/wp\/v2\/media?parent=28942"}],"curies":[{"name":"wp","href":"https:\/\/api.w.org\/{rel}","templated":true}]}}